{"id":8208,"date":"2021-11-19T10:16:34","date_gmt":"2021-11-19T09:16:34","guid":{"rendered":"https:\/\/www.upm.es\/recursosidi\/offers-resources\/sin%20categor\u00eda\/quimovox-quimovox-herramienta-de-sintesis-de-imagenes-quimograficas\/"},"modified":"2026-04-26T02:30:35","modified_gmt":"2026-04-26T00:30:35","slug":"quimovox-quimovox-herramienta-de-sintesis-de-imagenes-quimograficas","status":"publish","type":"product","link":"https:\/\/www.upm.es\/recursosidi\/offers-resources\/software\/quimovox-quimovox-herramienta-de-sintesis-de-imagenes-quimograficas\/","title":{"rendered":"(QuimoVox) &#8211; QuimoVox: \r\nHerramienta de s\u00edntesis de im\u00e1genes quimogr\u00e1ficas"},"content":{"rendered":"<h4><strong>Descripci\u00f3n del software <\/strong><\/h4>\n<p>QuimoVox tiene como principal objetivo ayudar a los profesionales m\u00e9dicos a detectar, y diagnosticar patolog\u00edas y disfunciones en las cuerdas vocales a partir de la representaci\u00f3n gr\u00e1fica de la onda mucosa. Se entiende por onda mucosa el patr\u00f3n de movimiento peri\u00f3dico que realizan las cuerdas vocales durante la fonaci\u00f3n.<br \/>\nPioneros en el desarrollo de aplicaciones enfocadas a la representaci\u00f3n y tratamiento gr\u00e1fico de la onda mucosa, fueron los investigadores del Departamento de foniatr\u00eda y pediatr\u00eda audiol\u00f3gica de la Universidad Friedrich-Alexander de Erlangen (Nuremberg). Sus m\u00faltiples trabajos han ido encaminados a la representaci\u00f3n directa, a partir de una secuencia de im\u00e1genes entregada por una c\u00e1mara digital de alta velocidad. QuimoVox es una aplicaci\u00f3n que permite la elaboraci\u00f3n de quimogramas, una de las formas de representaci\u00f3n de la onda mucosa, a partir de im\u00e1genes de v\u00eddeo convencional previamente registradas. Adem\u00e1s, la aplicaci\u00f3n ir\u00e1 equipada con distintas t\u00e9cnicas de tratamiento de imagen, que el doctor podr\u00e1 combinar a su gusto para mejorar la calidad de las im\u00e1genes disponibles.<br \/>\nLa conjunci\u00f3n de estos dos factores, permitir\u00e1 al m\u00e9dico \u00bfjugar\u00bf con los fotogramas para obtener quimogramas donde antes era imposible, debido a una mala calidad de las im\u00e1genes o a movimientos repentinos del paciente, que invalidaban la operaci\u00f3n.<br \/>\nActualmente, no existe ning\u00fan sistema comercial, que realice quimogramas a partir de v\u00eddeos estrobosc\u00f3picos grabados con anterioridad, y que permita al usuario escoger las operaciones de tratamiento de im\u00e1genes a aplicar sobre los fotogramas. Por el contrario, la mayor parte de sistemas aplican al v\u00eddeo una secuencia de operaciones predefinida, que hace imposible obtener quimogramas a partir de im\u00e1genes de baja calidad.<br \/>\nQuimoVox integra todas estas caracter\u00edsticas, convirti\u00e9ndose as\u00ed en una herramienta de especial inter\u00e9s para el profesional m\u00e9dico.<br \/>\nLos objetivos espec\u00edficos del sistema son:<br \/>\n1.\tRealizar la representaci\u00f3n gr\u00e1fica de la onda mucosa a partir de v\u00eddeos de las cuerdas vocales previamente grabados.<br \/>\n2.\tMejorar las representaciones obtenidas a partir de v\u00eddeos defectuosos o con una mala calidad de imagen aplicando t\u00e9cnicas de procesado digital de la imagen.<\/p>\n<h4><strong>Referencia<\/strong><\/h4>\n<p>M-1532\/2010<\/p>\n<div class=\"pdfprnt-buttons pdfprnt-buttons-product pdfprnt-bottom-left\"><a href=\"https:\/\/www.upm.es\/recursosidi\/wp-json\/wp\/v2\/product\/8208?print=pdf\" class=\"pdfprnt-button pdfprnt-button-pdf\" target=\"_blank\"><span class=\"pdfprnt-button-title pdfprnt-button-pdf-title\">Descargar ficha<\/span><\/a><\/div>","protected":false},"excerpt":{"rendered":"<p>Descripci\u00f3n del software QuimoVox tiene como principal objetivo ayudar a los profesionales m\u00e9dicos a detectar, y diagnosticar patolog\u00edas y disfunciones en las cuerdas vocales a&hellip;<\/p>\n","protected":false},"featured_media":0,"template":"","meta":{"_acf_changed":false},"product_cat":[3948],"product_tag":[],"comunidades-upm":[],"quien":[],"mapa":[{"term_id":122,"name":"Salud y bienestar","slug":"salud-y-bienestar","term_group":0,"term_taxonomy_id":122,"taxonomy":"mapa","description":"","parent":0,"count":105,"filter":"raw","term_order":"17"}],"disponibilidad":[],"donde":[{"term_id":636,"name":"Aplicaciones MultiMedia y Ac\u00fastica (GAMMA)","slug":"aplicaciones-multimedia-y-acustica-gamma","term_group":0,"term_taxonomy_id":636,"taxonomy":"donde","description":"","parent":0,"count":9,"filter":"raw","term_order":"0"},{"term_id":596,"name":"Centro de Investigaci\u00f3n en Tecnolog\u00edas del Software y Sistemas Multimedia para la Sostenibilidad (CITSEM)","slug":"centro-de-investigacion-en-tecnologias-del-software-y-sistemas-multimedia-para-la-sostenibilidad-citsem","term_group":0,"term_taxonomy_id":596,"taxonomy":"donde","description":"","parent":0,"count":11,"filter":"raw","term_order":"0"},{"term_id":670,"name":"Grupo de Investigaci\u00f3n en Bioingenier\u00eda y Optoelectr\u00f3nica","slug":"grupo-de-investigacion-en-bioingenieria-y-optoelectronica","term_group":0,"term_taxonomy_id":670,"taxonomy":"donde","description":"","parent":0,"count":4,"filter":"raw","term_order":"0"}],"infraestructura":[],"ods":[],"origen":[{"term_id":184,"name":"Software","slug":"software","term_group":0,"term_taxonomy_id":184,"taxonomy":"origen","description":"","parent":0,"count":133,"filter":"raw","term_order":"0"}],"familia_tax":false,"quien_tax":false,"donde_tax":false,"year":"","contacto":"<strong>Investigadores principales: <\/strong><ul><li>JUAN IGNACIO GODINO LLORENTE <blockquote><strong>ignacio.godino@upm.es<\/strong><\/blockquote><\/li><li>RUBEN FRAILE MU\u00d1OZ <blockquote><strong>r.fraile@upm.es<\/strong><\/blockquote><\/li><li>VICTOR JOSE OSMA RUIZ <blockquote><strong>v.osma@upm.es<\/strong><\/blockquote><\/li><li>JUANA MARIA GUTIERREZ ARRIOLA <blockquote><strong>juana.gutierrez.arriola@upm.es<\/strong><\/blockquote><\/li><\/ul><strong>Otros investigadores UPM: <\/strong><ul><li>Nicol\u00e1s S\u00e1enz Lech\u00f3n<\/li><\/ul>","telefono":"","pagina_web":"","email":"","id_ficha_portal":"493","video":"","adjuntos":false,"adjuntos_portal":"","inf":false,"departamento":"","acf":[],"lang":"es","translation":{"es":8208,"en":10651},"_links":{"self":[{"href":"https:\/\/www.upm.es\/recursosidi\/wp-json\/wp\/v2\/product\/8208"}],"collection":[{"href":"https:\/\/www.upm.es\/recursosidi\/wp-json\/wp\/v2\/product"}],"about":[{"href":"https:\/\/www.upm.es\/recursosidi\/wp-json\/wp\/v2\/types\/product"}],"wp:attachment":[{"href":"https:\/\/www.upm.es\/recursosidi\/wp-json\/wp\/v2\/media?parent=8208"}],"wp:term":[{"taxonomy":"product_cat","embeddable":true,"href":"https:\/\/www.upm.es\/recursosidi\/wp-json\/wp\/v2\/product_cat?post=8208"},{"taxonomy":"product_tag","embeddable":true,"href":"https:\/\/www.upm.es\/recursosidi\/wp-json\/wp\/v2\/product_tag?post=8208"},{"taxonomy":"comunidad_upm","embeddable":true,"href":"https:\/\/www.upm.es\/recursosidi\/wp-json\/wp\/v2\/comunidades-upm?post=8208"},{"taxonomy":"quien","embeddable":true,"href":"https:\/\/www.upm.es\/recursosidi\/wp-json\/wp\/v2\/quien?post=8208"},{"taxonomy":"mapa","embeddable":true,"href":"https:\/\/www.upm.es\/recursosidi\/wp-json\/wp\/v2\/mapa?post=8208"},{"taxonomy":"disponibilidad","embeddable":true,"href":"https:\/\/www.upm.es\/recursosidi\/wp-json\/wp\/v2\/disponibilidad?post=8208"},{"taxonomy":"donde","embeddable":true,"href":"https:\/\/www.upm.es\/recursosidi\/wp-json\/wp\/v2\/donde?post=8208"},{"taxonomy":"infraestructura","embeddable":true,"href":"https:\/\/www.upm.es\/recursosidi\/wp-json\/wp\/v2\/infraestructura?post=8208"},{"taxonomy":"ods","embeddable":true,"href":"https:\/\/www.upm.es\/recursosidi\/wp-json\/wp\/v2\/ods?post=8208"},{"taxonomy":"origen","embeddable":true,"href":"https:\/\/www.upm.es\/recursosidi\/wp-json\/wp\/v2\/origen?post=8208"}],"curies":[{"name":"wp","href":"https:\/\/api.w.org\/{rel}","templated":true}]}}