{"id":8211,"date":"2021-11-19T10:16:38","date_gmt":"2021-11-19T09:16:38","guid":{"rendered":"https:\/\/www.upm.es\/recursosidi\/offers-resources\/sin%20categor\u00eda\/agile-management-tool-amt-agile-management-tool-amt\/"},"modified":"2026-05-01T03:39:37","modified_gmt":"2026-05-01T01:39:37","slug":"agile-management-tool-amt-agile-management-tool-amt","status":"publish","type":"product","link":"https:\/\/www.upm.es\/recursosidi\/offers-resources\/software\/agile-management-tool-amt-agile-management-tool-amt\/","title":{"rendered":"(Agile Management Tool (AMT)) &#8211; Agile Management Tool (AMT)"},"content":{"rendered":"<h4><strong>Descripci\u00f3n del software <\/strong><\/h4>\n<p>1.\tDescripci\u00f3n del programa de ordenador<br \/>\nEl software se enmarca dentro de una realidad en la que lo \u00fanico constante es el cambio. La dificultad para adaptarse a este contexto de los enfoques convencionales ha dado paso a las metodolog\u00edas \u00e1giles, que a pesar de su car\u00e1cter emergente, gozan de una gran aceptaci\u00f3n en el mercado. Las metodolog\u00edas \u00e1giles crean valor para el cliente desde etapas tempranas del proyecto, otorg\u00e1ndole ventaja competitiva, permiten afrontar requisitos cambiantes y constituyen una inyecci\u00f3n de pragmatismo a la ingenier\u00eda del software.<\/p>\n<p>Agile Management Tool, en adelante referenciada como AMT, es una herramienta que da soporte a la gesti\u00f3n de proyectos bajo metodolog\u00edas \u00e1giles. Entre la funcionalidad soportada por AMT se encuentra: <\/p>\n<p>\u00bf Gesti\u00f3n de Historias de Usuario:<br \/>\nInformaci\u00f3n general de la Historia de Usuario<br \/>\nArchivos adjuntos<br \/>\nDescomposici\u00f3n en Tareas<br \/>\nIntroducci\u00f3n de criterios de aceptaci\u00f3n<br \/>\n\u00bf Gesti\u00f3n de Tareas<br \/>\nAsignaci\u00f3n de responsable<br \/>\nEstimaci\u00f3n de tarea<br \/>\nSoporte de la transici\u00f3n de estados<br \/>\nContabilizaci\u00f3n autom\u00e1tica del tiempo trabajado<br \/>\n\u00bf Gesti\u00f3n de Iteraciones<br \/>\nPlanificaci\u00f3n de iteraciones<br \/>\nCreaci\u00f3n del Iteration Backlog<br \/>\n\u00bf Gesti\u00f3n de proyectos<br \/>\nCreaci\u00f3n del Product Backlog<br \/>\n\u00bf Gesti\u00f3n de agenda personal<br \/>\n\u00bf Uso compartido de ficheros<br \/>\n\u00bf Comunicaci\u00f3n mediante mensajer\u00eda instant\u00e1nea.<br \/>\n\u00bf Configuraci\u00f3n del idioma del sistema.<\/p>\n<p>La arquitectura de AMT, est\u00e1 distribuida en tres capas y dos niveles. La maquina \u00bfServidorAMT\u00bf contiene la capa de datos. Las maquinas \u00bfClienteAMT\u00bf contienen las capas de negocio y usuario. Esta soluci\u00f3n permite a varios clientes trabajar simult\u00e1neamente sobre un mismo proyecto sin importar su ubicaci\u00f3n f\u00edsica.<\/p>\n<p>La comunicaci\u00f3n entre el Cliente AMT y el Servidor AMT se lleva a cabo con RMI (Remote Method Invocation). RMI es un mecanismo ofrecido en java para invocar m\u00e9todos remotamente. <\/p>\n<p>El acceso a la base de datos se realiza mediante JDBC (Java Data Base Connectivity). <\/p>\n<p>2.\tEl lenguaje de programaci\u00f3n<br \/>\nLa herramienta AMT se ha implementado mediante el lenguaje de programaci\u00f3n Java, y en concreto se ha utilizado el compilador JDK versi\u00f3n 1.6.4.<\/p>\n<p>3.\tEl entorno operativo<br \/>\nEl sistema se compone de dos elementos claramente diferenciados. Por un lado se encuentra el AMTClient, que deber\u00e1 ejecutarse sobre sistemas operativos Windows XP o Windows Vista y por otro lado AMTServer que podr\u00e1 ejecutarse sobre un sistema tipo UNIX, Windows \u00f3 Solaris.<\/p>\n<p>El Gestor de bases de datos utilizado es MySQL v5.0.<\/p>\n<h4><strong>Referencia<\/strong><\/h4>\n<p>M-001184\/2009<\/p>\n<div class=\"pdfprnt-buttons pdfprnt-buttons-product pdfprnt-bottom-left\"><a href=\"https:\/\/www.upm.es\/recursosidi\/wp-json\/wp\/v2\/product\/8211?print=pdf\" class=\"pdfprnt-button pdfprnt-button-pdf\" target=\"_blank\"><span class=\"pdfprnt-button-title pdfprnt-button-pdf-title\">Descargar ficha<\/span><\/a><\/div>","protected":false},"excerpt":{"rendered":"<p>Descripci\u00f3n del software 1. Descripci\u00f3n del programa de ordenador El software se enmarca dentro de una realidad en la que lo \u00fanico constante es el&hellip;<\/p>\n","protected":false},"featured_media":0,"template":"","meta":{"_acf_changed":false},"product_cat":[3948],"product_tag":[],"comunidades-upm":[],"quien":[],"mapa":[{"term_id":126,"name":"Tecnolog\u00edas digitales, Inteligencia Artificial, ciberseguridad, 5G, rob\u00f3tica","slug":"tecnologias_digitales-ai-ciberseguridad-5g-robotica","term_group":0,"term_taxonomy_id":126,"taxonomy":"mapa","description":"","parent":0,"count":194,"filter":"raw","term_order":"23"}],"disponibilidad":[],"donde":[{"term_id":42,"name":"UPM","slug":"upm","term_group":0,"term_taxonomy_id":42,"taxonomy":"donde","description":"Universidad Polit\u00e9cnica de Madrid\r\nHTML \"Lorem ipsum dolor sit amet, consectetur adipiscing elit, sed do eiusmod tempor incididunt ut labore et dolore magna aliqua. Ut enim ad minim veniam, quis nostrud exercitation ullamco laboris nisi ut aliquip ex ea commodo consequat. Duis aute irure dolor in reprehenderit in voluptate velit esse cillum dolore eu fugiat nulla pariatur. Excepteur sint occaecat cupidatat non proident, sunt in culpa qui officia deserunt mollit anim id est laborum.\"","parent":0,"count":146,"filter":"raw","term_order":"0"}],"infraestructura":[],"ods":[],"origen":[{"term_id":184,"name":"Software","slug":"software","term_group":0,"term_taxonomy_id":184,"taxonomy":"origen","description":"","parent":0,"count":133,"filter":"raw","term_order":"0"}],"familia_tax":false,"quien_tax":false,"donde_tax":false,"year":"","contacto":"<strong>Investigadores principales: <\/strong><ul><li>PEDRO PABLO ALARCON CAVERO <blockquote><strong>pedropablo.alarcon@upm.es<\/strong><\/blockquote><\/li><\/ul><strong>Otros investigadores UPM: <\/strong><ul><li>Gema Rueda Montenegro, Arturo G\u00f3mez del Castillo<\/li><\/ul>","telefono":"","pagina_web":"","email":"","id_ficha_portal":"328","video":"","adjuntos":false,"adjuntos_portal":"","inf":false,"departamento":"","acf":[],"lang":"es","translation":{"es":8211,"en":10652},"_links":{"self":[{"href":"https:\/\/www.upm.es\/recursosidi\/wp-json\/wp\/v2\/product\/8211"}],"collection":[{"href":"https:\/\/www.upm.es\/recursosidi\/wp-json\/wp\/v2\/product"}],"about":[{"href":"https:\/\/www.upm.es\/recursosidi\/wp-json\/wp\/v2\/types\/product"}],"wp:attachment":[{"href":"https:\/\/www.upm.es\/recursosidi\/wp-json\/wp\/v2\/media?parent=8211"}],"wp:term":[{"taxonomy":"product_cat","embeddable":true,"href":"https:\/\/www.upm.es\/recursosidi\/wp-json\/wp\/v2\/product_cat?post=8211"},{"taxonomy":"product_tag","embeddable":true,"href":"https:\/\/www.upm.es\/recursosidi\/wp-json\/wp\/v2\/product_tag?post=8211"},{"taxonomy":"comunidad_upm","embeddable":true,"href":"https:\/\/www.upm.es\/recursosidi\/wp-json\/wp\/v2\/comunidades-upm?post=8211"},{"taxonomy":"quien","embeddable":true,"href":"https:\/\/www.upm.es\/recursosidi\/wp-json\/wp\/v2\/quien?post=8211"},{"taxonomy":"mapa","embeddable":true,"href":"https:\/\/www.upm.es\/recursosidi\/wp-json\/wp\/v2\/mapa?post=8211"},{"taxonomy":"disponibilidad","embeddable":true,"href":"https:\/\/www.upm.es\/recursosidi\/wp-json\/wp\/v2\/disponibilidad?post=8211"},{"taxonomy":"donde","embeddable":true,"href":"https:\/\/www.upm.es\/recursosidi\/wp-json\/wp\/v2\/donde?post=8211"},{"taxonomy":"infraestructura","embeddable":true,"href":"https:\/\/www.upm.es\/recursosidi\/wp-json\/wp\/v2\/infraestructura?post=8211"},{"taxonomy":"ods","embeddable":true,"href":"https:\/\/www.upm.es\/recursosidi\/wp-json\/wp\/v2\/ods?post=8211"},{"taxonomy":"origen","embeddable":true,"href":"https:\/\/www.upm.es\/recursosidi\/wp-json\/wp\/v2\/origen?post=8211"}],"curies":[{"name":"wp","href":"https:\/\/api.w.org\/{rel}","templated":true}]}}