{"id":8214,"date":"2021-11-19T10:16:42","date_gmt":"2021-11-19T09:16:42","guid":{"rendered":"https:\/\/www.upm.es\/recursosidi\/offers-resources\/sin%20categor\u00eda\/qkd-cascade-qkd-cascade\/"},"modified":"2026-04-23T02:53:48","modified_gmt":"2026-04-23T00:53:48","slug":"qkd-cascade-qkd-cascade","status":"publish","type":"product","link":"https:\/\/www.upm.es\/recursosidi\/offers-resources\/software\/qkd-cascade-qkd-cascade\/","title":{"rendered":"(QKD-Cascade) &#8211; QKD-Cascade"},"content":{"rendered":"<h4><strong>Descripci\u00f3n del software <\/strong><\/h4>\n<p>El presente programa, QKD-Cascade, implementa el protocolo Cascade utilizado en la capa de correcci\u00f3n de errores de los sistemas de distribuci\u00f3n cu\u00e1ntica de claves (QKD en adelante). El protocolo, definido en &#8220;Secret-key reconciliation by public discussion&#8221; LNCS 765, permite corregir una cadena de bits intercambiada entre dos extremos de una comunicaci\u00f3n. Esa cadena de bits es lo que conocemos como clave en un sistema QKD, y los extremos (o interlocutores) son referidos como Alice y Bob.<br \/>\nLa caracter\u00edstica principal del protocolo Cascade es que permite .corregir un porcentaje de error elevado (como es el caso en los sistemas QKD donde podemos encontrar probabilidades de error que pueden oscilar entre el 2% y el 8%), al mismo tiempo que intenta minimizar la cantidad de informaci\u00f3n (bits de paridad) proporcionada para realizar la correcci\u00f3n.<\/p>\n<h4><strong>Referencia<\/strong><\/h4>\n<p>M-008489\/2009<\/p>\n<div class=\"pdfprnt-buttons pdfprnt-buttons-product pdfprnt-bottom-left\"><a href=\"https:\/\/www.upm.es\/recursosidi\/wp-json\/wp\/v2\/product\/8214?print=pdf\" class=\"pdfprnt-button pdfprnt-button-pdf\" target=\"_blank\"><span class=\"pdfprnt-button-title pdfprnt-button-pdf-title\">Descargar ficha<\/span><\/a><\/div>","protected":false},"excerpt":{"rendered":"<p>Descripci\u00f3n del software El presente programa, QKD-Cascade, implementa el protocolo Cascade utilizado en la capa de correcci\u00f3n de errores de los sistemas de distribuci\u00f3n cu\u00e1ntica&hellip;<\/p>\n","protected":false},"featured_media":0,"template":"","meta":{"_acf_changed":false},"product_cat":[3948],"product_tag":[],"comunidades-upm":[],"quien":[],"mapa":[{"term_id":126,"name":"Tecnolog\u00edas digitales, Inteligencia Artificial, ciberseguridad, 5G, rob\u00f3tica","slug":"tecnologias_digitales-ai-ciberseguridad-5g-robotica","term_group":0,"term_taxonomy_id":126,"taxonomy":"mapa","description":"","parent":0,"count":194,"filter":"raw","term_order":"23"}],"disponibilidad":[],"donde":[{"term_id":618,"name":"Centro de Investigaci\u00f3n en Simulaci\u00f3n Computacional (CCS)","slug":"centro-de-investigacion-en-simulacion-computacional-ccs","term_group":0,"term_taxonomy_id":618,"taxonomy":"donde","description":"","parent":0,"count":27,"filter":"raw","term_order":"0"},{"term_id":516,"name":"Grupo de investigaci\u00f3n en Informaci\u00f3n y Computaci\u00f3n Cu\u00e1ntica (GIICC)","slug":"grupo-de-investigacion-en-informacion-y-computacion-cuantica-giicc","term_group":0,"term_taxonomy_id":516,"taxonomy":"donde","description":"El grupo es experto en la distribuci&oacute;n cu&aacute;ntica de claves (QKD). En particular, en la integraci&oacute;n de sistemas QKD en redes &oacute;pticas comerciales, as&iacute; como en el post-procesado o destilaci&oacute;n de clave secreta en QKD. Y participa en el proceso de estandarizaci&oacute;n de la QKD llevado a cabo por el Instituto Europeo de Est&aacute;ndares de Telecomunicaci&oacute;n (ETSI).\n&nbsp;\nEl grupo tambi&eacute;n es experto en t&eacute;cnicas de computaci&oacute;n de alto rendimiento, en especial aquellas aplicadas a procesos f&iacute;sicos y su an&aacute;lisis a trav&eacute;s de t&eacute;cnicas de visualizaci&oacute;n.\n&nbsp;\nLlevamos a cabo nuestro trabajo en base a las siguientes l&iacute;neas de investigaci&oacute;n:\n\nSimulaci&oacute;n de Sistemas Cu&aacute;nticos Mesosc&oacute;picos\nInformaci&oacute;n y Computaci&oacute;n Cu&aacute;nticas\nComputaci&oacute;n de alto rendimiento\n","parent":0,"count":9,"filter":"raw","term_order":"0"}],"infraestructura":[],"ods":[],"origen":[{"term_id":184,"name":"Software","slug":"software","term_group":0,"term_taxonomy_id":184,"taxonomy":"origen","description":"","parent":0,"count":133,"filter":"raw","term_order":"0"}],"familia_tax":false,"quien_tax":false,"donde_tax":false,"year":"","contacto":"<strong>Investigadores principales: <\/strong><ul><li>VICENTE MARTIN AYUSO <blockquote><strong>vicente.martin@upm.es<\/strong><\/blockquote><\/li><\/ul><strong>Otros investigadores UPM: <\/strong><ul><li>Jes\u00fas Mart\u00ednez Mateo<\/li><li>David Elkouss Coronas<\/li><\/ul>","telefono":"","pagina_web":"","email":"","id_ficha_portal":"466","video":"","adjuntos":false,"adjuntos_portal":"","inf":false,"departamento":"","acf":[],"lang":"es","translation":{"es":8214,"en":10654},"_links":{"self":[{"href":"https:\/\/www.upm.es\/recursosidi\/wp-json\/wp\/v2\/product\/8214"}],"collection":[{"href":"https:\/\/www.upm.es\/recursosidi\/wp-json\/wp\/v2\/product"}],"about":[{"href":"https:\/\/www.upm.es\/recursosidi\/wp-json\/wp\/v2\/types\/product"}],"wp:attachment":[{"href":"https:\/\/www.upm.es\/recursosidi\/wp-json\/wp\/v2\/media?parent=8214"}],"wp:term":[{"taxonomy":"product_cat","embeddable":true,"href":"https:\/\/www.upm.es\/recursosidi\/wp-json\/wp\/v2\/product_cat?post=8214"},{"taxonomy":"product_tag","embeddable":true,"href":"https:\/\/www.upm.es\/recursosidi\/wp-json\/wp\/v2\/product_tag?post=8214"},{"taxonomy":"comunidad_upm","embeddable":true,"href":"https:\/\/www.upm.es\/recursosidi\/wp-json\/wp\/v2\/comunidades-upm?post=8214"},{"taxonomy":"quien","embeddable":true,"href":"https:\/\/www.upm.es\/recursosidi\/wp-json\/wp\/v2\/quien?post=8214"},{"taxonomy":"mapa","embeddable":true,"href":"https:\/\/www.upm.es\/recursosidi\/wp-json\/wp\/v2\/mapa?post=8214"},{"taxonomy":"disponibilidad","embeddable":true,"href":"https:\/\/www.upm.es\/recursosidi\/wp-json\/wp\/v2\/disponibilidad?post=8214"},{"taxonomy":"donde","embeddable":true,"href":"https:\/\/www.upm.es\/recursosidi\/wp-json\/wp\/v2\/donde?post=8214"},{"taxonomy":"infraestructura","embeddable":true,"href":"https:\/\/www.upm.es\/recursosidi\/wp-json\/wp\/v2\/infraestructura?post=8214"},{"taxonomy":"ods","embeddable":true,"href":"https:\/\/www.upm.es\/recursosidi\/wp-json\/wp\/v2\/ods?post=8214"},{"taxonomy":"origen","embeddable":true,"href":"https:\/\/www.upm.es\/recursosidi\/wp-json\/wp\/v2\/origen?post=8214"}],"curies":[{"name":"wp","href":"https:\/\/api.w.org\/{rel}","templated":true}]}}