{"id":8216,"date":"2021-11-19T10:16:45","date_gmt":"2021-11-19T09:16:45","guid":{"rendered":"https:\/\/www.upm.es\/recursosidi\/offers-resources\/sin%20categor\u00eda\/ontologia-de-modelado-del-estudiante-ontologia-de-modelado-del-estudiante\/"},"modified":"2023-11-28T02:31:07","modified_gmt":"2023-11-28T01:31:07","slug":"ontologia-de-modelado-del-estudiante-ontologia-de-modelado-del-estudiante","status":"publish","type":"product","link":"https:\/\/www.upm.es\/recursosidi\/offers-resources\/software\/ontologia-de-modelado-del-estudiante-ontologia-de-modelado-del-estudiante\/","title":{"rendered":"(Ontolog\u00eda de Modelado del Estudiante) &#8211; Ontolog\u00eda de Modelado del Estudiante"},"content":{"rendered":"<h4><strong>Descripci\u00f3n del software <\/strong><\/h4>\n<p>La Ontolog\u00eda de Modelado del Estudiante descrita en este documento representa los diversos tipos de conocimientos del estudiante que se consideran necesarios para modelar adecuadamente al estudiante en un Sistema Inteligente de Tutor\u00eda (SIT) y que permitir\u00e1n un aprendizaje adaptativo, que se adecue a las caracter\u00edsticas individuales de cada alumno. Esta ontolog\u00eda ha sido dise\u00f1ada con vistas a ser utilizada en la ense\u00f1anza de procedimientos, por ejemplo, en el aprendizaje de actividades referentes a una interfaz gr\u00e1fica de usuario o en Entornos Virtuales de Aprendizaje para Entrenamiento de tipo procedimental. En ambos tipos de Entornos de Entrenamiento\/Formaci\u00f3n existe un plan de actuaci\u00f3n o secuencia de acciones que el estudiante debe realizar para finalizar una tarea con \u00e9xito.<\/p>\n<p>La ontolog\u00eda presentada est\u00e1 expresada en el lenguaje de definici\u00f3n de ontolog\u00edas OWL1 y ha sido desarrollada utilizando las herramientas de ingenier\u00eda ontol\u00f3gica Prot\u00e9g\u00e92 y TopBraid Composer3. La ontolog\u00eda est\u00e1 compuesta por las siguientes ontolog\u00edas modulares:<\/p>\n<p>\u00bf Student Information Ontology (almacenada en el archivo student_information.owl). Esta ontolog\u00eda representa la informaci\u00f3n espec\u00edfica de cada estudiante.<br \/>\n\u00bf Student Profile Ontology (almacenada en el archivo student_profile.owl). Esta ontolog\u00eda representa la informaci\u00f3n personal de un estudiante: datos personales, caracter\u00edsticas f\u00edsicas y psicol\u00f3gicas, preferencias de interacci\u00f3n, preferencias de estilos de aprendizaje, rasgos de personalidad, etc.<br \/>\n\u00bf Learning Objective Ontology (almacenada en el archivo learning_objective.owl). Esta ontolog\u00eda posibilita la especificaci\u00f3n de objetivos en varios dominios (afectivo, psicomotor y cognitivo) y con diferentes niveles de abstracci\u00f3n (objetivos de mayor nivel de abstracci\u00f3n o did\u00e1cticos y objetivos de menor nivel de abstracci\u00f3n u objetivos espec\u00edficos).<br \/>\n\u00bf Knowledge Object Ontology (almacenada en el archivo knowledge_object.owl). Esta ontolog\u00eda describe los principales tipos de elementos de conocimiento que se pueden aprender en una determinada actividad educativa. Los objetos de aprendizaje se han clasificado en objetos que describen conocimiento estructural y objetos que describen un conocimiento procedimental.<br \/>\n\u00bf Student State Ontology (almacenada en el archivo student_state.owl). Esta ontolog\u00eda describe el conocimiento actual del estudiante, su actuaci\u00f3n acumulada (respecto a la ejecuci\u00f3n de sesiones, actividades, acciones y cumplimiento de sus precondiciones asociadas), su estado pedag\u00f3gico (grado de realizaci\u00f3n del plan de aprendizaje, cursos, actividades, etc.), el estado actual de los objetivos de aprendizaje, su estado emocional, el estado de las capacidades generales y competencias del estudiante (nivel de atenci\u00f3n, de memoria, etc.).<br \/>\n\u00bf Student Trace Ontology (almacenada en el archivo student_trace.owl). Esta ontolog\u00eda contiene un registro detallado del comportamiento del estudiante durante una sesi\u00f3n de aprendizaje. A partir de este registro se obtienen ciertas informaciones acumulativas en la ontolog\u00eda Student State Ontology.<br \/>\n\u00bf Student Monitoring Ontology (almacenada en el archivo student_monitoring.owl). Esta ontolog\u00eda describe las caracter\u00edsticas relativas al procedimiento de seguimiento de ciertas variables durante el aprendizaje del estudiante tales como la mirada del estudiante, su posici\u00f3n, etc. La ontolog\u00eda permite la definici\u00f3n, por ejemplo, de la frecuencia de muestreo de estas variables durante el aprendizaje.<\/p>\n<h4><strong>Referencia<\/strong><\/h4>\n<p>M-008801\/2009<\/p>\n<div class=\"pdfprnt-buttons pdfprnt-buttons-product pdfprnt-bottom-left\"><a href=\"https:\/\/www.upm.es\/recursosidi\/wp-json\/wp\/v2\/product\/8216?print=pdf\" class=\"pdfprnt-button pdfprnt-button-pdf\" target=\"_blank\"><span class=\"pdfprnt-button-title pdfprnt-button-pdf-title\">Descargar ficha<\/span><\/a><\/div>","protected":false},"excerpt":{"rendered":"<p>Descripci\u00f3n del software La Ontolog\u00eda de Modelado del Estudiante descrita en este documento representa los diversos tipos de conocimientos del estudiante que se consideran necesarios&hellip;<\/p>\n","protected":false},"featured_media":0,"template":"","meta":{"_acf_changed":false},"product_cat":[3948],"product_tag":[],"comunidades-upm":[],"quien":[],"mapa":[{"term_id":141,"name":"Innovaci\u00f3n Social, Ciencia Abierta, Gobernanza, y Ciencias de la Educaci\u00f3n","slug":"innovacion_social-ciencia_abierta-gobernanza-ciencia-educacion","term_group":0,"term_taxonomy_id":141,"taxonomy":"mapa","description":"","parent":0,"count":14,"filter":"raw","term_order":"15"},{"term_id":126,"name":"Tecnolog\u00edas digitales, Inteligencia Artificial, ciberseguridad, 5G, rob\u00f3tica","slug":"tecnologias_digitales-ai-ciberseguridad-5g-robotica","term_group":0,"term_taxonomy_id":126,"taxonomy":"mapa","description":"","parent":0,"count":194,"filter":"raw","term_order":"23"}],"disponibilidad":[],"donde":[{"term_id":556,"name":"Centro de Tecnolog\u00eda Biom\u00e9dica (CTB)","slug":"centro-de-tecnologia-biomedica-ctb","term_group":0,"term_taxonomy_id":556,"taxonomy":"donde","description":"","parent":0,"count":84,"filter":"raw","term_order":"0"},{"term_id":630,"name":"Interacci\u00f3n Persona Ordenador y Sistemas Interactivos Avanzados","slug":"interaccion-persona-ordenador-y-sistemas-interactivos-avanzados","term_group":0,"term_taxonomy_id":630,"taxonomy":"donde","description":"","parent":0,"count":1,"filter":"raw","term_order":"0"}],"infraestructura":[],"ods":[],"origen":[{"term_id":184,"name":"Software","slug":"software","term_group":0,"term_taxonomy_id":184,"taxonomy":"origen","description":"","parent":0,"count":133,"filter":"raw","term_order":"0"}],"familia_tax":false,"quien_tax":false,"donde_tax":false,"year":"","contacto":"<strong>Investigadores principales: <\/strong><ul><li>ANGELICA DE ANTONIO JIMENEZ <blockquote><strong>angelica.deantonio@upm.es<\/strong><\/blockquote><\/li><li>JAIME RAMIREZ RODRIGUEZ <blockquote><strong>jaime.ramirez@upm.es<\/strong><\/blockquote><\/li><\/ul><strong>Otros investigadores UPM: <\/strong><ul><li>Julia Clemente P\u00e1rraga<\/li><\/ul>","telefono":"","pagina_web":"","email":"","id_ficha_portal":"489","video":"","adjuntos":false,"adjuntos_portal":"","inf":false,"departamento":"","acf":[],"lang":"es","translation":{"es":8216,"en":10770},"_links":{"self":[{"href":"https:\/\/www.upm.es\/recursosidi\/wp-json\/wp\/v2\/product\/8216"}],"collection":[{"href":"https:\/\/www.upm.es\/recursosidi\/wp-json\/wp\/v2\/product"}],"about":[{"href":"https:\/\/www.upm.es\/recursosidi\/wp-json\/wp\/v2\/types\/product"}],"wp:attachment":[{"href":"https:\/\/www.upm.es\/recursosidi\/wp-json\/wp\/v2\/media?parent=8216"}],"wp:term":[{"taxonomy":"product_cat","embeddable":true,"href":"https:\/\/www.upm.es\/recursosidi\/wp-json\/wp\/v2\/product_cat?post=8216"},{"taxonomy":"product_tag","embeddable":true,"href":"https:\/\/www.upm.es\/recursosidi\/wp-json\/wp\/v2\/product_tag?post=8216"},{"taxonomy":"comunidad_upm","embeddable":true,"href":"https:\/\/www.upm.es\/recursosidi\/wp-json\/wp\/v2\/comunidades-upm?post=8216"},{"taxonomy":"quien","embeddable":true,"href":"https:\/\/www.upm.es\/recursosidi\/wp-json\/wp\/v2\/quien?post=8216"},{"taxonomy":"mapa","embeddable":true,"href":"https:\/\/www.upm.es\/recursosidi\/wp-json\/wp\/v2\/mapa?post=8216"},{"taxonomy":"disponibilidad","embeddable":true,"href":"https:\/\/www.upm.es\/recursosidi\/wp-json\/wp\/v2\/disponibilidad?post=8216"},{"taxonomy":"donde","embeddable":true,"href":"https:\/\/www.upm.es\/recursosidi\/wp-json\/wp\/v2\/donde?post=8216"},{"taxonomy":"infraestructura","embeddable":true,"href":"https:\/\/www.upm.es\/recursosidi\/wp-json\/wp\/v2\/infraestructura?post=8216"},{"taxonomy":"ods","embeddable":true,"href":"https:\/\/www.upm.es\/recursosidi\/wp-json\/wp\/v2\/ods?post=8216"},{"taxonomy":"origen","embeddable":true,"href":"https:\/\/www.upm.es\/recursosidi\/wp-json\/wp\/v2\/origen?post=8216"}],"curies":[{"name":"wp","href":"https:\/\/api.w.org\/{rel}","templated":true}]}}