{"id":8226,"date":"2021-11-19T10:16:58","date_gmt":"2021-11-19T09:16:58","guid":{"rendered":"https:\/\/www.upm.es\/recursosidi\/offers-resources\/sin categor\u00eda\/modulo-de-comunicaciones-entre-servidor-y-terminales-moviles-en-unsistema-de-medida-de-consumos-de-audiencia-de-tv-y-de-realizacion-deencuestas-mediante-un-panel-de-usuarios\/"},"modified":"2026-04-21T03:41:14","modified_gmt":"2026-04-21T01:41:14","slug":"modulo-de-comunicaciones-entre-servidor-y-terminales-moviles-en-unsistema-de-medida-de-consumos-de-audiencia-de-tv-y-de-realizacion-deencuestas-mediante-un-panel-de-usuarios","status":"publish","type":"product","link":"https:\/\/www.upm.es\/recursosidi\/offers-resources\/software\/modulo-de-comunicaciones-entre-servidor-y-terminales-moviles-en-unsistema-de-medida-de-consumos-de-audiencia-de-tv-y-de-realizacion-deencuestas-mediante-un-panel-de-usuarios\/","title":{"rendered":"M\u00f3dulo de comunicaciones entre servidor y terminales m\u00f3viles en un\r\nsistema de medida de consumos de audiencia de TV y de realizaci\u00f3n de\r\nencuestas mediante un panel de usuarios"},"content":{"rendered":"<h4><strong>Descripci\u00f3n del software <\/strong><\/h4>\n<p>Una de las principales funcionalidades que incorpora el sistema es la posibilidad<br \/>\nde realizar encuestas a los panelistas a trav\u00e9s del propio dispositivo m\u00f3vil (o a<br \/>\ntrav\u00e9s de Internet), con los correspondientes incentivos. Adem\u00e1s, aporta la<br \/>\nnovedad de emular el comportamiento del mando a distancia mediante el<br \/>\ntel\u00e9fono m\u00f3vil y de hacer as\u00ed la medida de audiencia.<\/p>\n<h4><strong>Referencia<\/strong><\/h4>\n<p>M-7555\/2010<\/p>\n<div class=\"pdfprnt-buttons pdfprnt-buttons-product pdfprnt-bottom-left\"><a href=\"https:\/\/www.upm.es\/recursosidi\/wp-json\/wp\/v2\/product\/8226?print=pdf\" class=\"pdfprnt-button pdfprnt-button-pdf\" target=\"_blank\"><span class=\"pdfprnt-button-title pdfprnt-button-pdf-title\">Descargar ficha<\/span><\/a><\/div>","protected":false},"excerpt":{"rendered":"<p>Descripci\u00f3n del software Una de las principales funcionalidades que incorpora el sistema es la posibilidad de realizar encuestas a los panelistas a trav\u00e9s del propio&hellip;<\/p>\n","protected":false},"featured_media":0,"template":"","meta":{"_acf_changed":false},"product_cat":[3948],"product_tag":[],"comunidades-upm":[],"quien":[],"mapa":[],"disponibilidad":[],"donde":[{"term_id":466,"name":"Grupo de Aplicaci\u00f3n de Telecomunicaciones Visuales (GATV)","slug":"grupo-de-aplicacion-de-telecomunicaciones-visuales-gatv","term_group":0,"term_taxonomy_id":466,"taxonomy":"donde","description":"Las principales <strong>l&iacute;neas de investigaci&oacute;n<\/strong> llevadas a cabo por el grupo son:\n&nbsp;\n\nComunicaciones Visuales\nVisi&oacute;n Artificial\nSistemas de telecomunicaci&oacute;n y teledetecci&oacute;n\nGesti&oacute;n y producci&oacute;n de media en red\nTelevisi&oacute;n digital\nAplicaciones del procesado de se&ntilde;al y comunicaciones en Sistemas Inteligentes de Transporte (Intelligent Transportation Systems - ITS)\nCodificaci&oacute;n y procesado digital de v&iacute;deo\nMedici&oacute;n de audiencias en tecnolog&iacute;as emergentes de transmisi&oacute;n de v&iacute;deo\nInteractividad (HbbTV) y accesibilidad a los medios audiovisualesIngenier&iacute;a de sistemas DVB\n","parent":0,"count":8,"filter":"raw","term_order":"0"},{"term_id":642,"name":"Information Processing and Telecommunications Center (IPTC)","slug":"information-processing-and-telecommunications-center-iptc","term_group":0,"term_taxonomy_id":642,"taxonomy":"donde","description":"","parent":0,"count":74,"filter":"raw","term_order":"0"}],"infraestructura":[],"ods":[],"origen":[{"term_id":184,"name":"Software","slug":"software","term_group":0,"term_taxonomy_id":184,"taxonomy":"origen","description":"","parent":0,"count":133,"filter":"raw","term_order":"0"}],"familia_tax":false,"quien_tax":false,"donde_tax":false,"year":"","contacto":"<strong>Investigadores principales: <\/strong><ul><li>JOSE MANUEL MENENDEZ GARCIA <blockquote><strong>jm.menendez@upm.es<\/strong><\/blockquote><\/li><li>FEDERICO ALVAREZ GARCIA <blockquote><strong>federico.alvarez@upm.es<\/strong><\/blockquote><\/li><li>Carlos Alberto Mart\u00edn Edo <blockquote><strong>carlosalberto.martin@upm.es<\/strong><\/blockquote><\/li><li>SERGIO RUIZ DE CASTROVIEJO AZNAREZ <blockquote><strong>sergio.castroviejo.aznarez@upm.es<\/strong><\/blockquote><\/li><li>IAGO FERN\u00c1NDEZ-CEDR\u00d3N FERN\u00c1NDEZ-MAQUIEIRA <blockquote><strong>iago.fernandezcedron@upm.es<\/strong><\/blockquote><\/li><li>SILVIA ALBA URIBE MAYORAL <blockquote><strong>silviaalba.uribe@upm.es<\/strong><\/blockquote><\/li><\/ul>","telefono":"","pagina_web":"","email":"","id_ficha_portal":"552","video":"","adjuntos":false,"adjuntos_portal":"","inf":false,"departamento":"","acf":[],"lang":"es","translation":{"es":8226,"en":10661},"_links":{"self":[{"href":"https:\/\/www.upm.es\/recursosidi\/wp-json\/wp\/v2\/product\/8226"}],"collection":[{"href":"https:\/\/www.upm.es\/recursosidi\/wp-json\/wp\/v2\/product"}],"about":[{"href":"https:\/\/www.upm.es\/recursosidi\/wp-json\/wp\/v2\/types\/product"}],"wp:attachment":[{"href":"https:\/\/www.upm.es\/recursosidi\/wp-json\/wp\/v2\/media?parent=8226"}],"wp:term":[{"taxonomy":"product_cat","embeddable":true,"href":"https:\/\/www.upm.es\/recursosidi\/wp-json\/wp\/v2\/product_cat?post=8226"},{"taxonomy":"product_tag","embeddable":true,"href":"https:\/\/www.upm.es\/recursosidi\/wp-json\/wp\/v2\/product_tag?post=8226"},{"taxonomy":"comunidad_upm","embeddable":true,"href":"https:\/\/www.upm.es\/recursosidi\/wp-json\/wp\/v2\/comunidades-upm?post=8226"},{"taxonomy":"quien","embeddable":true,"href":"https:\/\/www.upm.es\/recursosidi\/wp-json\/wp\/v2\/quien?post=8226"},{"taxonomy":"mapa","embeddable":true,"href":"https:\/\/www.upm.es\/recursosidi\/wp-json\/wp\/v2\/mapa?post=8226"},{"taxonomy":"disponibilidad","embeddable":true,"href":"https:\/\/www.upm.es\/recursosidi\/wp-json\/wp\/v2\/disponibilidad?post=8226"},{"taxonomy":"donde","embeddable":true,"href":"https:\/\/www.upm.es\/recursosidi\/wp-json\/wp\/v2\/donde?post=8226"},{"taxonomy":"infraestructura","embeddable":true,"href":"https:\/\/www.upm.es\/recursosidi\/wp-json\/wp\/v2\/infraestructura?post=8226"},{"taxonomy":"ods","embeddable":true,"href":"https:\/\/www.upm.es\/recursosidi\/wp-json\/wp\/v2\/ods?post=8226"},{"taxonomy":"origen","embeddable":true,"href":"https:\/\/www.upm.es\/recursosidi\/wp-json\/wp\/v2\/origen?post=8226"}],"curies":[{"name":"wp","href":"https:\/\/api.w.org\/{rel}","templated":true}]}}