{"id":8231,"date":"2021-11-19T10:17:04","date_gmt":"2021-11-19T09:17:04","guid":{"rendered":"https:\/\/www.upm.es\/recursosidi\/offers-resources\/sin categor\u00eda\/plantilla-de-parametrizacion-de-vivienda-colectiva\/"},"modified":"2026-04-22T02:30:54","modified_gmt":"2026-04-22T00:30:54","slug":"plantilla-de-parametrizacion-de-vivienda-colectiva","status":"publish","type":"product","link":"https:\/\/www.upm.es\/recursosidi\/offers-resources\/software\/plantilla-de-parametrizacion-de-vivienda-colectiva\/","title":{"rendered":"Plantilla de parametrizaci\u00f3n de vivienda colectiva"},"content":{"rendered":"<h4><strong>Descripci\u00f3n del software <\/strong><\/h4>\n<p>Este trabajo constituye el primer intento contempor\u00e1neo de sistematizar el proceso de an\u00e1lisis y proyecto de la vivienda colectiva en una estructura de datos completa y con vocaci\u00f3n de universalidad.<br \/>\nAl disponerse en plantillas regladas es posible establecer cruces y analog\u00edas precisas entre todos los edificios que se parametricen. El inter\u00e9s fundamental est\u00e1 centrado en el dato, en lo medible, en lo que puede ser comparable desde un punto de vista objetivo, para que una vez analizado, contrastado y asimilado, haga posible pasar de la investigaci\u00f3n abstracta a la investigaci\u00f3n aplicada como herramienta de proyecto.<\/p>\n<h4><strong>Referencia<\/strong><\/h4>\n<p>M-8268\/2010<\/p>\n<div class=\"pdfprnt-buttons pdfprnt-buttons-product pdfprnt-bottom-left\"><a href=\"https:\/\/www.upm.es\/recursosidi\/wp-json\/wp\/v2\/product\/8231?print=pdf\" class=\"pdfprnt-button pdfprnt-button-pdf\" target=\"_blank\"><span class=\"pdfprnt-button-title pdfprnt-button-pdf-title\">Descargar ficha<\/span><\/a><\/div>","protected":false},"excerpt":{"rendered":"<p>Descripci\u00f3n del software Este trabajo constituye el primer intento contempor\u00e1neo de sistematizar el proceso de an\u00e1lisis y proyecto de la vivienda colectiva en una estructura&hellip;<\/p>\n","protected":false},"featured_media":0,"template":"","meta":{"_acf_changed":false},"product_cat":[3948],"product_tag":[],"comunidades-upm":[],"quien":[],"mapa":[],"disponibilidad":[],"donde":[{"term_id":274,"name":"Vivienda Colectiva","slug":"vivienda-colectiva","term_group":0,"term_taxonomy_id":274,"taxonomy":"donde","description":"","parent":0,"count":3,"filter":"raw","term_order":"0"}],"infraestructura":[],"ods":[],"origen":[{"term_id":184,"name":"Software","slug":"software","term_group":0,"term_taxonomy_id":184,"taxonomy":"origen","description":"","parent":0,"count":133,"filter":"raw","term_order":"0"}],"familia_tax":false,"quien_tax":false,"donde_tax":false,"year":"","contacto":"<strong>Investigadores principales: <\/strong><ul><li>CARMEN ESPEGEL ALONSO <blockquote><strong>carmen.espegel@upm.es<\/strong><\/blockquote><\/li><li>ANDRES CANOVAS ALCARAZ <blockquote><strong>andres.canovas@upm.es<\/strong><\/blockquote><\/li><li>Daniel Movilla Vega <blockquote><strong>daniel.movilla@upm.es<\/strong><\/blockquote><\/li><li>GUSTAVO ROJAS PEREZ <blockquote><strong>gustavo.rojas@upm.es<\/strong><\/blockquote><\/li><li>ESPERANZA MACARENA CAMPA\u00d1A BARQUERO <blockquote><strong>esperanza.campana@upm.es<\/strong><\/blockquote><\/li><\/ul>","telefono":"","pagina_web":"","email":"","id_ficha_portal":"554","video":"","adjuntos":false,"adjuntos_portal":"","inf":false,"departamento":"","acf":[],"lang":"es","translation":{"es":8231,"en":10666},"_links":{"self":[{"href":"https:\/\/www.upm.es\/recursosidi\/wp-json\/wp\/v2\/product\/8231"}],"collection":[{"href":"https:\/\/www.upm.es\/recursosidi\/wp-json\/wp\/v2\/product"}],"about":[{"href":"https:\/\/www.upm.es\/recursosidi\/wp-json\/wp\/v2\/types\/product"}],"wp:attachment":[{"href":"https:\/\/www.upm.es\/recursosidi\/wp-json\/wp\/v2\/media?parent=8231"}],"wp:term":[{"taxonomy":"product_cat","embeddable":true,"href":"https:\/\/www.upm.es\/recursosidi\/wp-json\/wp\/v2\/product_cat?post=8231"},{"taxonomy":"product_tag","embeddable":true,"href":"https:\/\/www.upm.es\/recursosidi\/wp-json\/wp\/v2\/product_tag?post=8231"},{"taxonomy":"comunidad_upm","embeddable":true,"href":"https:\/\/www.upm.es\/recursosidi\/wp-json\/wp\/v2\/comunidades-upm?post=8231"},{"taxonomy":"quien","embeddable":true,"href":"https:\/\/www.upm.es\/recursosidi\/wp-json\/wp\/v2\/quien?post=8231"},{"taxonomy":"mapa","embeddable":true,"href":"https:\/\/www.upm.es\/recursosidi\/wp-json\/wp\/v2\/mapa?post=8231"},{"taxonomy":"disponibilidad","embeddable":true,"href":"https:\/\/www.upm.es\/recursosidi\/wp-json\/wp\/v2\/disponibilidad?post=8231"},{"taxonomy":"donde","embeddable":true,"href":"https:\/\/www.upm.es\/recursosidi\/wp-json\/wp\/v2\/donde?post=8231"},{"taxonomy":"infraestructura","embeddable":true,"href":"https:\/\/www.upm.es\/recursosidi\/wp-json\/wp\/v2\/infraestructura?post=8231"},{"taxonomy":"ods","embeddable":true,"href":"https:\/\/www.upm.es\/recursosidi\/wp-json\/wp\/v2\/ods?post=8231"},{"taxonomy":"origen","embeddable":true,"href":"https:\/\/www.upm.es\/recursosidi\/wp-json\/wp\/v2\/origen?post=8231"}],"curies":[{"name":"wp","href":"https:\/\/api.w.org\/{rel}","templated":true}]}}