{"id":8232,"date":"2021-11-19T10:17:06","date_gmt":"2021-11-19T09:17:06","guid":{"rendered":"https:\/\/www.upm.es\/recursosidi\/offers-resources\/sin categor\u00eda\/ipsum-ipsum\/"},"modified":"2026-05-11T03:00:31","modified_gmt":"2026-05-11T01:00:31","slug":"ipsum-ipsum","status":"publish","type":"product","link":"https:\/\/www.upm.es\/recursosidi\/offers-resources\/software\/ipsum-ipsum\/","title":{"rendered":"(IPSUM) &#8211; IPSUM"},"content":{"rendered":"<h4><strong>Descripci\u00f3n del software <\/strong><\/h4>\n<p>Aplicaci\u00f3n Inform\u00e1tica que implementa la Metodolog\u00eda IPSUM de Evaluaci\u00f3n, Implantaci\u00f3n y Mejora Continua de la sostenibilidad (RSE; RSC) en cualquier tipo de organizaci\u00f3n incluyendo el contenido de las bases de datos asociadas a dicha metodolog\u00eda.<\/p>\n<h4><strong>Referencia<\/strong><\/h4>\n<p>M-4427\/2011<\/p>\n<div class=\"pdfprnt-buttons pdfprnt-buttons-product pdfprnt-bottom-left\"><a href=\"https:\/\/www.upm.es\/recursosidi\/wp-json\/wp\/v2\/product\/8232?print=pdf\" class=\"pdfprnt-button pdfprnt-button-pdf\" target=\"_blank\"><span class=\"pdfprnt-button-title pdfprnt-button-pdf-title\">Descargar ficha<\/span><\/a><\/div>","protected":false},"excerpt":{"rendered":"<p>Descripci\u00f3n del software Aplicaci\u00f3n Inform\u00e1tica que implementa la Metodolog\u00eda IPSUM de Evaluaci\u00f3n, Implantaci\u00f3n y Mejora Continua de la sostenibilidad (RSE; RSC) en cualquier tipo de&hellip;<\/p>\n","protected":false},"featured_media":0,"template":"","meta":{"_acf_changed":false},"product_cat":[3948],"product_tag":[],"comunidades-upm":[],"quien":[],"mapa":[],"disponibilidad":[],"donde":[{"term_id":248,"name":"Centro L\u00e1ser","slug":"centro-laser","term_group":0,"term_taxonomy_id":248,"taxonomy":"donde","description":"","parent":0,"count":10,"filter":"raw","term_order":"0"},{"term_id":396,"name":"Grupo de Investigaci\u00f3n en Ingenier\u00eda y Aplicaciones del L\u00e1ser","slug":"grupo-de-investigacion-en-ingenieria-y-aplicaciones-del-laser","term_group":0,"term_taxonomy_id":396,"taxonomy":"donde","description":"El grupo enfoca su actividad al desarrollo e instrumentaci&oacute;n experimental de aplicaciones industriales de la Tecnolog&iacute;a L&aacute;ser y a la concepci&oacute;n y desarrollo de aplicaciones avanzadas de dicha Tecnolog&iacute;a. Las <strong>l&iacute;neas principales de investigaci&oacute;n<\/strong> son:\n&nbsp;\n\nModelizaci&oacute;n te&oacute;rica, desarrollo e instrumentaci&oacute;n experimental de aplicaciones industriales de los L&aacute;seres de potencia y de L&aacute;seres de elevada intensidad.\nDesarrollo de procesos de micro\/nano-fabricaci&oacute;n con L&aacute;ser, incluidos procesos avanzados de fabricaci&oacute;n de estructuras y componentes de c&eacute;lulas fotovoltaicas y fabricaci&oacute;n de estructuras microflu&iacute;dicas y nanofot&oacute;nicas para dispositivos metrol&oacute;gicos y biosensores.\nDesarrollo de t&eacute;cnicas avanzadas de instrumentaci&oacute;n de sistemas y procesos de fabricaci&oacute;n con l&aacute;ser.\n","parent":0,"count":7,"filter":"raw","term_order":"0"}],"infraestructura":[],"ods":[],"origen":[{"term_id":184,"name":"Software","slug":"software","term_group":0,"term_taxonomy_id":184,"taxonomy":"origen","description":"","parent":0,"count":133,"filter":"raw","term_order":"0"}],"familia_tax":false,"quien_tax":false,"donde_tax":false,"year":"","contacto":"<strong>Investigadores principales: <\/strong><ul><li>IRENE SANZ MENDIOLA <blockquote><strong>irene.sanz@upm.es<\/strong><\/blockquote><\/li><li>ANGEL GARCIA BELTRAN <blockquote><strong>angel.garcia@upm.es<\/strong><\/blockquote><\/li><\/ul><strong>Otros autores: <\/strong><ul><li>PabloAnsorena Fern\u00e1ndez RENAULT CONSULTING S.A.<\/li> <\/ul>","telefono":"","pagina_web":"","email":"","id_ficha_portal":"611","video":"","adjuntos":false,"adjuntos_portal":"","inf":false,"departamento":"","acf":[],"lang":"es","translation":{"es":8232,"en":10667},"_links":{"self":[{"href":"https:\/\/www.upm.es\/recursosidi\/wp-json\/wp\/v2\/product\/8232"}],"collection":[{"href":"https:\/\/www.upm.es\/recursosidi\/wp-json\/wp\/v2\/product"}],"about":[{"href":"https:\/\/www.upm.es\/recursosidi\/wp-json\/wp\/v2\/types\/product"}],"wp:attachment":[{"href":"https:\/\/www.upm.es\/recursosidi\/wp-json\/wp\/v2\/media?parent=8232"}],"wp:term":[{"taxonomy":"product_cat","embeddable":true,"href":"https:\/\/www.upm.es\/recursosidi\/wp-json\/wp\/v2\/product_cat?post=8232"},{"taxonomy":"product_tag","embeddable":true,"href":"https:\/\/www.upm.es\/recursosidi\/wp-json\/wp\/v2\/product_tag?post=8232"},{"taxonomy":"comunidad_upm","embeddable":true,"href":"https:\/\/www.upm.es\/recursosidi\/wp-json\/wp\/v2\/comunidades-upm?post=8232"},{"taxonomy":"quien","embeddable":true,"href":"https:\/\/www.upm.es\/recursosidi\/wp-json\/wp\/v2\/quien?post=8232"},{"taxonomy":"mapa","embeddable":true,"href":"https:\/\/www.upm.es\/recursosidi\/wp-json\/wp\/v2\/mapa?post=8232"},{"taxonomy":"disponibilidad","embeddable":true,"href":"https:\/\/www.upm.es\/recursosidi\/wp-json\/wp\/v2\/disponibilidad?post=8232"},{"taxonomy":"donde","embeddable":true,"href":"https:\/\/www.upm.es\/recursosidi\/wp-json\/wp\/v2\/donde?post=8232"},{"taxonomy":"infraestructura","embeddable":true,"href":"https:\/\/www.upm.es\/recursosidi\/wp-json\/wp\/v2\/infraestructura?post=8232"},{"taxonomy":"ods","embeddable":true,"href":"https:\/\/www.upm.es\/recursosidi\/wp-json\/wp\/v2\/ods?post=8232"},{"taxonomy":"origen","embeddable":true,"href":"https:\/\/www.upm.es\/recursosidi\/wp-json\/wp\/v2\/origen?post=8232"}],"curies":[{"name":"wp","href":"https:\/\/api.w.org\/{rel}","templated":true}]}}