{"id":8244,"date":"2021-11-19T10:17:21","date_gmt":"2021-11-19T09:17:21","guid":{"rendered":"https:\/\/www.upm.es\/recursosidi\/offers-resources\/sin categor\u00eda\/software-para-la-simulacion-y-modelizacion-de-procesos-biologicos-basado-en-microcontroladores\/"},"modified":"2026-04-22T02:31:13","modified_gmt":"2026-04-22T00:31:13","slug":"software-para-la-simulacion-y-modelizacion-de-procesos-biologicos-basado-en-microcontroladores","status":"publish","type":"product","link":"https:\/\/www.upm.es\/recursosidi\/offers-resources\/software\/software-para-la-simulacion-y-modelizacion-de-procesos-biologicos-basado-en-microcontroladores\/","title":{"rendered":"Software para la simulaci\u00f3n y modelizaci\u00f3n de procesos biol\u00f3gicos basado en microcontroladores"},"content":{"rendered":"<h4><strong>Descripci\u00f3n del software <\/strong><\/h4>\n<p>El software proporciona un conjunto de librer\u00edas, con diferentes niveles de abstracci\u00f3n, para la simulaci\u00f3n de procesos biol\u00f3gicos sobre un hardware distribuido basado en el uso de microcontroladores.<\/p>\n<h4><strong>Referencia<\/strong><\/h4>\n<p>M-4421\/2011<\/p>\n<div class=\"pdfprnt-buttons pdfprnt-buttons-product pdfprnt-bottom-left\"><a href=\"https:\/\/www.upm.es\/recursosidi\/wp-json\/wp\/v2\/product\/8244?print=pdf\" class=\"pdfprnt-button pdfprnt-button-pdf\" target=\"_blank\"><span class=\"pdfprnt-button-title pdfprnt-button-pdf-title\">Descargar ficha<\/span><\/a><\/div>","protected":false},"excerpt":{"rendered":"<p>Descripci\u00f3n del software El software proporciona un conjunto de librer\u00edas, con diferentes niveles de abstracci\u00f3n, para la simulaci\u00f3n de procesos biol\u00f3gicos sobre un hardware distribuido&hellip;<\/p>\n","protected":false},"featured_media":0,"template":"","meta":{"_acf_changed":false},"product_cat":[3948],"product_tag":[],"comunidades-upm":[],"quien":[],"mapa":[],"disponibilidad":[],"donde":[{"term_id":3411,"name":"KNOwledge Discovery and Information Systems (KNODIS)","slug":"knowledge-discovery-and-information-systems-knodis","term_group":0,"term_taxonomy_id":3411,"taxonomy":"donde","description":"","parent":0,"count":3,"filter":"raw","term_order":"0"}],"infraestructura":[],"ods":[],"origen":[{"term_id":184,"name":"Software","slug":"software","term_group":0,"term_taxonomy_id":184,"taxonomy":"origen","description":"","parent":0,"count":133,"filter":"raw","term_order":"0"}],"familia_tax":false,"quien_tax":false,"donde_tax":false,"year":"","contacto":"<strong>Investigadores principales: <\/strong><ul><li>JUAN BAUTISTA CASTELLANOS PE\u00d1UELA <blockquote><strong>juan.castellanos@upm.es<\/strong><\/blockquote><\/li><li>ABRAHAM GUTIERREZ RODRIGUEZ <blockquote><strong>abraham.gutierrez@upm.es<\/strong><\/blockquote><\/li><\/ul>","telefono":"","pagina_web":"","email":"","id_ficha_portal":"610","video":"","adjuntos":false,"adjuntos_portal":"","inf":false,"departamento":"","acf":[],"lang":"es","translation":{"es":8244,"en":10678},"_links":{"self":[{"href":"https:\/\/www.upm.es\/recursosidi\/wp-json\/wp\/v2\/product\/8244"}],"collection":[{"href":"https:\/\/www.upm.es\/recursosidi\/wp-json\/wp\/v2\/product"}],"about":[{"href":"https:\/\/www.upm.es\/recursosidi\/wp-json\/wp\/v2\/types\/product"}],"wp:attachment":[{"href":"https:\/\/www.upm.es\/recursosidi\/wp-json\/wp\/v2\/media?parent=8244"}],"wp:term":[{"taxonomy":"product_cat","embeddable":true,"href":"https:\/\/www.upm.es\/recursosidi\/wp-json\/wp\/v2\/product_cat?post=8244"},{"taxonomy":"product_tag","embeddable":true,"href":"https:\/\/www.upm.es\/recursosidi\/wp-json\/wp\/v2\/product_tag?post=8244"},{"taxonomy":"comunidad_upm","embeddable":true,"href":"https:\/\/www.upm.es\/recursosidi\/wp-json\/wp\/v2\/comunidades-upm?post=8244"},{"taxonomy":"quien","embeddable":true,"href":"https:\/\/www.upm.es\/recursosidi\/wp-json\/wp\/v2\/quien?post=8244"},{"taxonomy":"mapa","embeddable":true,"href":"https:\/\/www.upm.es\/recursosidi\/wp-json\/wp\/v2\/mapa?post=8244"},{"taxonomy":"disponibilidad","embeddable":true,"href":"https:\/\/www.upm.es\/recursosidi\/wp-json\/wp\/v2\/disponibilidad?post=8244"},{"taxonomy":"donde","embeddable":true,"href":"https:\/\/www.upm.es\/recursosidi\/wp-json\/wp\/v2\/donde?post=8244"},{"taxonomy":"infraestructura","embeddable":true,"href":"https:\/\/www.upm.es\/recursosidi\/wp-json\/wp\/v2\/infraestructura?post=8244"},{"taxonomy":"ods","embeddable":true,"href":"https:\/\/www.upm.es\/recursosidi\/wp-json\/wp\/v2\/ods?post=8244"},{"taxonomy":"origen","embeddable":true,"href":"https:\/\/www.upm.es\/recursosidi\/wp-json\/wp\/v2\/origen?post=8244"}],"curies":[{"name":"wp","href":"https:\/\/api.w.org\/{rel}","templated":true}]}}