{"id":8253,"date":"2021-11-19T10:17:33","date_gmt":"2021-11-19T09:17:33","guid":{"rendered":"https:\/\/www.upm.es\/recursosidi\/offers-resources\/sin categor\u00eda\/modesimferr-modulos-para-la-creacion-y-explotacion-rapida-de-simulacion-ferroviaria-modesimferr\/"},"modified":"2026-04-21T03:43:17","modified_gmt":"2026-04-21T01:43:17","slug":"modesimferr-modulos-para-la-creacion-y-explotacion-rapida-de-simulacion-ferroviaria-modesimferr","status":"publish","type":"product","link":"https:\/\/www.upm.es\/recursosidi\/offers-resources\/software\/modesimferr-modulos-para-la-creacion-y-explotacion-rapida-de-simulacion-ferroviaria-modesimferr\/","title":{"rendered":"(MODESIMFERR) &#8211; M\u00f3dulos para la creaci\u00f3n y explotaci\u00f3n r\u00e1pida de simulaci\u00f3n ferroviaria &#8211; MODESIMFERR"},"content":{"rendered":"<h4><strong>Descripci\u00f3n del software <\/strong><\/h4>\n<p>El objetivo del software es facilitar la creacion de modelos de simulaci\u00f3n de sistemas ferroviarios en un entorno (software) de simulacion de eventos discretos llamado witness. Consta de un conjunto de m\u00f3dulos (v\u00edas de distinto tipo, sem\u00e1foros, estaciones,&#8230;) cuya utilizaci\u00f3n permite la construcci\u00f3n de una l\u00ednea de tren, metro,&#8230; casi de la misma manera que si se hiciera un puzle.<\/p>\n<h4><strong>Referencia<\/strong><\/h4>\n<p>M-003316\/2012<\/p>\n<div class=\"pdfprnt-buttons pdfprnt-buttons-product pdfprnt-bottom-left\"><a href=\"https:\/\/www.upm.es\/recursosidi\/wp-json\/wp\/v2\/product\/8253?print=pdf\" class=\"pdfprnt-button pdfprnt-button-pdf\" target=\"_blank\"><span class=\"pdfprnt-button-title pdfprnt-button-pdf-title\">Descargar ficha<\/span><\/a><\/div>","protected":false},"excerpt":{"rendered":"<p>Descripci\u00f3n del software El objetivo del software es facilitar la creacion de modelos de simulaci\u00f3n de sistemas ferroviarios en un entorno (software) de simulacion de&hellip;<\/p>\n","protected":false},"featured_media":0,"template":"","meta":{"_acf_changed":false},"product_cat":[3948],"product_tag":[],"comunidades-upm":[],"quien":[],"mapa":[{"term_id":126,"name":"Tecnolog\u00edas digitales, Inteligencia Artificial, ciberseguridad, 5G, rob\u00f3tica","slug":"tecnologias_digitales-ai-ciberseguridad-5g-robotica","term_group":0,"term_taxonomy_id":126,"taxonomy":"mapa","description":"","parent":0,"count":194,"filter":"raw","term_order":"23"}],"disponibilidad":[],"donde":[{"term_id":370,"name":"Ingenier\u00eda de Organizaci\u00f3n y Log\u00edstica","slug":"ingenieria-de-organizacion-y-logistica","term_group":0,"term_taxonomy_id":370,"taxonomy":"donde","description":"","parent":0,"count":1,"filter":"raw","term_order":"0"}],"infraestructura":[],"ods":[],"origen":[{"term_id":184,"name":"Software","slug":"software","term_group":0,"term_taxonomy_id":184,"taxonomy":"origen","description":"","parent":0,"count":133,"filter":"raw","term_order":"0"}],"familia_tax":false,"quien_tax":false,"donde_tax":false,"year":"","contacto":"<strong>Investigadores principales: <\/strong><ul><li>ALVARO GARCIA SANCHEZ <blockquote><strong>alvaro.garcia@upm.es<\/strong><\/blockquote><\/li><li>MIGUEL ANGEL ORTEGA MIER <blockquote><strong>miguel.ortega.mier@upm.es<\/strong><\/blockquote><\/li><\/ul><strong>Otros investigadores UPM: <\/strong><ul><li>Franco Peschiera<\/li><\/ul>","telefono":"","pagina_web":"","email":"","id_ficha_portal":"687","video":"","adjuntos":false,"adjuntos_portal":"","inf":false,"departamento":"","acf":[],"lang":"es","translation":{"es":8253,"en":10687},"_links":{"self":[{"href":"https:\/\/www.upm.es\/recursosidi\/wp-json\/wp\/v2\/product\/8253"}],"collection":[{"href":"https:\/\/www.upm.es\/recursosidi\/wp-json\/wp\/v2\/product"}],"about":[{"href":"https:\/\/www.upm.es\/recursosidi\/wp-json\/wp\/v2\/types\/product"}],"wp:attachment":[{"href":"https:\/\/www.upm.es\/recursosidi\/wp-json\/wp\/v2\/media?parent=8253"}],"wp:term":[{"taxonomy":"product_cat","embeddable":true,"href":"https:\/\/www.upm.es\/recursosidi\/wp-json\/wp\/v2\/product_cat?post=8253"},{"taxonomy":"product_tag","embeddable":true,"href":"https:\/\/www.upm.es\/recursosidi\/wp-json\/wp\/v2\/product_tag?post=8253"},{"taxonomy":"comunidad_upm","embeddable":true,"href":"https:\/\/www.upm.es\/recursosidi\/wp-json\/wp\/v2\/comunidades-upm?post=8253"},{"taxonomy":"quien","embeddable":true,"href":"https:\/\/www.upm.es\/recursosidi\/wp-json\/wp\/v2\/quien?post=8253"},{"taxonomy":"mapa","embeddable":true,"href":"https:\/\/www.upm.es\/recursosidi\/wp-json\/wp\/v2\/mapa?post=8253"},{"taxonomy":"disponibilidad","embeddable":true,"href":"https:\/\/www.upm.es\/recursosidi\/wp-json\/wp\/v2\/disponibilidad?post=8253"},{"taxonomy":"donde","embeddable":true,"href":"https:\/\/www.upm.es\/recursosidi\/wp-json\/wp\/v2\/donde?post=8253"},{"taxonomy":"infraestructura","embeddable":true,"href":"https:\/\/www.upm.es\/recursosidi\/wp-json\/wp\/v2\/infraestructura?post=8253"},{"taxonomy":"ods","embeddable":true,"href":"https:\/\/www.upm.es\/recursosidi\/wp-json\/wp\/v2\/ods?post=8253"},{"taxonomy":"origen","embeddable":true,"href":"https:\/\/www.upm.es\/recursosidi\/wp-json\/wp\/v2\/origen?post=8253"}],"curies":[{"name":"wp","href":"https:\/\/api.w.org\/{rel}","templated":true}]}}