{"id":8254,"date":"2021-11-19T10:17:34","date_gmt":"2021-11-19T09:17:34","guid":{"rendered":"https:\/\/www.upm.es\/recursosidi\/offers-resources\/sin categor\u00eda\/agroclima-ssp-v-1-1\/"},"modified":"2026-04-21T03:43:22","modified_gmt":"2026-04-21T01:43:22","slug":"agroclima-ssp-v-1-1","status":"publish","type":"product","link":"https:\/\/www.upm.es\/recursosidi\/offers-resources\/software\/agroclima-ssp-v-1-1\/","title":{"rendered":"Agroclima SSP v.1.1."},"content":{"rendered":"<h4><strong>Descripci\u00f3n del software <\/strong><\/h4>\n<p>Herramienta de ayuda a la toma de decisiones pol\u00edticas sobre los impactos y adaptaciones al cambio clim\u00e1tico en los sistemas agr\u00edcolas.<\/p>\n<h4><strong>Referencia<\/strong><\/h4>\n<p>M-9214-2011<\/p>\n<div class=\"pdfprnt-buttons pdfprnt-buttons-product pdfprnt-bottom-left\"><a href=\"https:\/\/www.upm.es\/recursosidi\/wp-json\/wp\/v2\/product\/8254?print=pdf\" class=\"pdfprnt-button pdfprnt-button-pdf\" target=\"_blank\"><span class=\"pdfprnt-button-title pdfprnt-button-pdf-title\">Descargar ficha<\/span><\/a><\/div>","protected":false},"excerpt":{"rendered":"<p>Descripci\u00f3n del software Herramienta de ayuda a la toma de decisiones pol\u00edticas sobre los impactos y adaptaciones al cambio clim\u00e1tico en los sistemas agr\u00edcolas. Referencia&hellip;<\/p>\n","protected":false},"featured_media":0,"template":"","meta":{"_acf_changed":false},"product_cat":[3948],"product_tag":[],"comunidades-upm":[],"quien":[],"mapa":[],"disponibilidad":[],"donde":[{"term_id":558,"name":"Centro de Estudios e Investigaci\u00f3n para la Gesti\u00f3n de Riesgos Agrarios y Medioambientales (CEIGRAM). Centro Mixto UPM-AGROSEGURO-ENESA","slug":"centro-de-estudios-e-investigacion-para-la-gestion-de-riesgos-agrarios-y-medioambientales-ceigram-centro-mixto-upm-agroseguro-enesa","term_group":0,"term_taxonomy_id":558,"taxonomy":"donde","description":"","parent":0,"count":12,"filter":"raw","term_order":"0"},{"term_id":332,"name":"Grupo de Sistemas Agrarios (AgSystems)","slug":"grupo-de-sistemas-agrarios-agsystems","term_group":0,"term_taxonomy_id":332,"taxonomy":"donde","description":"Nuestra investigaci&oacute;n se centra en el estudio de sistemas agrarios y de cultivo y su relaci&oacute;n con el medio ambiente. El objetivo final es el dise&ntilde;o de estrategias o alternativas que permitan mantener la sostenibilidad de los sistemas de cultivo en las condiciones actuales y futuras. Para ello, nuestro grupo realiza proyectos de investigaci&oacute;n basados en ensayos de campo y en la utilizaci&oacute;n de modelos de simulaci&oacute;n matem&aacute;tica. \n&nbsp;\nLas principales <strong>l&iacute;neas de investigaci&oacute;n<\/strong> son:\n&nbsp;\n\nManejo de agua y nitr&oacute;geno en sistemas agrarios\nImpacto y adaptaciones al cambio y a la variabilidad clim&aacute;tica en sistemas de cultivo. Incertidumbres asociadas.\nModelizaci&oacute;n de sistemas agrarios\n","parent":0,"count":9,"filter":"raw","term_order":"0"}],"infraestructura":[],"ods":[],"origen":[{"term_id":184,"name":"Software","slug":"software","term_group":0,"term_taxonomy_id":184,"taxonomy":"origen","description":"","parent":0,"count":133,"filter":"raw","term_order":"0"}],"familia_tax":false,"quien_tax":false,"donde_tax":false,"year":"","contacto":"<strong>Investigadores principales: <\/strong><ul><li>MARIA INES MINGUEZ TUDELA <blockquote><strong>ines.minguez@upm.es<\/strong><\/blockquote><\/li><\/ul><strong>Otros autores: <\/strong><ul><li>MargaritaRuiz Ramos Universidad de Castilla-La Mancha (UCLM)<\/li> <li>AlfredoRodr\u00edguez S\u00e1nchez Universidad de Castilla-La Mancha (UCLM)<\/li> <\/ul>","telefono":"","pagina_web":"","email":"","id_ficha_portal":"651","video":"","adjuntos":false,"adjuntos_portal":"","inf":false,"departamento":"","acf":[],"lang":"es","translation":{"es":8254,"en":10688},"_links":{"self":[{"href":"https:\/\/www.upm.es\/recursosidi\/wp-json\/wp\/v2\/product\/8254"}],"collection":[{"href":"https:\/\/www.upm.es\/recursosidi\/wp-json\/wp\/v2\/product"}],"about":[{"href":"https:\/\/www.upm.es\/recursosidi\/wp-json\/wp\/v2\/types\/product"}],"wp:attachment":[{"href":"https:\/\/www.upm.es\/recursosidi\/wp-json\/wp\/v2\/media?parent=8254"}],"wp:term":[{"taxonomy":"product_cat","embeddable":true,"href":"https:\/\/www.upm.es\/recursosidi\/wp-json\/wp\/v2\/product_cat?post=8254"},{"taxonomy":"product_tag","embeddable":true,"href":"https:\/\/www.upm.es\/recursosidi\/wp-json\/wp\/v2\/product_tag?post=8254"},{"taxonomy":"comunidad_upm","embeddable":true,"href":"https:\/\/www.upm.es\/recursosidi\/wp-json\/wp\/v2\/comunidades-upm?post=8254"},{"taxonomy":"quien","embeddable":true,"href":"https:\/\/www.upm.es\/recursosidi\/wp-json\/wp\/v2\/quien?post=8254"},{"taxonomy":"mapa","embeddable":true,"href":"https:\/\/www.upm.es\/recursosidi\/wp-json\/wp\/v2\/mapa?post=8254"},{"taxonomy":"disponibilidad","embeddable":true,"href":"https:\/\/www.upm.es\/recursosidi\/wp-json\/wp\/v2\/disponibilidad?post=8254"},{"taxonomy":"donde","embeddable":true,"href":"https:\/\/www.upm.es\/recursosidi\/wp-json\/wp\/v2\/donde?post=8254"},{"taxonomy":"infraestructura","embeddable":true,"href":"https:\/\/www.upm.es\/recursosidi\/wp-json\/wp\/v2\/infraestructura?post=8254"},{"taxonomy":"ods","embeddable":true,"href":"https:\/\/www.upm.es\/recursosidi\/wp-json\/wp\/v2\/ods?post=8254"},{"taxonomy":"origen","embeddable":true,"href":"https:\/\/www.upm.es\/recursosidi\/wp-json\/wp\/v2\/origen?post=8254"}],"curies":[{"name":"wp","href":"https:\/\/api.w.org\/{rel}","templated":true}]}}