{"id":8257,"date":"2021-11-19T10:17:37","date_gmt":"2021-11-19T09:17:37","guid":{"rendered":"https:\/\/www.upm.es\/recursosidi\/offers-resources\/sin categor\u00eda\/gaedalib\/"},"modified":"2026-04-22T02:31:36","modified_gmt":"2026-04-22T00:31:36","slug":"gaedalib","status":"publish","type":"product","link":"https:\/\/www.upm.es\/recursosidi\/offers-resources\/software\/gaedalib\/","title":{"rendered":"GAEDALib"},"content":{"rendered":"<h4><strong>Descripci\u00f3n del software <\/strong><\/h4>\n<p>Software de optimizaci\u00f3n por medio de algoritmos evolutivos y otras metaheur\u00edsticas con t\u00e9cnicas avanzadas de hibridizaci\u00f3n y de paralelizaci\u00f3n.<\/p>\n<h4><strong>Referencia<\/strong><\/h4>\n<p>M-001910\/2012<\/p>\n<div class=\"pdfprnt-buttons pdfprnt-buttons-product pdfprnt-bottom-left\"><a href=\"https:\/\/www.upm.es\/recursosidi\/wp-json\/wp\/v2\/product\/8257?print=pdf\" class=\"pdfprnt-button pdfprnt-button-pdf\" target=\"_blank\"><span class=\"pdfprnt-button-title pdfprnt-button-pdf-title\">Descargar ficha<\/span><\/a><\/div>","protected":false},"excerpt":{"rendered":"<p>Descripci\u00f3n del software Software de optimizaci\u00f3n por medio de algoritmos evolutivos y otras metaheur\u00edsticas con t\u00e9cnicas avanzadas de hibridizaci\u00f3n y de paralelizaci\u00f3n. Referencia M-001910\/2012 Descargar&hellip;<\/p>\n","protected":false},"featured_media":0,"template":"","meta":{"_acf_changed":false},"product_cat":[3948],"product_tag":[],"comunidades-upm":[],"quien":[],"mapa":[{"term_id":126,"name":"Tecnolog\u00edas digitales, Inteligencia Artificial, ciberseguridad, 5G, rob\u00f3tica","slug":"tecnologias_digitales-ai-ciberseguridad-5g-robotica","term_group":0,"term_taxonomy_id":126,"taxonomy":"mapa","description":"","parent":0,"count":194,"filter":"raw","term_order":"23"}],"disponibilidad":[],"donde":[{"term_id":618,"name":"Centro de Investigaci\u00f3n en Simulaci\u00f3n Computacional (CCS)","slug":"centro-de-investigacion-en-simulacion-computacional-ccs","term_group":0,"term_taxonomy_id":618,"taxonomy":"donde","description":"","parent":0,"count":27,"filter":"raw","term_order":"0"},{"term_id":286,"name":"Desarrollo y Ensayos Aeroespaciales","slug":"desarrollo-y-ensayos-aeroespaciales","term_group":0,"term_taxonomy_id":286,"taxonomy":"donde","description":"Nuestro grupo centra su <strong>investigaci&oacute;n<\/strong> en las siguientes <strong>l&iacute;neas<\/strong>:\n&nbsp;\n\nAerodin&aacute;mica experimental &nbsp;&nbsp;&nbsp;&nbsp;&nbsp;&nbsp;&nbsp;&nbsp;&nbsp;&nbsp;&nbsp;\nCalibraci&oacute;n de anem&oacute;metros &nbsp;&nbsp;&nbsp;&nbsp;&nbsp;&nbsp;&nbsp;&nbsp;&nbsp;\nAcondicionamiento t&eacute;rmico\nVentilaci&oacute;n &nbsp;&nbsp;&nbsp;\nVeh&iacute;culos espaciales\nAerogeneradores\n","parent":0,"count":5,"filter":"raw","term_order":"0"},{"term_id":242,"name":"Instituto Universitario de Microgravedad \"Ignacio da Riva\" (IDR)","slug":"instituto-universitario-de-microgravedad-ignacio-da-riva-idr","term_group":0,"term_taxonomy_id":242,"taxonomy":"donde","description":"","parent":0,"count":7,"filter":"raw","term_order":"0"},{"term_id":612,"name":"Miner\u00eda de Datos y Simulaci\u00f3n (MIDAS)","slug":"mineria-de-datos-y-simulacion-midas","term_group":0,"term_taxonomy_id":612,"taxonomy":"donde","description":"Nuestro trabajo se&nbsp; resume en tres grandes l&iacute;neas:\n\nAn&aacute;lisis de datos: Es importante destacar en esta l&iacute;nea que el grupo no&nbsp; solo destaca por&nbsp; la aplicaci&oacute;n de t&eacute;cnicas en distintos tipos de datos y dominios sino por la metodolog&iacute;a de preprocesado y enriquecimiento de datos previa a la extracci&oacute;n de patrones\n\n\nProcesamiento y An&aacute;lisis de Im&aacute;genes: En este &aacute;mbito el grupo destaca por los algoritmos de fusi&oacute;n de im&aacute;genes propios y por la aplicaci&oacute;n de diferentes t&eacute;cnicas de machine learning, entre las que cabe destacar Deep learning al etiquetado y an&aacute;lisis autom&aacute;tico de im&aacute;genes. Estas t&eacute;cnicas est&aacute;n siendo aplicadas en a im&aacute;genes&nbsp; de &oacute;pticas de sat&eacute;lite con aplicaci&oacute;n en agricultura; y en diferentes tipos de imagen m&eacute;dica.\n\n\nProcesado de Lenguaje Natural: En este&nbsp; &aacute;mbito MIDAS destaca por el desarrollo de algoritmos para procesado de textos en espa&ntilde;ol. Los algoritmos han sido aplicados especialmente en el dominio m&eacute;dico y judicial.\n","parent":0,"count":3,"filter":"raw","term_order":"0"}],"infraestructura":[],"ods":[],"origen":[{"term_id":184,"name":"Software","slug":"software","term_group":0,"term_taxonomy_id":184,"taxonomy":"origen","description":"","parent":0,"count":133,"filter":"raw","term_order":"0"}],"familia_tax":false,"quien_tax":false,"donde_tax":false,"year":"","contacto":"<strong>Investigadores principales: <\/strong><ul><li>JOSE MARIA PE\u00d1A SANCHEZ <blockquote><strong>josemaria.pena@upm.es<\/strong><\/blockquote><\/li><li>SANTIAGO MUELAS PASCUAL <blockquote><strong>santiago.muelasp@upm.es<\/strong><\/blockquote><\/li><li>JAIME FERN\u00c1NDEZ MART\u00cdN <blockquote><strong>jaime.fernandez@upm.es<\/strong><\/blockquote><\/li><li>Manuel Zaforas . <blockquote><strong><\/strong><\/blockquote><\/li><li>ANTONIO LATORRE DE LA FUENTE <blockquote><strong>a.latorre@upm.es<\/strong><\/blockquote><\/li><li>CARLOS PASCUAL ALONSO <blockquote><strong>carlos.pascual@upm.es<\/strong><\/blockquote><\/li><\/ul><strong>Otros investigadores UPM: <\/strong><ul><li>Pedro D\u00edaz Jim\u00e9nez<\/li><\/ul>","telefono":"","pagina_web":"","email":"","id_ficha_portal":"671","video":"","adjuntos":false,"adjuntos_portal":"","inf":false,"departamento":"","acf":[],"lang":"es","translation":{"es":8257,"en":10691},"_links":{"self":[{"href":"https:\/\/www.upm.es\/recursosidi\/wp-json\/wp\/v2\/product\/8257"}],"collection":[{"href":"https:\/\/www.upm.es\/recursosidi\/wp-json\/wp\/v2\/product"}],"about":[{"href":"https:\/\/www.upm.es\/recursosidi\/wp-json\/wp\/v2\/types\/product"}],"wp:attachment":[{"href":"https:\/\/www.upm.es\/recursosidi\/wp-json\/wp\/v2\/media?parent=8257"}],"wp:term":[{"taxonomy":"product_cat","embeddable":true,"href":"https:\/\/www.upm.es\/recursosidi\/wp-json\/wp\/v2\/product_cat?post=8257"},{"taxonomy":"product_tag","embeddable":true,"href":"https:\/\/www.upm.es\/recursosidi\/wp-json\/wp\/v2\/product_tag?post=8257"},{"taxonomy":"comunidad_upm","embeddable":true,"href":"https:\/\/www.upm.es\/recursosidi\/wp-json\/wp\/v2\/comunidades-upm?post=8257"},{"taxonomy":"quien","embeddable":true,"href":"https:\/\/www.upm.es\/recursosidi\/wp-json\/wp\/v2\/quien?post=8257"},{"taxonomy":"mapa","embeddable":true,"href":"https:\/\/www.upm.es\/recursosidi\/wp-json\/wp\/v2\/mapa?post=8257"},{"taxonomy":"disponibilidad","embeddable":true,"href":"https:\/\/www.upm.es\/recursosidi\/wp-json\/wp\/v2\/disponibilidad?post=8257"},{"taxonomy":"donde","embeddable":true,"href":"https:\/\/www.upm.es\/recursosidi\/wp-json\/wp\/v2\/donde?post=8257"},{"taxonomy":"infraestructura","embeddable":true,"href":"https:\/\/www.upm.es\/recursosidi\/wp-json\/wp\/v2\/infraestructura?post=8257"},{"taxonomy":"ods","embeddable":true,"href":"https:\/\/www.upm.es\/recursosidi\/wp-json\/wp\/v2\/ods?post=8257"},{"taxonomy":"origen","embeddable":true,"href":"https:\/\/www.upm.es\/recursosidi\/wp-json\/wp\/v2\/origen?post=8257"}],"curies":[{"name":"wp","href":"https:\/\/api.w.org\/{rel}","templated":true}]}}