{"id":8264,"date":"2021-11-19T10:17:47","date_gmt":"2021-11-19T09:17:47","guid":{"rendered":"https:\/\/www.upm.es\/recursosidi\/offers-resources\/sin categor\u00eda\/fast-computation-of-dose-distributions\/"},"modified":"2026-04-21T03:44:07","modified_gmt":"2026-04-21T01:44:07","slug":"fast-computation-of-dose-distributions","status":"publish","type":"product","link":"https:\/\/www.upm.es\/recursosidi\/offers-resources\/software\/fast-computation-of-dose-distributions\/","title":{"rendered":"Fast Computation of Dose Distributions"},"content":{"rendered":"<h4><strong>Descripci\u00f3n del software <\/strong><\/h4>\n<p>El programa tiene por objeto calcular la dosis depositada por un haz de part\u00edculas de entre 1 y 25 MeVs, compuesto de electrones y fotones, que incide sobre un volumen de entrada descrito en t\u00e9rminos de unidades Hounsfield.<\/p>\n<h4><strong>Referencia<\/strong><\/h4>\n<p>M-1279\/2013<\/p>\n<div class=\"pdfprnt-buttons pdfprnt-buttons-product pdfprnt-bottom-left\"><a href=\"https:\/\/www.upm.es\/recursosidi\/wp-json\/wp\/v2\/product\/8264?print=pdf\" class=\"pdfprnt-button pdfprnt-button-pdf\" target=\"_blank\"><span class=\"pdfprnt-button-title pdfprnt-button-pdf-title\">Descargar ficha<\/span><\/a><\/div>","protected":false},"excerpt":{"rendered":"<p>Descripci\u00f3n del software El programa tiene por objeto calcular la dosis depositada por un haz de part\u00edculas de entre 1 y 25 MeVs, compuesto de&hellip;<\/p>\n","protected":false},"featured_media":0,"template":"","meta":{"_acf_changed":false},"product_cat":[3948],"product_tag":[],"comunidades-upm":[],"quien":[],"mapa":[{"term_id":137,"name":"Bioeconom\u00eda, Biotecnolog\u00eda y Sistemas Alimentarios","slug":"bioeconomia-biotecnologia-sistemas_alimentarios","term_group":0,"term_taxonomy_id":137,"taxonomy":"mapa","description":"","parent":0,"count":45,"filter":"raw","term_order":"6"},{"term_id":126,"name":"Tecnolog\u00edas digitales, Inteligencia Artificial, ciberseguridad, 5G, rob\u00f3tica","slug":"tecnologias_digitales-ai-ciberseguridad-5g-robotica","term_group":0,"term_taxonomy_id":126,"taxonomy":"mapa","description":"","parent":0,"count":194,"filter":"raw","term_order":"23"}],"disponibilidad":[],"donde":[{"term_id":642,"name":"Information Processing and Telecommunications Center (IPTC)","slug":"information-processing-and-telecommunications-center-iptc","term_group":0,"term_taxonomy_id":642,"taxonomy":"donde","description":"","parent":0,"count":74,"filter":"raw","term_order":"0"},{"term_id":436,"name":"Tecnolog\u00eda de im\u00e1genes biom\u00e9dicas","slug":"tecnologia-de-imagenes-biomedicas","term_group":0,"term_taxonomy_id":436,"taxonomy":"donde","description":"El objetivo de nuestro trabajo es contribuir a mejorar la atenci\u00f3n de la salud a trav\u00e9s de los avances en las tecnolog\u00edas de im\u00e1genes biom\u00e9dicas, y para ello seguimos las siguientes l\u00edneas de investigaci\u00f3n:\r\n\u00a0\r\n-\u00a0 Imagen Cardiovascular\r\n-\u00a0 Reconstrucci\u00f3n de im\u00e1genes tomogr\u00e1ficas\r\n-\u00a0 Modelado\/Simulaci\u00f3n sistemas adquisici\u00f3n\r\n-\u00a0 An\u00e1lisis de im\u00e1genes biom\u00e9dicas\r\n-\u00a0\u00a0 Imagen Molecular","parent":0,"count":13,"filter":"raw","term_order":"0"}],"infraestructura":[],"ods":[],"origen":[{"term_id":184,"name":"Software","slug":"software","term_group":0,"term_taxonomy_id":184,"taxonomy":"origen","description":"","parent":0,"count":133,"filter":"raw","term_order":"0"}],"familia_tax":false,"quien_tax":false,"donde_tax":false,"year":"","contacto":"<strong>Investigadores principales: <\/strong><ul><li>ANDRES DE SANTOS LLEO <blockquote><strong>andres.santos@upm.es<\/strong><\/blockquote><\/li><li>PEDRO GUERRA GUTIERREZ <blockquote><strong>pedro.guerra@upm.es<\/strong><\/blockquote><\/li><li>MARIA JESUS LEDESMA CARBAYO <blockquote><strong>mj.ledesma@upm.es<\/strong><\/blockquote><\/li><\/ul>","telefono":"","pagina_web":"","email":"","id_ficha_portal":"754","video":"","adjuntos":false,"adjuntos_portal":"","inf":false,"departamento":"","acf":[],"lang":"es","translation":{"es":8264,"en":10697},"_links":{"self":[{"href":"https:\/\/www.upm.es\/recursosidi\/wp-json\/wp\/v2\/product\/8264"}],"collection":[{"href":"https:\/\/www.upm.es\/recursosidi\/wp-json\/wp\/v2\/product"}],"about":[{"href":"https:\/\/www.upm.es\/recursosidi\/wp-json\/wp\/v2\/types\/product"}],"wp:attachment":[{"href":"https:\/\/www.upm.es\/recursosidi\/wp-json\/wp\/v2\/media?parent=8264"}],"wp:term":[{"taxonomy":"product_cat","embeddable":true,"href":"https:\/\/www.upm.es\/recursosidi\/wp-json\/wp\/v2\/product_cat?post=8264"},{"taxonomy":"product_tag","embeddable":true,"href":"https:\/\/www.upm.es\/recursosidi\/wp-json\/wp\/v2\/product_tag?post=8264"},{"taxonomy":"comunidad_upm","embeddable":true,"href":"https:\/\/www.upm.es\/recursosidi\/wp-json\/wp\/v2\/comunidades-upm?post=8264"},{"taxonomy":"quien","embeddable":true,"href":"https:\/\/www.upm.es\/recursosidi\/wp-json\/wp\/v2\/quien?post=8264"},{"taxonomy":"mapa","embeddable":true,"href":"https:\/\/www.upm.es\/recursosidi\/wp-json\/wp\/v2\/mapa?post=8264"},{"taxonomy":"disponibilidad","embeddable":true,"href":"https:\/\/www.upm.es\/recursosidi\/wp-json\/wp\/v2\/disponibilidad?post=8264"},{"taxonomy":"donde","embeddable":true,"href":"https:\/\/www.upm.es\/recursosidi\/wp-json\/wp\/v2\/donde?post=8264"},{"taxonomy":"infraestructura","embeddable":true,"href":"https:\/\/www.upm.es\/recursosidi\/wp-json\/wp\/v2\/infraestructura?post=8264"},{"taxonomy":"ods","embeddable":true,"href":"https:\/\/www.upm.es\/recursosidi\/wp-json\/wp\/v2\/ods?post=8264"},{"taxonomy":"origen","embeddable":true,"href":"https:\/\/www.upm.es\/recursosidi\/wp-json\/wp\/v2\/origen?post=8264"}],"curies":[{"name":"wp","href":"https:\/\/api.w.org\/{rel}","templated":true}]}}