{"id":8265,"date":"2021-11-19T10:17:48","date_gmt":"2021-11-19T09:17:48","guid":{"rendered":"https:\/\/www.upm.es\/recursosidi\/offers-resources\/sin categor\u00eda\/software-para-reconocimiento-biometrico-basado-en-geometria-de-mano-sin-contacto-orientado-a-dispositivos-moviles\/"},"modified":"2026-04-21T03:44:11","modified_gmt":"2026-04-21T01:44:11","slug":"software-para-reconocimiento-biometrico-basado-en-geometria-de-mano-sin-contacto-orientado-a-dispositivos-moviles","status":"publish","type":"product","link":"https:\/\/www.upm.es\/recursosidi\/offers-resources\/software\/software-para-reconocimiento-biometrico-basado-en-geometria-de-mano-sin-contacto-orientado-a-dispositivos-moviles\/","title":{"rendered":"Software para reconocimiento biom\u00e9trico basado en geometr\u00eda de mano sin contacto orientado a dispositivos m\u00f3viles"},"content":{"rendered":"<h4><strong>Descripci\u00f3n del software <\/strong><\/h4>\n<p>El programa de ordenador realiza la funci\u00f3n de reconocimiento biom\u00e9trico bas\u00e1ndose en medidas de<br \/>\ndistancias y anchuras, y diferentes par\u00e1metros geom\u00e9tricos tomadas a partir de una foto de la<br \/>\nmano.<\/p>\n<h4><strong>Referencia<\/strong><\/h4>\n<p>M-1272\/2013<\/p>\n<div class=\"pdfprnt-buttons pdfprnt-buttons-product pdfprnt-bottom-left\"><a href=\"https:\/\/www.upm.es\/recursosidi\/wp-json\/wp\/v2\/product\/8265?print=pdf\" class=\"pdfprnt-button pdfprnt-button-pdf\" target=\"_blank\"><span class=\"pdfprnt-button-title pdfprnt-button-pdf-title\">Descargar ficha<\/span><\/a><\/div>","protected":false},"excerpt":{"rendered":"<p>Descripci\u00f3n del software El programa de ordenador realiza la funci\u00f3n de reconocimiento biom\u00e9trico bas\u00e1ndose en medidas de distancias y anchuras, y diferentes par\u00e1metros geom\u00e9tricos tomadas&hellip;<\/p>\n","protected":false},"featured_media":0,"template":"","meta":{"_acf_changed":false},"product_cat":[3948],"product_tag":[],"comunidades-upm":[],"quien":[],"mapa":[{"term_id":126,"name":"Tecnolog\u00edas digitales, Inteligencia Artificial, ciberseguridad, 5G, rob\u00f3tica","slug":"tecnologias_digitales-ai-ciberseguridad-5g-robotica","term_group":0,"term_taxonomy_id":126,"taxonomy":"mapa","description":"","parent":0,"count":194,"filter":"raw","term_order":"23"}],"disponibilidad":[],"donde":[{"term_id":250,"name":"Centro de Digitalizaci\u00f3n Intermodular (CeDInt)","slug":"centro-de-digitalizacion-intermodular-cedint","term_group":0,"term_taxonomy_id":250,"taxonomy":"donde","description":"","parent":0,"count":21,"filter":"raw","term_order":"0"},{"term_id":658,"name":"Grupo de Biometr\u00eda, Biose\u00f1ales, Seguridad y Smart Mobility","slug":"grupo-de-biometria-biosenales-seguridad-y-smart-mobility","term_group":0,"term_taxonomy_id":658,"taxonomy":"donde","description":"","parent":0,"count":17,"filter":"raw","term_order":"0"}],"infraestructura":[],"ods":[],"origen":[{"term_id":184,"name":"Software","slug":"software","term_group":0,"term_taxonomy_id":184,"taxonomy":"origen","description":"","parent":0,"count":133,"filter":"raw","term_order":"0"}],"familia_tax":false,"quien_tax":false,"donde_tax":false,"year":"","contacto":"<strong>Investigadores principales: <\/strong><ul><li>MARIA DEL CARMEN SANCHEZ AVILA <blockquote><strong>carmen.sanchez.avila@upm.es<\/strong><\/blockquote><\/li><li>Alberto De Santos Sierra <blockquote><strong>alberto.desantos@upm.es<\/strong><\/blockquote><\/li><li>JAVIER GUERRA CASANOVA <blockquote><strong>javier.guerra@upm.es<\/strong><\/blockquote><\/li><li>GONZALO BAILADOR POZO <blockquote><strong>gonzalo.bailador@upm.es<\/strong><\/blockquote><\/li><\/ul><strong>Otros investigadores UPM: <\/strong><ul><li>Daniel de Santos Sierra<\/li><\/ul>","telefono":"","pagina_web":"","email":"","id_ficha_portal":"752","video":"","adjuntos":false,"adjuntos_portal":"","inf":false,"departamento":"","acf":[],"lang":"es","translation":{"es":8265,"en":10698},"_links":{"self":[{"href":"https:\/\/www.upm.es\/recursosidi\/wp-json\/wp\/v2\/product\/8265"}],"collection":[{"href":"https:\/\/www.upm.es\/recursosidi\/wp-json\/wp\/v2\/product"}],"about":[{"href":"https:\/\/www.upm.es\/recursosidi\/wp-json\/wp\/v2\/types\/product"}],"wp:attachment":[{"href":"https:\/\/www.upm.es\/recursosidi\/wp-json\/wp\/v2\/media?parent=8265"}],"wp:term":[{"taxonomy":"product_cat","embeddable":true,"href":"https:\/\/www.upm.es\/recursosidi\/wp-json\/wp\/v2\/product_cat?post=8265"},{"taxonomy":"product_tag","embeddable":true,"href":"https:\/\/www.upm.es\/recursosidi\/wp-json\/wp\/v2\/product_tag?post=8265"},{"taxonomy":"comunidad_upm","embeddable":true,"href":"https:\/\/www.upm.es\/recursosidi\/wp-json\/wp\/v2\/comunidades-upm?post=8265"},{"taxonomy":"quien","embeddable":true,"href":"https:\/\/www.upm.es\/recursosidi\/wp-json\/wp\/v2\/quien?post=8265"},{"taxonomy":"mapa","embeddable":true,"href":"https:\/\/www.upm.es\/recursosidi\/wp-json\/wp\/v2\/mapa?post=8265"},{"taxonomy":"disponibilidad","embeddable":true,"href":"https:\/\/www.upm.es\/recursosidi\/wp-json\/wp\/v2\/disponibilidad?post=8265"},{"taxonomy":"donde","embeddable":true,"href":"https:\/\/www.upm.es\/recursosidi\/wp-json\/wp\/v2\/donde?post=8265"},{"taxonomy":"infraestructura","embeddable":true,"href":"https:\/\/www.upm.es\/recursosidi\/wp-json\/wp\/v2\/infraestructura?post=8265"},{"taxonomy":"ods","embeddable":true,"href":"https:\/\/www.upm.es\/recursosidi\/wp-json\/wp\/v2\/ods?post=8265"},{"taxonomy":"origen","embeddable":true,"href":"https:\/\/www.upm.es\/recursosidi\/wp-json\/wp\/v2\/origen?post=8265"}],"curies":[{"name":"wp","href":"https:\/\/api.w.org\/{rel}","templated":true}]}}