{"id":8266,"date":"2021-11-19T10:17:50","date_gmt":"2021-11-19T09:17:50","guid":{"rendered":"https:\/\/www.upm.es\/recursosidi\/offers-resources\/sin categor\u00eda\/oops-oops-ontology-pitfall-scanner\/"},"modified":"2026-04-22T02:31:48","modified_gmt":"2026-04-22T00:31:48","slug":"oops-oops-ontology-pitfall-scanner","status":"publish","type":"product","link":"https:\/\/www.upm.es\/recursosidi\/offers-resources\/software\/oops-oops-ontology-pitfall-scanner\/","title":{"rendered":"(OOPS!) &#8211; OOPS! &#8211; Ontology Pitfall Scanner"},"content":{"rendered":"<h4><strong>Descripci\u00f3n del software <\/strong><\/h4>\n<p>Herramienta orientada al a validaci\u00f3n de<br \/>\nontolog\u00edas. En concreto OOPS! permite analizar ontolog\u00edas para detectar algunos de los<br \/>\nerrores que se suelen dar durante el desarrollo de ontolog\u00edas. En este sentido OOPS!<br \/>\nrealiza un diagn\u00f3stico de la ontolog\u00eda de manera independiente al dominio o los<br \/>\nrequisitos modelados en la misma. A partir de dicho diagn\u00f3stico OOPS! genera una<br \/>\nserie de notificaciones indicando en qu\u00e9 elementos se podr\u00edan estar cometiendo errores.<\/p>\n<h4><strong>Referencia<\/strong><\/h4>\n<p>M-009445\/2012<\/p>\n<div class=\"pdfprnt-buttons pdfprnt-buttons-product pdfprnt-bottom-left\"><a href=\"https:\/\/www.upm.es\/recursosidi\/wp-json\/wp\/v2\/product\/8266?print=pdf\" class=\"pdfprnt-button pdfprnt-button-pdf\" target=\"_blank\"><span class=\"pdfprnt-button-title pdfprnt-button-pdf-title\">Descargar ficha<\/span><\/a><\/div>","protected":false},"excerpt":{"rendered":"<p>Descripci\u00f3n del software Herramienta orientada al a validaci\u00f3n de ontolog\u00edas. En concreto OOPS! permite analizar ontolog\u00edas para detectar algunos de los errores que se suelen&hellip;<\/p>\n","protected":false},"featured_media":0,"template":"","meta":{"_acf_changed":false},"product_cat":[3948],"product_tag":[],"comunidades-upm":[],"quien":[],"mapa":[{"term_id":126,"name":"Tecnolog\u00edas digitales, Inteligencia Artificial, ciberseguridad, 5G, rob\u00f3tica","slug":"tecnologias_digitales-ai-ciberseguridad-5g-robotica","term_group":0,"term_taxonomy_id":126,"taxonomy":"mapa","description":"","parent":0,"count":194,"filter":"raw","term_order":"23"}],"disponibilidad":[],"donde":[{"term_id":664,"name":"Centro de I+D+i en Inteligencia Artificial (AI.nnovation Space)","slug":"centro-de-idi-en-inteligencia-artificial-ai-nnovation-space","term_group":0,"term_taxonomy_id":664,"taxonomy":"donde","description":"","parent":0,"count":44,"filter":"raw","term_order":"0"},{"term_id":526,"name":"Ontology Engineering Group","slug":"ontology-engineering-group","term_group":0,"term_taxonomy_id":526,"taxonomy":"donde","description":"Trabajamos en las siguientes l&iacute;neas:\n&nbsp;\n\n<strong>Ingenier&iacute;a Ontol&oacute;gica.<\/strong> Construimos ontolog&iacute;as en dominios muy diversos, as&iacute; como m&eacute;todos y herramientas para facilitar esta tarea.\n<strong>Web Sem&aacute;ntica y Linked Data<\/strong>. Hemos creado Linked Data para organizaciones como la Biblioteca Nacional de Espa&ntilde;a, Instituto Geogr&aacute;fico Nacional, Ayuntamiento de Zaragoza, etc. Tambi&eacute;n hemos creado un gran n&uacute;mero de aplicaciones basadas en estos datos.\n<strong>Ingenier&iacute;a Ling&uuml;&iacute;stica.<\/strong> Aplicamos t&eacute;cnicas de procesamiento de lenguaje natural para la construcci&oacute;n de ontolog&iacute;as y la anotaci&oacute;n de textos, as&iacute; como el tratamiento de la multilingualidad.\n<strong>Integraci&oacute;n de datos.<\/strong> Creamos herramientas para integrar datos de bases de datos relacionales, hojas de c&aacute;lculo, streams de datos,, etc.\n<strong>e-Ciencia Sem&aacute;ntica.<\/strong> Facilitamos la labor de investigadores de varias disciplinas mediante el uso de tecnolog&iacute;as sem&aacute;nticas.\n","parent":0,"count":45,"filter":"raw","term_order":"0"}],"infraestructura":[],"ods":[],"origen":[{"term_id":184,"name":"Software","slug":"software","term_group":0,"term_taxonomy_id":184,"taxonomy":"origen","description":"","parent":0,"count":133,"filter":"raw","term_order":"0"}],"familia_tax":false,"quien_tax":false,"donde_tax":false,"year":"","contacto":"<strong>Investigadores principales: <\/strong><ul><li>M. CARMEN SUAREZ DE FIGUEROA BAONZA <blockquote><strong>mdelcarmen.suarezdefigueroa@upm.es<\/strong><\/blockquote><\/li><li>ASUNCION DE MARIA GOMEZ PEREZ <blockquote><strong>asunciondemaria.gomez@upm.es<\/strong><\/blockquote><\/li><li>MARIA POVEDA VILLALON <blockquote><strong>m.poveda@upm.es<\/strong><\/blockquote><\/li><\/ul>","telefono":"","pagina_web":"","email":"","id_ficha_portal":"739","video":"","adjuntos":false,"adjuntos_portal":"","inf":false,"departamento":"","acf":[],"lang":"es","translation":{"es":8266,"en":10699},"_links":{"self":[{"href":"https:\/\/www.upm.es\/recursosidi\/wp-json\/wp\/v2\/product\/8266"}],"collection":[{"href":"https:\/\/www.upm.es\/recursosidi\/wp-json\/wp\/v2\/product"}],"about":[{"href":"https:\/\/www.upm.es\/recursosidi\/wp-json\/wp\/v2\/types\/product"}],"wp:attachment":[{"href":"https:\/\/www.upm.es\/recursosidi\/wp-json\/wp\/v2\/media?parent=8266"}],"wp:term":[{"taxonomy":"product_cat","embeddable":true,"href":"https:\/\/www.upm.es\/recursosidi\/wp-json\/wp\/v2\/product_cat?post=8266"},{"taxonomy":"product_tag","embeddable":true,"href":"https:\/\/www.upm.es\/recursosidi\/wp-json\/wp\/v2\/product_tag?post=8266"},{"taxonomy":"comunidad_upm","embeddable":true,"href":"https:\/\/www.upm.es\/recursosidi\/wp-json\/wp\/v2\/comunidades-upm?post=8266"},{"taxonomy":"quien","embeddable":true,"href":"https:\/\/www.upm.es\/recursosidi\/wp-json\/wp\/v2\/quien?post=8266"},{"taxonomy":"mapa","embeddable":true,"href":"https:\/\/www.upm.es\/recursosidi\/wp-json\/wp\/v2\/mapa?post=8266"},{"taxonomy":"disponibilidad","embeddable":true,"href":"https:\/\/www.upm.es\/recursosidi\/wp-json\/wp\/v2\/disponibilidad?post=8266"},{"taxonomy":"donde","embeddable":true,"href":"https:\/\/www.upm.es\/recursosidi\/wp-json\/wp\/v2\/donde?post=8266"},{"taxonomy":"infraestructura","embeddable":true,"href":"https:\/\/www.upm.es\/recursosidi\/wp-json\/wp\/v2\/infraestructura?post=8266"},{"taxonomy":"ods","embeddable":true,"href":"https:\/\/www.upm.es\/recursosidi\/wp-json\/wp\/v2\/ods?post=8266"},{"taxonomy":"origen","embeddable":true,"href":"https:\/\/www.upm.es\/recursosidi\/wp-json\/wp\/v2\/origen?post=8266"}],"curies":[{"name":"wp","href":"https:\/\/api.w.org\/{rel}","templated":true}]}}