{"id":8268,"date":"2021-11-19T10:17:52","date_gmt":"2021-11-19T09:17:52","guid":{"rendered":"https:\/\/www.upm.es\/recursosidi\/offers-resources\/sin categor\u00eda\/software-para-el-reconocimiento-de-gestos-realizados-por-el-usuario-orientado-a-dispositivos-moviles-que-incorporen-un-acelerometro\/"},"modified":"2026-05-01T03:43:27","modified_gmt":"2026-05-01T01:43:27","slug":"software-para-el-reconocimiento-de-gestos-realizados-por-el-usuario-orientado-a-dispositivos-moviles-que-incorporen-un-acelerometro","status":"publish","type":"product","link":"https:\/\/www.upm.es\/recursosidi\/offers-resources\/software\/software-para-el-reconocimiento-de-gestos-realizados-por-el-usuario-orientado-a-dispositivos-moviles-que-incorporen-un-acelerometro\/","title":{"rendered":"Software para el reconocimiento de gestos realizados por el usuario orientado a dispositivos m\u00f3viles que incorporen un aceler\u00f3metro"},"content":{"rendered":"<h4><strong>Descripci\u00f3n del software <\/strong><\/h4>\n<p>El software permite llevar a cabo la identificaci\u00f3n de un gesto realizado por la persona con el m\u00f3vil y otro dispositivo con un aceler\u00f3metro. Una de las principales caracter\u00edsticas de este algoritmo es que permite llevar a cabo la identificaci\u00f3n en tiempo real sin necesidad de indicar el principio o final del gesto.<\/p>\n<h4><strong>Referencia<\/strong><\/h4>\n<p>M-5532\/2013<\/p>\n<div class=\"pdfprnt-buttons pdfprnt-buttons-product pdfprnt-bottom-left\"><a href=\"https:\/\/www.upm.es\/recursosidi\/wp-json\/wp\/v2\/product\/8268?print=pdf\" class=\"pdfprnt-button pdfprnt-button-pdf\" target=\"_blank\"><span class=\"pdfprnt-button-title pdfprnt-button-pdf-title\">Descargar ficha<\/span><\/a><\/div>","protected":false},"excerpt":{"rendered":"<p>Descripci\u00f3n del software El software permite llevar a cabo la identificaci\u00f3n de un gesto realizado por la persona con el m\u00f3vil y otro dispositivo con&hellip;<\/p>\n","protected":false},"featured_media":0,"template":"","meta":{"_acf_changed":false},"product_cat":[3948],"product_tag":[],"comunidades-upm":[],"quien":[],"mapa":[],"disponibilidad":[],"donde":[{"term_id":250,"name":"Centro de Digitalizaci\u00f3n Intermodular (CeDInt)","slug":"centro-de-digitalizacion-intermodular-cedint","term_group":0,"term_taxonomy_id":250,"taxonomy":"donde","description":"","parent":0,"count":21,"filter":"raw","term_order":"0"},{"term_id":658,"name":"Grupo de Biometr\u00eda, Biose\u00f1ales, Seguridad y Smart Mobility","slug":"grupo-de-biometria-biosenales-seguridad-y-smart-mobility","term_group":0,"term_taxonomy_id":658,"taxonomy":"donde","description":"","parent":0,"count":17,"filter":"raw","term_order":"0"}],"infraestructura":[],"ods":[],"origen":[{"term_id":184,"name":"Software","slug":"software","term_group":0,"term_taxonomy_id":184,"taxonomy":"origen","description":"","parent":0,"count":133,"filter":"raw","term_order":"0"}],"familia_tax":false,"quien_tax":false,"donde_tax":false,"year":"","contacto":"<strong>Investigadores principales: <\/strong><ul><li>MARIA DEL CARMEN SANCHEZ AVILA <blockquote><strong>carmen.sanchez.avila@upm.es<\/strong><\/blockquote><\/li><li>Alberto De Santos Sierra <blockquote><strong>alberto.desantos@upm.es<\/strong><\/blockquote><\/li><li>JAVIER GUERRA CASANOVA <blockquote><strong>javier.guerra@upm.es<\/strong><\/blockquote><\/li><li>VICENTE JARA VERA <blockquote><strong>vicente.jara@upm.es<\/strong><\/blockquote><\/li><li>GONZALO BAILADOR POZO <blockquote><strong>gonzalo.bailador@upm.es<\/strong><\/blockquote><\/li><\/ul><strong>Otros investigadores UPM: <\/strong><ul><li>Daniel de Santos Sierra<\/li><\/ul>","telefono":"","pagina_web":"","email":"","id_ficha_portal":"786","video":"","adjuntos":false,"adjuntos_portal":"","inf":false,"departamento":"","acf":[],"lang":"es","translation":{"es":8268,"en":10701},"_links":{"self":[{"href":"https:\/\/www.upm.es\/recursosidi\/wp-json\/wp\/v2\/product\/8268"}],"collection":[{"href":"https:\/\/www.upm.es\/recursosidi\/wp-json\/wp\/v2\/product"}],"about":[{"href":"https:\/\/www.upm.es\/recursosidi\/wp-json\/wp\/v2\/types\/product"}],"wp:attachment":[{"href":"https:\/\/www.upm.es\/recursosidi\/wp-json\/wp\/v2\/media?parent=8268"}],"wp:term":[{"taxonomy":"product_cat","embeddable":true,"href":"https:\/\/www.upm.es\/recursosidi\/wp-json\/wp\/v2\/product_cat?post=8268"},{"taxonomy":"product_tag","embeddable":true,"href":"https:\/\/www.upm.es\/recursosidi\/wp-json\/wp\/v2\/product_tag?post=8268"},{"taxonomy":"comunidad_upm","embeddable":true,"href":"https:\/\/www.upm.es\/recursosidi\/wp-json\/wp\/v2\/comunidades-upm?post=8268"},{"taxonomy":"quien","embeddable":true,"href":"https:\/\/www.upm.es\/recursosidi\/wp-json\/wp\/v2\/quien?post=8268"},{"taxonomy":"mapa","embeddable":true,"href":"https:\/\/www.upm.es\/recursosidi\/wp-json\/wp\/v2\/mapa?post=8268"},{"taxonomy":"disponibilidad","embeddable":true,"href":"https:\/\/www.upm.es\/recursosidi\/wp-json\/wp\/v2\/disponibilidad?post=8268"},{"taxonomy":"donde","embeddable":true,"href":"https:\/\/www.upm.es\/recursosidi\/wp-json\/wp\/v2\/donde?post=8268"},{"taxonomy":"infraestructura","embeddable":true,"href":"https:\/\/www.upm.es\/recursosidi\/wp-json\/wp\/v2\/infraestructura?post=8268"},{"taxonomy":"ods","embeddable":true,"href":"https:\/\/www.upm.es\/recursosidi\/wp-json\/wp\/v2\/ods?post=8268"},{"taxonomy":"origen","embeddable":true,"href":"https:\/\/www.upm.es\/recursosidi\/wp-json\/wp\/v2\/origen?post=8268"}],"curies":[{"name":"wp","href":"https:\/\/api.w.org\/{rel}","templated":true}]}}