{"id":8269,"date":"2021-11-19T10:17:54","date_gmt":"2021-11-19T09:17:54","guid":{"rendered":"https:\/\/www.upm.es\/recursosidi\/offers-resources\/sin categor\u00eda\/parametrizacion-de-las-curvas-de-consumo-por-tipologia-de-vehiculo-en-funcion-de-la-velocidad-metodologia-hera\/"},"modified":"2026-04-21T03:44:31","modified_gmt":"2026-04-21T01:44:31","slug":"parametrizacion-de-las-curvas-de-consumo-por-tipologia-de-vehiculo-en-funcion-de-la-velocidad-metodologia-hera","status":"publish","type":"product","link":"https:\/\/www.upm.es\/recursosidi\/offers-resources\/software\/parametrizacion-de-las-curvas-de-consumo-por-tipologia-de-vehiculo-en-funcion-de-la-velocidad-metodologia-hera\/","title":{"rendered":"Parametrizaci\u00f3n de las curvas de consumo por tipolog\u00eda de veh\u00edculo en funci\u00f3n de la velocidad &#8211; Metodolog\u00eda HERA"},"content":{"rendered":"<h4><strong>Descripci\u00f3n del software <\/strong><\/h4>\n<p>Esta base de datos parametriza para cada tipolog\u00eda de veh\u00edculo una \u00fanica curva de consumo en funci\u00f3n de la velocidad media. Cada tipolog\u00eda de veh\u00edculo se clasifica seg\u00fan tipo de combustible, tipo motor\/carga y tecnolog\u00eda del motor. En el caso de veh\u00edculos pesados tambi\u00e9n se clasifican seg\u00fan la pendiente de la v\u00eda por la que circulen y el estado de carga (carga completa, media carga o vac\u00edo). <\/p>\n<h4><strong>Referencia<\/strong><\/h4>\n<p>M-3993\/2013<\/p>\n<div class=\"pdfprnt-buttons pdfprnt-buttons-product pdfprnt-bottom-left\"><a href=\"https:\/\/www.upm.es\/recursosidi\/wp-json\/wp\/v2\/product\/8269?print=pdf\" class=\"pdfprnt-button pdfprnt-button-pdf\" target=\"_blank\"><span class=\"pdfprnt-button-title pdfprnt-button-pdf-title\">Descargar ficha<\/span><\/a><\/div>","protected":false},"excerpt":{"rendered":"<p>Descripci\u00f3n del software Esta base de datos parametriza para cada tipolog\u00eda de veh\u00edculo una \u00fanica curva de consumo en funci\u00f3n de la velocidad media. Cada&hellip;<\/p>\n","protected":false},"featured_media":0,"template":"","meta":{"_acf_changed":false},"product_cat":[3948],"product_tag":[],"comunidades-upm":[],"quien":[],"mapa":[],"disponibilidad":[],"donde":[{"term_id":246,"name":"Centro de Investigaci\u00f3n del Transporte (TRANSYT)","slug":"centro-de-investigacion-del-transporte-transyt","term_group":0,"term_taxonomy_id":246,"taxonomy":"donde","description":"","parent":0,"count":9,"filter":"raw","term_order":"0"},{"term_id":348,"name":"Planificaci\u00f3n del Transporte","slug":"planificacion-del-transporte","term_group":0,"term_taxonomy_id":348,"taxonomy":"donde","description":"Nuestros objetivos son generar capacidad de liderazgo y participaci&oacute;n en programas, proyectos y redes de investigaci&oacute;n de vanguardia internacional en el &aacute;mbito de la ERA (European Research Area); formar investigadores-doctores en el &aacute;mbito de la investigaci&oacute;n del transporte; potenciar las relaciones con otros centros nacionales e internacionales; y servir de puente entre la Universidad y los agentes del sector transporte: administraciones, empresas e instituciones, estudiantes y ciudadanos. Nuestras <strong>l&iacute;neas de investigaci&oacute;n<\/strong> son tres:\n&nbsp;\n\nEconom&iacute;a y financiaci&oacute;n del transporte.\nAn&aacute;lisis y modelizaci&oacute;n de la movilidad y sus efectos.\nPlanificaci&oacute;n integrada de territorio y transporte.\n","parent":0,"count":7,"filter":"raw","term_order":"0"}],"infraestructura":[],"ods":[],"origen":[{"term_id":184,"name":"Software","slug":"software","term_group":0,"term_taxonomy_id":184,"taxonomy":"origen","description":"","parent":0,"count":133,"filter":"raw","term_order":"0"}],"familia_tax":false,"quien_tax":false,"donde_tax":false,"year":"","contacto":"<strong>Investigadores principales: <\/strong><ul><li>ANDRES MONZON DE CACERES <blockquote><strong>andres.monzon@upm.es<\/strong><\/blockquote><\/li><li>SARA HERNANDEZ DEL OLMO <blockquote><strong>sara.hernandez@upm.es<\/strong><\/blockquote><\/li><li>NATALIA SOBRINO VAZQUEZ <blockquote><strong>natalia.sobrino@upm.es<\/strong><\/blockquote><\/li><\/ul>","telefono":"","pagina_web":"","email":"","id_ficha_portal":"766","video":"","adjuntos":false,"adjuntos_portal":"","inf":false,"departamento":"","acf":[],"lang":"es","translation":{"es":8269,"en":10702},"_links":{"self":[{"href":"https:\/\/www.upm.es\/recursosidi\/wp-json\/wp\/v2\/product\/8269"}],"collection":[{"href":"https:\/\/www.upm.es\/recursosidi\/wp-json\/wp\/v2\/product"}],"about":[{"href":"https:\/\/www.upm.es\/recursosidi\/wp-json\/wp\/v2\/types\/product"}],"wp:attachment":[{"href":"https:\/\/www.upm.es\/recursosidi\/wp-json\/wp\/v2\/media?parent=8269"}],"wp:term":[{"taxonomy":"product_cat","embeddable":true,"href":"https:\/\/www.upm.es\/recursosidi\/wp-json\/wp\/v2\/product_cat?post=8269"},{"taxonomy":"product_tag","embeddable":true,"href":"https:\/\/www.upm.es\/recursosidi\/wp-json\/wp\/v2\/product_tag?post=8269"},{"taxonomy":"comunidad_upm","embeddable":true,"href":"https:\/\/www.upm.es\/recursosidi\/wp-json\/wp\/v2\/comunidades-upm?post=8269"},{"taxonomy":"quien","embeddable":true,"href":"https:\/\/www.upm.es\/recursosidi\/wp-json\/wp\/v2\/quien?post=8269"},{"taxonomy":"mapa","embeddable":true,"href":"https:\/\/www.upm.es\/recursosidi\/wp-json\/wp\/v2\/mapa?post=8269"},{"taxonomy":"disponibilidad","embeddable":true,"href":"https:\/\/www.upm.es\/recursosidi\/wp-json\/wp\/v2\/disponibilidad?post=8269"},{"taxonomy":"donde","embeddable":true,"href":"https:\/\/www.upm.es\/recursosidi\/wp-json\/wp\/v2\/donde?post=8269"},{"taxonomy":"infraestructura","embeddable":true,"href":"https:\/\/www.upm.es\/recursosidi\/wp-json\/wp\/v2\/infraestructura?post=8269"},{"taxonomy":"ods","embeddable":true,"href":"https:\/\/www.upm.es\/recursosidi\/wp-json\/wp\/v2\/ods?post=8269"},{"taxonomy":"origen","embeddable":true,"href":"https:\/\/www.upm.es\/recursosidi\/wp-json\/wp\/v2\/origen?post=8269"}],"curies":[{"name":"wp","href":"https:\/\/api.w.org\/{rel}","templated":true}]}}