{"id":8274,"date":"2021-11-19T10:18:00","date_gmt":"2021-11-19T09:18:00","guid":{"rendered":"https:\/\/www.upm.es\/recursosidi\/offers-resources\/sin categor\u00eda\/composicion-de-la-flota-de-vehiculos-circulantes-en-vias-de-alta-capacidad-espanola-a-31-12-2009-parametros-de-ponderacion\/"},"modified":"2026-05-11T03:01:45","modified_gmt":"2026-05-11T01:01:45","slug":"composicion-de-la-flota-de-vehiculos-circulantes-en-vias-de-alta-capacidad-espanola-a-31-12-2009-parametros-de-ponderacion","status":"publish","type":"product","link":"https:\/\/www.upm.es\/recursosidi\/offers-resources\/software\/composicion-de-la-flota-de-vehiculos-circulantes-en-vias-de-alta-capacidad-espanola-a-31-12-2009-parametros-de-ponderacion\/","title":{"rendered":"Composici\u00f3n de la flota de veh\u00edculos circulantes en v\u00edas de alta capacidad espa\u00f1ola a 31-12-2009 &#8211; par\u00e1metros de ponderaci\u00f3n"},"content":{"rendered":"<h4><strong>Descripci\u00f3n del software <\/strong><\/h4>\n<p>Esta base de datos trata de caracterizar la verdadera composic\u00f3n d ela flota circulante de veh\u00edculos de la red de alta capacidad espa\u00f1ola para el a\u00f1o 2009 (a 31 de diciembre de 2009). Los datos de la composci\u00f3n de la flota que se obtienen de la Direcci\u00f3n General de Tr\u00e1ficoc deben ajustarse para tener en cuenta el hecho de que el n\u00famero de kil\u00f3metros recorridos por las v\u00edas de alta capacidad disminuye con la edad del veh\u00edculo. Adcionalmente se obtiene la proporci\u00f3n relativa de los diferentes tipos de veh\u00edculos o tambi\u00e9n llamdos par\u00e1metros de ponderaci\u00f3n.<\/p>\n<h4><strong>Referencia<\/strong><\/h4>\n<p>M-3997\/2013<\/p>\n<div class=\"pdfprnt-buttons pdfprnt-buttons-product pdfprnt-bottom-left\"><a href=\"https:\/\/www.upm.es\/recursosidi\/wp-json\/wp\/v2\/product\/8274?print=pdf\" class=\"pdfprnt-button pdfprnt-button-pdf\" target=\"_blank\"><span class=\"pdfprnt-button-title pdfprnt-button-pdf-title\">Descargar ficha<\/span><\/a><\/div>","protected":false},"excerpt":{"rendered":"<p>Descripci\u00f3n del software Esta base de datos trata de caracterizar la verdadera composic\u00f3n d ela flota circulante de veh\u00edculos de la red de alta capacidad&hellip;<\/p>\n","protected":false},"featured_media":0,"template":"","meta":{"_acf_changed":false},"product_cat":[3948],"product_tag":[],"comunidades-upm":[],"quien":[],"mapa":[],"disponibilidad":[],"donde":[{"term_id":246,"name":"Centro de Investigaci\u00f3n del Transporte (TRANSYT)","slug":"centro-de-investigacion-del-transporte-transyt","term_group":0,"term_taxonomy_id":246,"taxonomy":"donde","description":"","parent":0,"count":9,"filter":"raw","term_order":"0"},{"term_id":348,"name":"Planificaci\u00f3n del Transporte","slug":"planificacion-del-transporte","term_group":0,"term_taxonomy_id":348,"taxonomy":"donde","description":"Nuestros objetivos son generar capacidad de liderazgo y participaci&oacute;n en programas, proyectos y redes de investigaci&oacute;n de vanguardia internacional en el &aacute;mbito de la ERA (European Research Area); formar investigadores-doctores en el &aacute;mbito de la investigaci&oacute;n del transporte; potenciar las relaciones con otros centros nacionales e internacionales; y servir de puente entre la Universidad y los agentes del sector transporte: administraciones, empresas e instituciones, estudiantes y ciudadanos. Nuestras <strong>l&iacute;neas de investigaci&oacute;n<\/strong> son tres:\n&nbsp;\n\nEconom&iacute;a y financiaci&oacute;n del transporte.\nAn&aacute;lisis y modelizaci&oacute;n de la movilidad y sus efectos.\nPlanificaci&oacute;n integrada de territorio y transporte.\n","parent":0,"count":7,"filter":"raw","term_order":"0"}],"infraestructura":[],"ods":[],"origen":[{"term_id":184,"name":"Software","slug":"software","term_group":0,"term_taxonomy_id":184,"taxonomy":"origen","description":"","parent":0,"count":133,"filter":"raw","term_order":"0"}],"familia_tax":false,"quien_tax":false,"donde_tax":false,"year":"","contacto":"<strong>Investigadores principales: <\/strong><ul><li>ANDRES MONZON DE CACERES <blockquote><strong>andres.monzon@upm.es<\/strong><\/blockquote><\/li><li>SARA HERNANDEZ DEL OLMO <blockquote><strong>sara.hernandez@upm.es<\/strong><\/blockquote><\/li><li>NATALIA SOBRINO VAZQUEZ <blockquote><strong>natalia.sobrino@upm.es<\/strong><\/blockquote><\/li><\/ul>","telefono":"","pagina_web":"","email":"","id_ficha_portal":"767","video":"","adjuntos":false,"adjuntos_portal":"","inf":false,"departamento":"","acf":[],"lang":"es","translation":{"es":8274,"en":10707},"_links":{"self":[{"href":"https:\/\/www.upm.es\/recursosidi\/wp-json\/wp\/v2\/product\/8274"}],"collection":[{"href":"https:\/\/www.upm.es\/recursosidi\/wp-json\/wp\/v2\/product"}],"about":[{"href":"https:\/\/www.upm.es\/recursosidi\/wp-json\/wp\/v2\/types\/product"}],"wp:attachment":[{"href":"https:\/\/www.upm.es\/recursosidi\/wp-json\/wp\/v2\/media?parent=8274"}],"wp:term":[{"taxonomy":"product_cat","embeddable":true,"href":"https:\/\/www.upm.es\/recursosidi\/wp-json\/wp\/v2\/product_cat?post=8274"},{"taxonomy":"product_tag","embeddable":true,"href":"https:\/\/www.upm.es\/recursosidi\/wp-json\/wp\/v2\/product_tag?post=8274"},{"taxonomy":"comunidad_upm","embeddable":true,"href":"https:\/\/www.upm.es\/recursosidi\/wp-json\/wp\/v2\/comunidades-upm?post=8274"},{"taxonomy":"quien","embeddable":true,"href":"https:\/\/www.upm.es\/recursosidi\/wp-json\/wp\/v2\/quien?post=8274"},{"taxonomy":"mapa","embeddable":true,"href":"https:\/\/www.upm.es\/recursosidi\/wp-json\/wp\/v2\/mapa?post=8274"},{"taxonomy":"disponibilidad","embeddable":true,"href":"https:\/\/www.upm.es\/recursosidi\/wp-json\/wp\/v2\/disponibilidad?post=8274"},{"taxonomy":"donde","embeddable":true,"href":"https:\/\/www.upm.es\/recursosidi\/wp-json\/wp\/v2\/donde?post=8274"},{"taxonomy":"infraestructura","embeddable":true,"href":"https:\/\/www.upm.es\/recursosidi\/wp-json\/wp\/v2\/infraestructura?post=8274"},{"taxonomy":"ods","embeddable":true,"href":"https:\/\/www.upm.es\/recursosidi\/wp-json\/wp\/v2\/ods?post=8274"},{"taxonomy":"origen","embeddable":true,"href":"https:\/\/www.upm.es\/recursosidi\/wp-json\/wp\/v2\/origen?post=8274"}],"curies":[{"name":"wp","href":"https:\/\/api.w.org\/{rel}","templated":true}]}}