{"id":8301,"date":"2021-11-19T10:18:36","date_gmt":"2021-11-19T09:18:36","guid":{"rendered":"https:\/\/www.upm.es\/recursosidi\/offers-resources\/sin categor\u00eda\/sonrie-sistema-de-apoyo-terapeutico-kinect-para-ninos-con-paralisis-cerebral-infantil-sonrie\/"},"modified":"2026-04-21T03:47:34","modified_gmt":"2026-04-21T01:47:34","slug":"sonrie-sistema-de-apoyo-terapeutico-kinect-para-ninos-con-paralisis-cerebral-infantil-sonrie","status":"publish","type":"product","link":"https:\/\/www.upm.es\/recursosidi\/offers-resources\/software\/sonrie-sistema-de-apoyo-terapeutico-kinect-para-ninos-con-paralisis-cerebral-infantil-sonrie\/","title":{"rendered":"(SONR\u00cdE) &#8211; Sistema de apoyo terap\u00e9utico Kinect para ni\u00f1os con par\u00e1lisis cerebral infantil (SONR\u00cdE)"},"content":{"rendered":"<h4><strong>Descripci\u00f3n del software <\/strong><\/h4>\n<p>Ayudar a rehabilitadores, fisioterapeutas y logopedas a detectar y a rehabilitar los trastonros faciales de los ni\u00f1os con alteraciones neurol\u00f3gicas.<\/p>\n<h4><strong>Referencia<\/strong><\/h4>\n<p>M-7316\/2015<\/p>\n<div class=\"pdfprnt-buttons pdfprnt-buttons-product pdfprnt-bottom-left\"><a href=\"https:\/\/www.upm.es\/recursosidi\/wp-json\/wp\/v2\/product\/8301?print=pdf\" class=\"pdfprnt-button pdfprnt-button-pdf\" target=\"_blank\"><span class=\"pdfprnt-button-title pdfprnt-button-pdf-title\">Descargar ficha<\/span><\/a><\/div>","protected":false},"excerpt":{"rendered":"<p>Descripci\u00f3n del software Ayudar a rehabilitadores, fisioterapeutas y logopedas a detectar y a rehabilitar los trastonros faciales de los ni\u00f1os con alteraciones neurol\u00f3gicas. Referencia M-7316\/2015&hellip;<\/p>\n","protected":false},"featured_media":0,"template":"","meta":{"_acf_changed":false},"product_cat":[3948],"product_tag":[],"comunidades-upm":[],"quien":[],"mapa":[],"disponibilidad":[],"donde":[{"term_id":3427,"name":"Innovaci\u00f3n Tecnol\u00f3gica para las Personas (InnoTep)","slug":"innovacion-tecnologica-para-las-personas-innotep","term_group":0,"term_taxonomy_id":3427,"taxonomy":"donde","description":"","parent":0,"count":11,"filter":"raw","term_order":"0"}],"infraestructura":[],"ods":[],"origen":[{"term_id":184,"name":"Software","slug":"software","term_group":0,"term_taxonomy_id":184,"taxonomy":"origen","description":"","parent":0,"count":133,"filter":"raw","term_order":"0"}],"familia_tax":false,"quien_tax":false,"donde_tax":false,"year":"","contacto":"<strong>Investigadores principales: <\/strong><ul><li>MARIA LUISA MARTIN RUIZ <blockquote><strong>marialuisa.martinr@upm.es<\/strong><\/blockquote><\/li><\/ul><strong>Otros investigadores UPM: <\/strong><ul><li>Estefan\u00eda Sampedro S\u00e1nchez<\/li><\/ul><strong>Otros autores: <\/strong><ul><li>Nuria M\u00e1ximo Bocanegra <blockquote><strong>nuria.maximo@urjc.es<\/strong><\/blockquote> Universidad Rey Juan Carlos (URJC)<\/li> <li>LauraLuna Oliva <blockquote><strong>laura.luna@urjc.es<\/strong><\/blockquote> Universidad Rey Juan Carlos (URJC)<\/li> <\/ul>","telefono":"","pagina_web":"","email":"","id_ficha_portal":"1024","video":"","adjuntos":false,"adjuntos_portal":"","inf":false,"departamento":"","acf":[],"lang":"es","translation":{"es":8301,"en":10740},"_links":{"self":[{"href":"https:\/\/www.upm.es\/recursosidi\/wp-json\/wp\/v2\/product\/8301"}],"collection":[{"href":"https:\/\/www.upm.es\/recursosidi\/wp-json\/wp\/v2\/product"}],"about":[{"href":"https:\/\/www.upm.es\/recursosidi\/wp-json\/wp\/v2\/types\/product"}],"wp:attachment":[{"href":"https:\/\/www.upm.es\/recursosidi\/wp-json\/wp\/v2\/media?parent=8301"}],"wp:term":[{"taxonomy":"product_cat","embeddable":true,"href":"https:\/\/www.upm.es\/recursosidi\/wp-json\/wp\/v2\/product_cat?post=8301"},{"taxonomy":"product_tag","embeddable":true,"href":"https:\/\/www.upm.es\/recursosidi\/wp-json\/wp\/v2\/product_tag?post=8301"},{"taxonomy":"comunidad_upm","embeddable":true,"href":"https:\/\/www.upm.es\/recursosidi\/wp-json\/wp\/v2\/comunidades-upm?post=8301"},{"taxonomy":"quien","embeddable":true,"href":"https:\/\/www.upm.es\/recursosidi\/wp-json\/wp\/v2\/quien?post=8301"},{"taxonomy":"mapa","embeddable":true,"href":"https:\/\/www.upm.es\/recursosidi\/wp-json\/wp\/v2\/mapa?post=8301"},{"taxonomy":"disponibilidad","embeddable":true,"href":"https:\/\/www.upm.es\/recursosidi\/wp-json\/wp\/v2\/disponibilidad?post=8301"},{"taxonomy":"donde","embeddable":true,"href":"https:\/\/www.upm.es\/recursosidi\/wp-json\/wp\/v2\/donde?post=8301"},{"taxonomy":"infraestructura","embeddable":true,"href":"https:\/\/www.upm.es\/recursosidi\/wp-json\/wp\/v2\/infraestructura?post=8301"},{"taxonomy":"ods","embeddable":true,"href":"https:\/\/www.upm.es\/recursosidi\/wp-json\/wp\/v2\/ods?post=8301"},{"taxonomy":"origen","embeddable":true,"href":"https:\/\/www.upm.es\/recursosidi\/wp-json\/wp\/v2\/origen?post=8301"}],"curies":[{"name":"wp","href":"https:\/\/api.w.org\/{rel}","templated":true}]}}