{"id":8302,"date":"2021-11-19T10:18:37","date_gmt":"2021-11-19T09:18:37","guid":{"rendered":"https:\/\/www.upm.es\/recursosidi\/offers-resources\/sin categor\u00eda\/ngscloud-bioinformatic-system-for-rna-seq-analysis-of-non-model-species-using-cloud-computing\/"},"modified":"2026-04-21T03:47:01","modified_gmt":"2026-04-21T01:47:01","slug":"ngscloud-bioinformatic-system-for-rna-seq-analysis-of-non-model-species-using-cloud-computing","status":"publish","type":"product","link":"https:\/\/www.upm.es\/recursosidi\/offers-resources\/software\/ngscloud-bioinformatic-system-for-rna-seq-analysis-of-non-model-species-using-cloud-computing\/","title":{"rendered":"NGScloud (Bioinformatic system for RNA-seq analysis of non-model species using cloud computing)"},"content":{"rendered":"<h4><strong>Descripci\u00f3n del software <\/strong><\/h4>\n<p>NGScloud es un sistema bioinform\u00e1tico desarrollado para analizar datos de RNA-seq utilizando los servicios de computaci\u00f3n cloud de Amazon, que permiten el acceso a<br \/>\ninfraestructura computacional ad hoc, escalable de acuerdo con la complejidad del experimento, de manera que los costes pueden ser optimizados. La aplicaci\u00f3n proporciona una interfaz amigable para el usuario para realizar las operaciones en el<br \/>\nhardware de Amazon y para controlar los flujos de trabajo en experimentos de RNA-seq orientados a especies no modelo. NGScloud incorpora el concepto de cluster, que permite realizar ejecuciones simult\u00e1neas de programas de uso com\u00fan en RNA-seq en varias m\u00e1quinas virtuales para reducir los tiempos de an\u00e1lisis.<\/p>\n<h4><strong>Referencia<\/strong><\/h4>\n<p>M-007268\/2018<\/p>\n<div class=\"pdfprnt-buttons pdfprnt-buttons-product pdfprnt-bottom-left\"><a href=\"https:\/\/www.upm.es\/recursosidi\/wp-json\/wp\/v2\/product\/8302?print=pdf\" class=\"pdfprnt-button pdfprnt-button-pdf\" target=\"_blank\"><span class=\"pdfprnt-button-title pdfprnt-button-pdf-title\">Descargar ficha<\/span><\/a><\/div>","protected":false},"excerpt":{"rendered":"<p>Descripci\u00f3n del software NGScloud es un sistema bioinform\u00e1tico desarrollado para analizar datos de RNA-seq utilizando los servicios de computaci\u00f3n cloud de Amazon, que permiten el&hellip;<\/p>\n","protected":false},"featured_media":0,"template":"","meta":{"_acf_changed":false},"product_cat":[3948],"product_tag":[],"comunidades-upm":[],"quien":[],"mapa":[{"term_id":137,"name":"Bioeconom\u00eda, Biotecnolog\u00eda y Sistemas Alimentarios","slug":"bioeconomia-biotecnologia-sistemas_alimentarios","term_group":0,"term_taxonomy_id":137,"taxonomy":"mapa","description":"","parent":0,"count":45,"filter":"raw","term_order":"6"},{"term_id":126,"name":"Tecnolog\u00edas digitales, Inteligencia Artificial, ciberseguridad, 5G, rob\u00f3tica","slug":"tecnologias_digitales-ai-ciberseguridad-5g-robotica","term_group":0,"term_taxonomy_id":126,"taxonomy":"mapa","description":"","parent":0,"count":194,"filter":"raw","term_order":"23"}],"disponibilidad":[],"donde":[{"term_id":4594,"name":"Centro de I+D+i para la Conservaci\u00f3n de la Biodiversidad y el Desarrollo Sostenible (CBDS)","slug":"centro-de-idi-para-la-conservacion-de-la-biodiversidad-y-el-desarrollo-sostenible-cbds","term_group":0,"term_taxonomy_id":4594,"taxonomy":"donde","description":"","parent":0,"count":10,"filter":"raw","term_order":"0"}],"infraestructura":[],"ods":[],"origen":[{"term_id":184,"name":"Software","slug":"software","term_group":0,"term_taxonomy_id":184,"taxonomy":"origen","description":"","parent":0,"count":133,"filter":"raw","term_order":"0"}],"familia_tax":false,"quien_tax":false,"donde_tax":false,"year":"","contacto":"<strong>Investigadores principales: <\/strong><ul><li>UNAI LOPEZ DE HEREDIA LARREA <blockquote><strong>unai.lopezdeheredia@upm.es<\/strong><\/blockquote><\/li><li>FERNANDO MORA MARQUEZ <blockquote><strong>fernando.mora.marquez@alumnos.upm.es<\/strong><\/blockquote><\/li><\/ul><strong>Otros autores: <\/strong><ul><li>Jos\u00e9 LuisV\u00e1zquez Poletti Universidad Complutense de Madrid (UCM)<\/li> <\/ul>","telefono":"","pagina_web":"","email":"","id_ficha_portal":"1483","video":"","adjuntos":false,"adjuntos_portal":"","inf":false,"departamento":"","acf":[],"lang":"es","translation":{"es":8302,"en":10733},"_links":{"self":[{"href":"https:\/\/www.upm.es\/recursosidi\/wp-json\/wp\/v2\/product\/8302"}],"collection":[{"href":"https:\/\/www.upm.es\/recursosidi\/wp-json\/wp\/v2\/product"}],"about":[{"href":"https:\/\/www.upm.es\/recursosidi\/wp-json\/wp\/v2\/types\/product"}],"wp:attachment":[{"href":"https:\/\/www.upm.es\/recursosidi\/wp-json\/wp\/v2\/media?parent=8302"}],"wp:term":[{"taxonomy":"product_cat","embeddable":true,"href":"https:\/\/www.upm.es\/recursosidi\/wp-json\/wp\/v2\/product_cat?post=8302"},{"taxonomy":"product_tag","embeddable":true,"href":"https:\/\/www.upm.es\/recursosidi\/wp-json\/wp\/v2\/product_tag?post=8302"},{"taxonomy":"comunidad_upm","embeddable":true,"href":"https:\/\/www.upm.es\/recursosidi\/wp-json\/wp\/v2\/comunidades-upm?post=8302"},{"taxonomy":"quien","embeddable":true,"href":"https:\/\/www.upm.es\/recursosidi\/wp-json\/wp\/v2\/quien?post=8302"},{"taxonomy":"mapa","embeddable":true,"href":"https:\/\/www.upm.es\/recursosidi\/wp-json\/wp\/v2\/mapa?post=8302"},{"taxonomy":"disponibilidad","embeddable":true,"href":"https:\/\/www.upm.es\/recursosidi\/wp-json\/wp\/v2\/disponibilidad?post=8302"},{"taxonomy":"donde","embeddable":true,"href":"https:\/\/www.upm.es\/recursosidi\/wp-json\/wp\/v2\/donde?post=8302"},{"taxonomy":"infraestructura","embeddable":true,"href":"https:\/\/www.upm.es\/recursosidi\/wp-json\/wp\/v2\/infraestructura?post=8302"},{"taxonomy":"ods","embeddable":true,"href":"https:\/\/www.upm.es\/recursosidi\/wp-json\/wp\/v2\/ods?post=8302"},{"taxonomy":"origen","embeddable":true,"href":"https:\/\/www.upm.es\/recursosidi\/wp-json\/wp\/v2\/origen?post=8302"}],"curies":[{"name":"wp","href":"https:\/\/api.w.org\/{rel}","templated":true}]}}