{"id":8305,"date":"2021-11-19T10:18:41","date_gmt":"2021-11-19T09:18:41","guid":{"rendered":"https:\/\/www.upm.es\/recursosidi\/offers-resources\/sin categor\u00eda\/appsime-appsime-asistente-personal-para-la-prevencion-del-sindrome-metabolico\/"},"modified":"2026-04-22T02:33:00","modified_gmt":"2026-04-22T00:33:00","slug":"appsime-appsime-asistente-personal-para-la-prevencion-del-sindrome-metabolico","status":"publish","type":"product","link":"https:\/\/www.upm.es\/recursosidi\/offers-resources\/software\/appsime-appsime-asistente-personal-para-la-prevencion-del-sindrome-metabolico\/","title":{"rendered":"(AppSiMe) &#8211; AppSiMe: Asistente Personal para la prevenci\u00f3n del S\u00edndrome Metab\u00f3lico"},"content":{"rendered":"<h4><strong>Descripci\u00f3n del software <\/strong><\/h4>\n<p>AppSiMe es una aplicaci\u00f3n m\u00f3vil para dispositivos Apple que funciona como asistente personal para el apoyo integral a personas con riesgo cardiometab\u00f3lico que desean mejorar sus h\u00e1bitos y estilo de vida con el fin de prevenir las patolog\u00edas asociadas al S\u00edndrome Metab\u00f3lico (obesidad, hipertensi\u00f3n o diabetes, entre otras). A trav\u00e9s del procesamiento de datos del aceler\u00f3metro integrado en el equipo iPhone \/ iPod Touch y de la comunicaci\u00f3n con un puls\u00edmetro adoptante del protocolo ANT+, la aplicaci\u00f3n permite realizar un seguimiento continuo de la actividad f\u00edsica del usuario determinando, de manera aut\u00f3noma, el nivel de intensidad de la misma con mecanismos de Inteligencia Artificial. El registro de diferentes par\u00e1metros corporales indicadores del estado de salud, la posterior evaluaci\u00f3n de los mismos y la generaci\u00f3n autom\u00e1tica de mensajes personalizados completan la herramienta que busca potenciar las capacidades de los Smartphones para mejorar la salud en un amplio espectro de la poblaci\u00f3n.<\/p>\n<h4><strong>Referencia<\/strong><\/h4>\n<p>M-5381\/2014<\/p>\n<div class=\"pdfprnt-buttons pdfprnt-buttons-product pdfprnt-bottom-left\"><a href=\"https:\/\/www.upm.es\/recursosidi\/wp-json\/wp\/v2\/product\/8305?print=pdf\" class=\"pdfprnt-button pdfprnt-button-pdf\" target=\"_blank\"><span class=\"pdfprnt-button-title pdfprnt-button-pdf-title\">Descargar ficha<\/span><\/a><\/div>","protected":false},"excerpt":{"rendered":"<p>Descripci\u00f3n del software AppSiMe es una aplicaci\u00f3n m\u00f3vil para dispositivos Apple que funciona como asistente personal para el apoyo integral a personas con riesgo cardiometab\u00f3lico&hellip;<\/p>\n","protected":false},"featured_media":0,"template":"","meta":{"_acf_changed":false},"product_cat":[3948],"product_tag":[],"comunidades-upm":[],"quien":[],"mapa":[],"disponibilidad":[],"donde":[{"term_id":556,"name":"Centro de Tecnolog\u00eda Biom\u00e9dica (CTB)","slug":"centro-de-tecnologia-biomedica-ctb","term_group":0,"term_taxonomy_id":556,"taxonomy":"donde","description":"","parent":0,"count":84,"filter":"raw","term_order":"0"},{"term_id":474,"name":"Grupo de Bioingenier\u00eda y Telemedicina","slug":"grupo-de-bioingenieria-y-telemedicina","term_group":0,"term_taxonomy_id":474,"taxonomy":"donde","description":"Nuestras principales l&iacute;neas de investigaci&oacute;n son:\n-&nbsp; <strong>P&aacute;ncreas artificial<\/strong>: algoritmos de control en lazo cerrado, predicci&oacute;n de glucosa y monitorizaci&oacute;n de actividad f&iacute;sica.\n&nbsp;\n-&nbsp; <strong>Tecnolog&iacute;as web y m&oacute;viles integradas con sensores biom&eacute;dicos <\/strong>para la monitorizaci&oacute;n y la ayuda a la decisi&oacute;n a pacientes y profesionales.\n&nbsp;\n-&nbsp; <strong>Tecnolog&iacute;as de apoyo al<\/strong> <strong>envejecimiento activo. <\/strong>\n<strong>&nbsp;<\/strong>\n-&nbsp; <strong>Inteligencia artificial en medicina: <\/strong>an&aacute;lisis inteligente de datos m&eacute;dicos, <em>data mining<\/em> y <em>big data<\/em>.\n&nbsp;\n-&nbsp; <strong>Im&aacute;genes m&eacute;dicas<\/strong>: segmentaci&oacute;n, registro multimodal, reconstrucci&oacute;n 3D a partir de RM, TC y US, i.e. neuroimagen en da&ntilde;o cerebral.\n&nbsp;\n-&nbsp; <strong>Simulaci&oacute;n f&iacute;sica y virtual, planificaci&oacute;n quir&uacute;rgica<\/strong> en cirug&iacute;a de m&iacute;nima invasi&oacute;n, an&aacute;lisis de video laparosc&oacute;pico <strong>y cirug&iacute;a guiada por imagen<\/strong> <strong>y v&iacute;deo<\/strong>.\n&nbsp;\n-&nbsp; <strong>Ingenier&iacute;a de Neurorrehabilitaci&oacute;n en da&ntilde;o cerebral<\/strong>: modelado de procesos, rehabilitaci&oacute;n cognitiva con entornos virtuales interactivos, rehabilitaci&oacute;n funcional &ldquo;<em>assisted-as-needed<\/em>&rdquo; y telerrehabilitaci&oacute;n domiciliaria.","parent":0,"count":11,"filter":"raw","term_order":"0"}],"infraestructura":[],"ods":[],"origen":[{"term_id":184,"name":"Software","slug":"software","term_group":0,"term_taxonomy_id":184,"taxonomy":"origen","description":"","parent":0,"count":133,"filter":"raw","term_order":"0"}],"familia_tax":false,"quien_tax":false,"donde_tax":false,"year":"","contacto":"<strong>Investigadores principales: <\/strong><ul><li>MARIA ELENA HERNANDO PEREZ <blockquote><strong>mariaelena.hernando@upm.es<\/strong><\/blockquote><\/li><li>ENRIQUE JAVIER GOMEZ AGUILERA <blockquote><strong>enriquejavier.gomez@upm.es<\/strong><\/blockquote><\/li><li>GEMA GARCIA SAEZ <blockquote><strong>gema.garcia.saez@upm.es<\/strong><\/blockquote><\/li><li>I\u00d1AKI MART\u00cdNEZ SARRIEGUI <blockquote><strong>inaki.martinez.sarriegui@upm.es<\/strong><\/blockquote><\/li><li>Fernando Garcia Garcia <blockquote><strong>fernando.garciag@upm.es<\/strong><\/blockquote><\/li><li>Jose Manuel Iniesta Chamorro <blockquote><strong>jm.iniesta@upm.es<\/strong><\/blockquote><\/li><\/ul><strong>Otros investigadores UPM: <\/strong><ul><li>\u00c1ngel Luis Gonz\u00e1lez Mart\u00edn<\/li><\/ul>","telefono":"","pagina_web":"","email":"","id_ficha_portal":"858","video":"","adjuntos":false,"adjuntos_portal":"","inf":false,"departamento":"","acf":[],"lang":"es","translation":{"es":8305,"en":10743},"_links":{"self":[{"href":"https:\/\/www.upm.es\/recursosidi\/wp-json\/wp\/v2\/product\/8305"}],"collection":[{"href":"https:\/\/www.upm.es\/recursosidi\/wp-json\/wp\/v2\/product"}],"about":[{"href":"https:\/\/www.upm.es\/recursosidi\/wp-json\/wp\/v2\/types\/product"}],"wp:attachment":[{"href":"https:\/\/www.upm.es\/recursosidi\/wp-json\/wp\/v2\/media?parent=8305"}],"wp:term":[{"taxonomy":"product_cat","embeddable":true,"href":"https:\/\/www.upm.es\/recursosidi\/wp-json\/wp\/v2\/product_cat?post=8305"},{"taxonomy":"product_tag","embeddable":true,"href":"https:\/\/www.upm.es\/recursosidi\/wp-json\/wp\/v2\/product_tag?post=8305"},{"taxonomy":"comunidad_upm","embeddable":true,"href":"https:\/\/www.upm.es\/recursosidi\/wp-json\/wp\/v2\/comunidades-upm?post=8305"},{"taxonomy":"quien","embeddable":true,"href":"https:\/\/www.upm.es\/recursosidi\/wp-json\/wp\/v2\/quien?post=8305"},{"taxonomy":"mapa","embeddable":true,"href":"https:\/\/www.upm.es\/recursosidi\/wp-json\/wp\/v2\/mapa?post=8305"},{"taxonomy":"disponibilidad","embeddable":true,"href":"https:\/\/www.upm.es\/recursosidi\/wp-json\/wp\/v2\/disponibilidad?post=8305"},{"taxonomy":"donde","embeddable":true,"href":"https:\/\/www.upm.es\/recursosidi\/wp-json\/wp\/v2\/donde?post=8305"},{"taxonomy":"infraestructura","embeddable":true,"href":"https:\/\/www.upm.es\/recursosidi\/wp-json\/wp\/v2\/infraestructura?post=8305"},{"taxonomy":"ods","embeddable":true,"href":"https:\/\/www.upm.es\/recursosidi\/wp-json\/wp\/v2\/ods?post=8305"},{"taxonomy":"origen","embeddable":true,"href":"https:\/\/www.upm.es\/recursosidi\/wp-json\/wp\/v2\/origen?post=8305"}],"curies":[{"name":"wp","href":"https:\/\/api.w.org\/{rel}","templated":true}]}}