{"id":8313,"date":"2021-11-19T10:18:51","date_gmt":"2021-11-19T09:18:51","guid":{"rendered":"https:\/\/www.upm.es\/recursosidi\/offers-resources\/sin categor\u00eda\/gammi-gigaethernet-acquisition-module-for-molecular-imaging\/"},"modified":"2023-11-28T02:30:40","modified_gmt":"2023-11-28T01:30:40","slug":"gammi-gigaethernet-acquisition-module-for-molecular-imaging","status":"publish","type":"product","link":"https:\/\/www.upm.es\/recursosidi\/offers-resources\/software\/gammi-gigaethernet-acquisition-module-for-molecular-imaging\/","title":{"rendered":"(GAMMI) &#8211; Gigaethernet Acquisition Module for Molecular Imaging"},"content":{"rendered":"<h4><strong>Descripci\u00f3n del software <\/strong><\/h4>\n<p>Gestiona la adquisici\u00f3n de eventos de centelleo generados por un detector de radiaci\u00f3n gamma y enviarlos a un dispositivo externo mediante un enlace de comunicaci\u00f3n GIgaEthernet<\/p>\n<h4><strong>Referencia<\/strong><\/h4>\n<p>M-9497\/2013<\/p>\n<div class=\"pdfprnt-buttons pdfprnt-buttons-product pdfprnt-bottom-left\"><a href=\"https:\/\/www.upm.es\/recursosidi\/wp-json\/wp\/v2\/product\/8313?print=pdf\" class=\"pdfprnt-button pdfprnt-button-pdf\" target=\"_blank\"><span class=\"pdfprnt-button-title pdfprnt-button-pdf-title\">Descargar ficha<\/span><\/a><\/div>","protected":false},"excerpt":{"rendered":"<p>Descripci\u00f3n del software Gestiona la adquisici\u00f3n de eventos de centelleo generados por un detector de radiaci\u00f3n gamma y enviarlos a un dispositivo externo mediante un&hellip;<\/p>\n","protected":false},"featured_media":0,"template":"","meta":{"_acf_changed":false},"product_cat":[3948],"product_tag":[],"comunidades-upm":[],"quien":[],"mapa":[],"disponibilidad":[],"donde":[{"term_id":642,"name":"Information Processing and Telecommunications Center (IPTC)","slug":"information-processing-and-telecommunications-center-iptc","term_group":0,"term_taxonomy_id":642,"taxonomy":"donde","description":"","parent":0,"count":74,"filter":"raw","term_order":"0"},{"term_id":436,"name":"Tecnolog\u00eda de im\u00e1genes biom\u00e9dicas","slug":"tecnologia-de-imagenes-biomedicas","term_group":0,"term_taxonomy_id":436,"taxonomy":"donde","description":"El objetivo de nuestro trabajo es contribuir a mejorar la atenci\u00f3n de la salud a trav\u00e9s de los avances en las tecnolog\u00edas de im\u00e1genes biom\u00e9dicas, y para ello seguimos las siguientes l\u00edneas de investigaci\u00f3n:\r\n\u00a0\r\n-\u00a0 Imagen Cardiovascular\r\n-\u00a0 Reconstrucci\u00f3n de im\u00e1genes tomogr\u00e1ficas\r\n-\u00a0 Modelado\/Simulaci\u00f3n sistemas adquisici\u00f3n\r\n-\u00a0 An\u00e1lisis de im\u00e1genes biom\u00e9dicas\r\n-\u00a0\u00a0 Imagen Molecular","parent":0,"count":13,"filter":"raw","term_order":"0"}],"infraestructura":[],"ods":[],"origen":[{"term_id":184,"name":"Software","slug":"software","term_group":0,"term_taxonomy_id":184,"taxonomy":"origen","description":"","parent":0,"count":133,"filter":"raw","term_order":"0"}],"familia_tax":false,"quien_tax":false,"donde_tax":false,"year":"","contacto":"<strong>Investigadores principales: <\/strong><ul><li>ANDRES DE SANTOS LLEO <blockquote><strong>andres.santos@upm.es<\/strong><\/blockquote><\/li><li>PEDRO GUERRA GUTIERREZ <blockquote><strong>pedro.guerra@upm.es<\/strong><\/blockquote><\/li><li>MARIA JESUS LEDESMA CARBAYO <blockquote><strong>mj.ledesma@upm.es<\/strong><\/blockquote><\/li><\/ul>","telefono":"","pagina_web":"","email":"","id_ficha_portal":"848","video":"","adjuntos":false,"adjuntos_portal":"","inf":false,"departamento":"","acf":[],"lang":"es","translation":{"es":8313,"en":10751},"_links":{"self":[{"href":"https:\/\/www.upm.es\/recursosidi\/wp-json\/wp\/v2\/product\/8313"}],"collection":[{"href":"https:\/\/www.upm.es\/recursosidi\/wp-json\/wp\/v2\/product"}],"about":[{"href":"https:\/\/www.upm.es\/recursosidi\/wp-json\/wp\/v2\/types\/product"}],"wp:attachment":[{"href":"https:\/\/www.upm.es\/recursosidi\/wp-json\/wp\/v2\/media?parent=8313"}],"wp:term":[{"taxonomy":"product_cat","embeddable":true,"href":"https:\/\/www.upm.es\/recursosidi\/wp-json\/wp\/v2\/product_cat?post=8313"},{"taxonomy":"product_tag","embeddable":true,"href":"https:\/\/www.upm.es\/recursosidi\/wp-json\/wp\/v2\/product_tag?post=8313"},{"taxonomy":"comunidad_upm","embeddable":true,"href":"https:\/\/www.upm.es\/recursosidi\/wp-json\/wp\/v2\/comunidades-upm?post=8313"},{"taxonomy":"quien","embeddable":true,"href":"https:\/\/www.upm.es\/recursosidi\/wp-json\/wp\/v2\/quien?post=8313"},{"taxonomy":"mapa","embeddable":true,"href":"https:\/\/www.upm.es\/recursosidi\/wp-json\/wp\/v2\/mapa?post=8313"},{"taxonomy":"disponibilidad","embeddable":true,"href":"https:\/\/www.upm.es\/recursosidi\/wp-json\/wp\/v2\/disponibilidad?post=8313"},{"taxonomy":"donde","embeddable":true,"href":"https:\/\/www.upm.es\/recursosidi\/wp-json\/wp\/v2\/donde?post=8313"},{"taxonomy":"infraestructura","embeddable":true,"href":"https:\/\/www.upm.es\/recursosidi\/wp-json\/wp\/v2\/infraestructura?post=8313"},{"taxonomy":"ods","embeddable":true,"href":"https:\/\/www.upm.es\/recursosidi\/wp-json\/wp\/v2\/ods?post=8313"},{"taxonomy":"origen","embeddable":true,"href":"https:\/\/www.upm.es\/recursosidi\/wp-json\/wp\/v2\/origen?post=8313"}],"curies":[{"name":"wp","href":"https:\/\/api.w.org\/{rel}","templated":true}]}}