{"id":8316,"date":"2021-11-19T10:18:55","date_gmt":"2021-11-19T09:18:55","guid":{"rendered":"https:\/\/www.upm.es\/recursosidi\/offers-resources\/sin categor\u00eda\/videozone\/"},"modified":"2026-04-21T03:47:06","modified_gmt":"2026-04-21T01:47:06","slug":"videozone","status":"publish","type":"product","link":"https:\/\/www.upm.es\/recursosidi\/offers-resources\/software\/videozone\/","title":{"rendered":"VideoZone"},"content":{"rendered":"<h4><strong>Descripci\u00f3n del software <\/strong><\/h4>\n<p>El programa consiste en una aplicaci\u00f3n para Android que es capaz de unir varios elementos multimedia para crear un v\u00eddeo a partir de ellos. Para ello realiza las siguientes funciones, captura de un v\u00eddeo a una calidad determina en este caso resoluci\u00f3n 320&#215;240, frame rate 25fps y tasa binaria 1Mbps, selecci\u00f3n de elementos multimedia del dispositivo m\u00f3vil, inserci\u00f3n de textos en im\u00e1genes seleccionadas, corte de v\u00eddeo seleccionado, concatenaci\u00f3n de varias fotos y v\u00eddeos, superposici\u00f3n de una pista de audio sobre todo el contenido multimedia generado.<\/p>\n<h4><strong>Referencia<\/strong><\/h4>\n<p>M-7261\/2014<\/p>\n<div class=\"pdfprnt-buttons pdfprnt-buttons-product pdfprnt-bottom-left\"><a href=\"https:\/\/www.upm.es\/recursosidi\/wp-json\/wp\/v2\/product\/8316?print=pdf\" class=\"pdfprnt-button pdfprnt-button-pdf\" target=\"_blank\"><span class=\"pdfprnt-button-title pdfprnt-button-pdf-title\">Descargar ficha<\/span><\/a><\/div>","protected":false},"excerpt":{"rendered":"<p>Descripci\u00f3n del software El programa consiste en una aplicaci\u00f3n para Android que es capaz de unir varios elementos multimedia para crear un v\u00eddeo a partir&hellip;<\/p>\n","protected":false},"featured_media":0,"template":"","meta":{"_acf_changed":false},"product_cat":[3948],"product_tag":[],"comunidades-upm":[],"quien":[],"mapa":[],"disponibilidad":[],"donde":[{"term_id":466,"name":"Grupo de Aplicaci\u00f3n de Telecomunicaciones Visuales (GATV)","slug":"grupo-de-aplicacion-de-telecomunicaciones-visuales-gatv","term_group":0,"term_taxonomy_id":466,"taxonomy":"donde","description":"Las principales <strong>l&iacute;neas de investigaci&oacute;n<\/strong> llevadas a cabo por el grupo son:\n&nbsp;\n\nComunicaciones Visuales\nVisi&oacute;n Artificial\nSistemas de telecomunicaci&oacute;n y teledetecci&oacute;n\nGesti&oacute;n y producci&oacute;n de media en red\nTelevisi&oacute;n digital\nAplicaciones del procesado de se&ntilde;al y comunicaciones en Sistemas Inteligentes de Transporte (Intelligent Transportation Systems - ITS)\nCodificaci&oacute;n y procesado digital de v&iacute;deo\nMedici&oacute;n de audiencias en tecnolog&iacute;as emergentes de transmisi&oacute;n de v&iacute;deo\nInteractividad (HbbTV) y accesibilidad a los medios audiovisualesIngenier&iacute;a de sistemas DVB\n","parent":0,"count":8,"filter":"raw","term_order":"0"},{"term_id":642,"name":"Information Processing and Telecommunications Center (IPTC)","slug":"information-processing-and-telecommunications-center-iptc","term_group":0,"term_taxonomy_id":642,"taxonomy":"donde","description":"","parent":0,"count":74,"filter":"raw","term_order":"0"}],"infraestructura":[],"ods":[],"origen":[{"term_id":184,"name":"Software","slug":"software","term_group":0,"term_taxonomy_id":184,"taxonomy":"origen","description":"","parent":0,"count":133,"filter":"raw","term_order":"0"}],"familia_tax":false,"quien_tax":false,"donde_tax":false,"year":"","contacto":"<strong>Investigadores principales: <\/strong><ul><li>FEDERICO ALVAREZ GARCIA <blockquote><strong>federico.alvarez@upm.es<\/strong><\/blockquote><\/li><li>\u00c1lvaro Mart\u00ednez Marco <blockquote><strong><\/strong><\/blockquote><\/li><li>Nuria S\u00e1nchez Almod\u00f3var <blockquote><strong>nuria.sanchez.almodovar@upm.es<\/strong><\/blockquote><\/li><li>IAGO FERN\u00c1NDEZ-CEDR\u00d3N FERN\u00c1NDEZ-MAQUIEIRA <blockquote><strong>iago.fernandezcedron@upm.es<\/strong><\/blockquote><\/li><\/ul><strong>Otros investigadores UPM: <\/strong><ul><li>Ver\u00f3nica Lago Fominaya<\/li><\/ul>","telefono":"","pagina_web":"","email":"","id_ficha_portal":"921","video":"","adjuntos":false,"adjuntos_portal":"","inf":false,"departamento":"","acf":[],"lang":"es","translation":{"es":8316,"en":10734},"_links":{"self":[{"href":"https:\/\/www.upm.es\/recursosidi\/wp-json\/wp\/v2\/product\/8316"}],"collection":[{"href":"https:\/\/www.upm.es\/recursosidi\/wp-json\/wp\/v2\/product"}],"about":[{"href":"https:\/\/www.upm.es\/recursosidi\/wp-json\/wp\/v2\/types\/product"}],"wp:attachment":[{"href":"https:\/\/www.upm.es\/recursosidi\/wp-json\/wp\/v2\/media?parent=8316"}],"wp:term":[{"taxonomy":"product_cat","embeddable":true,"href":"https:\/\/www.upm.es\/recursosidi\/wp-json\/wp\/v2\/product_cat?post=8316"},{"taxonomy":"product_tag","embeddable":true,"href":"https:\/\/www.upm.es\/recursosidi\/wp-json\/wp\/v2\/product_tag?post=8316"},{"taxonomy":"comunidad_upm","embeddable":true,"href":"https:\/\/www.upm.es\/recursosidi\/wp-json\/wp\/v2\/comunidades-upm?post=8316"},{"taxonomy":"quien","embeddable":true,"href":"https:\/\/www.upm.es\/recursosidi\/wp-json\/wp\/v2\/quien?post=8316"},{"taxonomy":"mapa","embeddable":true,"href":"https:\/\/www.upm.es\/recursosidi\/wp-json\/wp\/v2\/mapa?post=8316"},{"taxonomy":"disponibilidad","embeddable":true,"href":"https:\/\/www.upm.es\/recursosidi\/wp-json\/wp\/v2\/disponibilidad?post=8316"},{"taxonomy":"donde","embeddable":true,"href":"https:\/\/www.upm.es\/recursosidi\/wp-json\/wp\/v2\/donde?post=8316"},{"taxonomy":"infraestructura","embeddable":true,"href":"https:\/\/www.upm.es\/recursosidi\/wp-json\/wp\/v2\/infraestructura?post=8316"},{"taxonomy":"ods","embeddable":true,"href":"https:\/\/www.upm.es\/recursosidi\/wp-json\/wp\/v2\/ods?post=8316"},{"taxonomy":"origen","embeddable":true,"href":"https:\/\/www.upm.es\/recursosidi\/wp-json\/wp\/v2\/origen?post=8316"}],"curies":[{"name":"wp","href":"https:\/\/api.w.org\/{rel}","templated":true}]}}