{"id":8317,"date":"2021-11-19T10:18:56","date_gmt":"2021-11-19T09:18:56","guid":{"rendered":"https:\/\/www.upm.es\/recursosidi\/offers-resources\/sin categor\u00eda\/caldintav-3-0-caldintav-3-0\/"},"modified":"2023-11-28T02:30:44","modified_gmt":"2023-11-28T01:30:44","slug":"caldintav-3-0-caldintav-3-0","status":"publish","type":"product","link":"https:\/\/www.upm.es\/recursosidi\/offers-resources\/software\/caldintav-3-0-caldintav-3-0\/","title":{"rendered":"(CALDINTAV 3.0) &#8211; CALDINTAV 3.0"},"content":{"rendered":"<h4><strong>Descripci\u00f3n del software <\/strong><\/h4>\n<p>CALDINTAV 3.0 es un programa de c\u00e1lculo din\u00e1mico de puentes de ferrocarril desarrollado por el Grupo de Mec\u00e1nica Computacional de la E.T.S.I Caminos, Canales y Puertos de la Universidad Polit\u00e9cnica de Madrid. El objetivo del programa es proporcionar al usuario una aplicaci\u00f3n sencilla que le permita realizar los c\u00e1lculos de forma r\u00e1pida tanto para puentes isost\u00e1ticos como para puentes continous y\/o marcos bajo el efecto de los trenes, y por lo tanto le permita tamb\u00eden una r\u00e1pida revisi\u00f3n de la compatibilidad de los puentes.<\/p>\n<h4><strong>Referencia<\/strong><\/h4>\n<p>M-002574\/2018<\/p>\n<div class=\"pdfprnt-buttons pdfprnt-buttons-product pdfprnt-bottom-left\"><a href=\"https:\/\/www.upm.es\/recursosidi\/wp-json\/wp\/v2\/product\/8317?print=pdf\" class=\"pdfprnt-button pdfprnt-button-pdf\" target=\"_blank\"><span class=\"pdfprnt-button-title pdfprnt-button-pdf-title\">Descargar ficha<\/span><\/a><\/div>","protected":false},"excerpt":{"rendered":"<p>Descripci\u00f3n del software CALDINTAV 3.0 es un programa de c\u00e1lculo din\u00e1mico de puentes de ferrocarril desarrollado por el Grupo de Mec\u00e1nica Computacional de la E.T.S.I&hellip;<\/p>\n","protected":false},"featured_media":0,"template":"","meta":{"_acf_changed":false},"product_cat":[3948],"product_tag":[],"comunidades-upm":[],"quien":[],"mapa":[{"term_id":2405,"name":"Ciencia para la ingenier\u00eda y la arquitectura","slug":"ciencia-para-ingenieria-y-arquitectura","term_group":0,"term_taxonomy_id":2405,"taxonomy":"mapa","description":"","parent":0,"count":127,"filter":"raw","term_order":"7"},{"term_id":126,"name":"Tecnolog\u00edas digitales, Inteligencia Artificial, ciberseguridad, 5G, rob\u00f3tica","slug":"tecnologias_digitales-ai-ciberseguridad-5g-robotica","term_group":0,"term_taxonomy_id":126,"taxonomy":"mapa","description":"","parent":0,"count":194,"filter":"raw","term_order":"23"}],"disponibilidad":[],"donde":[{"term_id":606,"name":"Centro de Investigaci\u00f3n en Materiales Estructurales (CIME)","slug":"centro-de-investigacion-en-materiales-estructurales-cime","term_group":0,"term_taxonomy_id":606,"taxonomy":"donde","description":"","parent":0,"count":42,"filter":"raw","term_order":"0"},{"term_id":3419,"name":"GAMOSINOS: Grupo Avanzado de MOdelado y SImulaci\u00f3n NO-lineal de S\u00f3lidos","slug":"gamosinos-grupo-avanzado-de-modelado-y-simulacion-no-lineal-de-solidos","term_group":0,"term_taxonomy_id":3419,"taxonomy":"donde","description":"","parent":0,"count":2,"filter":"raw","term_order":"0"},{"term_id":352,"name":"Grupo de Mec\u00e1nica Computacional","slug":"grupo-de-mecanica-computacional","term_group":0,"term_taxonomy_id":352,"taxonomy":"donde","description":"","parent":0,"count":9,"filter":"raw","term_order":"0"}],"infraestructura":[],"ods":[],"origen":[{"term_id":184,"name":"Software","slug":"software","term_group":0,"term_taxonomy_id":184,"taxonomy":"origen","description":"","parent":0,"count":133,"filter":"raw","term_order":"0"}],"familia_tax":false,"quien_tax":false,"donde_tax":false,"year":"","contacto":"<strong>Investigadores principales: <\/strong><ul><li>JOSE MARIA GOICOLEA RUIGOMEZ <blockquote><strong>jose.goicolea@upm.es<\/strong><\/blockquote><\/li><li>JAIME DOMINGUEZ BARBERO <blockquote><strong>jaime.dominguez@upm.es<\/strong><\/blockquote><\/li><li>PABLO ANTOLIN SANCHEZ <blockquote><strong>pablo.antolin@upm.es<\/strong><\/blockquote><\/li><li>CARLOS VELARDE ORTEGA <blockquote><strong>c.velarde@upm.es<\/strong><\/blockquote><\/li><li>GIA KHANH NGUYEN  <blockquote><strong>khanhnguyen.gia@upm.es<\/strong><\/blockquote><\/li><\/ul>","telefono":"","pagina_web":"","email":"","id_ficha_portal":"1441","video":"","adjuntos":false,"adjuntos_portal":"","inf":false,"departamento":"","acf":[],"lang":"es","translation":{"es":8317,"en":10754},"_links":{"self":[{"href":"https:\/\/www.upm.es\/recursosidi\/wp-json\/wp\/v2\/product\/8317"}],"collection":[{"href":"https:\/\/www.upm.es\/recursosidi\/wp-json\/wp\/v2\/product"}],"about":[{"href":"https:\/\/www.upm.es\/recursosidi\/wp-json\/wp\/v2\/types\/product"}],"wp:attachment":[{"href":"https:\/\/www.upm.es\/recursosidi\/wp-json\/wp\/v2\/media?parent=8317"}],"wp:term":[{"taxonomy":"product_cat","embeddable":true,"href":"https:\/\/www.upm.es\/recursosidi\/wp-json\/wp\/v2\/product_cat?post=8317"},{"taxonomy":"product_tag","embeddable":true,"href":"https:\/\/www.upm.es\/recursosidi\/wp-json\/wp\/v2\/product_tag?post=8317"},{"taxonomy":"comunidad_upm","embeddable":true,"href":"https:\/\/www.upm.es\/recursosidi\/wp-json\/wp\/v2\/comunidades-upm?post=8317"},{"taxonomy":"quien","embeddable":true,"href":"https:\/\/www.upm.es\/recursosidi\/wp-json\/wp\/v2\/quien?post=8317"},{"taxonomy":"mapa","embeddable":true,"href":"https:\/\/www.upm.es\/recursosidi\/wp-json\/wp\/v2\/mapa?post=8317"},{"taxonomy":"disponibilidad","embeddable":true,"href":"https:\/\/www.upm.es\/recursosidi\/wp-json\/wp\/v2\/disponibilidad?post=8317"},{"taxonomy":"donde","embeddable":true,"href":"https:\/\/www.upm.es\/recursosidi\/wp-json\/wp\/v2\/donde?post=8317"},{"taxonomy":"infraestructura","embeddable":true,"href":"https:\/\/www.upm.es\/recursosidi\/wp-json\/wp\/v2\/infraestructura?post=8317"},{"taxonomy":"ods","embeddable":true,"href":"https:\/\/www.upm.es\/recursosidi\/wp-json\/wp\/v2\/ods?post=8317"},{"taxonomy":"origen","embeddable":true,"href":"https:\/\/www.upm.es\/recursosidi\/wp-json\/wp\/v2\/origen?post=8317"}],"curies":[{"name":"wp","href":"https:\/\/api.w.org\/{rel}","templated":true}]}}