{"id":8318,"date":"2021-11-19T10:18:58","date_gmt":"2021-11-19T09:18:58","guid":{"rendered":"https:\/\/www.upm.es\/recursosidi\/offers-resources\/sin categor\u00eda\/hera-huella-energetica-operacion-autopistas\/"},"modified":"2023-11-28T02:30:46","modified_gmt":"2023-11-28T01:30:46","slug":"hera-huella-energetica-operacion-autopistas","status":"publish","type":"product","link":"https:\/\/www.upm.es\/recursosidi\/offers-resources\/software\/hera-huella-energetica-operacion-autopistas\/","title":{"rendered":"(HERA) &#8211; Huella Energ\u00e9tica opeRaci\u00f3n Autopistas"},"content":{"rendered":"<h4><strong>Descripci\u00f3n del software <\/strong><\/h4>\n<p>HERA es un programa que se utiliza a trav\u00e9s de la web (www.hera.transyt.upm.es) y que ha sido desarrollado como herramienta de c\u00e1lculo de huella energ\u00e9tica en la operaci\u00f3n de autopistas espa\u00f1olas, es decir, del tr\u00e1fico de veh\u00edculos en las autopistas espa\u00f1olas.<\/p>\n<h4><strong>Referencia<\/strong><\/h4>\n<p>M-9501\/2013<\/p>\n<div class=\"pdfprnt-buttons pdfprnt-buttons-product pdfprnt-bottom-left\"><a href=\"https:\/\/www.upm.es\/recursosidi\/wp-json\/wp\/v2\/product\/8318?print=pdf\" class=\"pdfprnt-button pdfprnt-button-pdf\" target=\"_blank\"><span class=\"pdfprnt-button-title pdfprnt-button-pdf-title\">Descargar ficha<\/span><\/a><\/div>","protected":false},"excerpt":{"rendered":"<p>Descripci\u00f3n del software HERA es un programa que se utiliza a trav\u00e9s de la web (www.hera.transyt.upm.es) y que ha sido desarrollado como herramienta de c\u00e1lculo&hellip;<\/p>\n","protected":false},"featured_media":0,"template":"","meta":{"_acf_changed":false},"product_cat":[3948],"product_tag":[],"comunidades-upm":[],"quien":[],"mapa":[],"disponibilidad":[],"donde":[{"term_id":246,"name":"Centro de Investigaci\u00f3n del Transporte (TRANSYT)","slug":"centro-de-investigacion-del-transporte-transyt","term_group":0,"term_taxonomy_id":246,"taxonomy":"donde","description":"","parent":0,"count":9,"filter":"raw","term_order":"0"},{"term_id":348,"name":"Planificaci\u00f3n del Transporte","slug":"planificacion-del-transporte","term_group":0,"term_taxonomy_id":348,"taxonomy":"donde","description":"Nuestros objetivos son generar capacidad de liderazgo y participaci&oacute;n en programas, proyectos y redes de investigaci&oacute;n de vanguardia internacional en el &aacute;mbito de la ERA (European Research Area); formar investigadores-doctores en el &aacute;mbito de la investigaci&oacute;n del transporte; potenciar las relaciones con otros centros nacionales e internacionales; y servir de puente entre la Universidad y los agentes del sector transporte: administraciones, empresas e instituciones, estudiantes y ciudadanos. Nuestras <strong>l&iacute;neas de investigaci&oacute;n<\/strong> son tres:\n&nbsp;\n\nEconom&iacute;a y financiaci&oacute;n del transporte.\nAn&aacute;lisis y modelizaci&oacute;n de la movilidad y sus efectos.\nPlanificaci&oacute;n integrada de territorio y transporte.\n","parent":0,"count":7,"filter":"raw","term_order":"0"}],"infraestructura":[],"ods":[],"origen":[{"term_id":184,"name":"Software","slug":"software","term_group":0,"term_taxonomy_id":184,"taxonomy":"origen","description":"","parent":0,"count":133,"filter":"raw","term_order":"0"}],"familia_tax":false,"quien_tax":false,"donde_tax":false,"year":"","contacto":"<strong>Investigadores principales: <\/strong><ul><li>ANDRES MONZON DE CACERES <blockquote><strong>andres.monzon@upm.es<\/strong><\/blockquote><\/li><li>SARA HERNANDEZ DEL OLMO <blockquote><strong>sara.hernandez@upm.es<\/strong><\/blockquote><\/li><li>NATALIA SOBRINO VAZQUEZ <blockquote><strong>natalia.sobrino@upm.es<\/strong><\/blockquote><\/li><\/ul>","telefono":"","pagina_web":"","email":"","id_ficha_portal":"824","video":"","adjuntos":false,"adjuntos_portal":"","inf":false,"departamento":"","acf":[],"lang":"es","translation":{"es":8318,"en":10755},"_links":{"self":[{"href":"https:\/\/www.upm.es\/recursosidi\/wp-json\/wp\/v2\/product\/8318"}],"collection":[{"href":"https:\/\/www.upm.es\/recursosidi\/wp-json\/wp\/v2\/product"}],"about":[{"href":"https:\/\/www.upm.es\/recursosidi\/wp-json\/wp\/v2\/types\/product"}],"wp:attachment":[{"href":"https:\/\/www.upm.es\/recursosidi\/wp-json\/wp\/v2\/media?parent=8318"}],"wp:term":[{"taxonomy":"product_cat","embeddable":true,"href":"https:\/\/www.upm.es\/recursosidi\/wp-json\/wp\/v2\/product_cat?post=8318"},{"taxonomy":"product_tag","embeddable":true,"href":"https:\/\/www.upm.es\/recursosidi\/wp-json\/wp\/v2\/product_tag?post=8318"},{"taxonomy":"comunidad_upm","embeddable":true,"href":"https:\/\/www.upm.es\/recursosidi\/wp-json\/wp\/v2\/comunidades-upm?post=8318"},{"taxonomy":"quien","embeddable":true,"href":"https:\/\/www.upm.es\/recursosidi\/wp-json\/wp\/v2\/quien?post=8318"},{"taxonomy":"mapa","embeddable":true,"href":"https:\/\/www.upm.es\/recursosidi\/wp-json\/wp\/v2\/mapa?post=8318"},{"taxonomy":"disponibilidad","embeddable":true,"href":"https:\/\/www.upm.es\/recursosidi\/wp-json\/wp\/v2\/disponibilidad?post=8318"},{"taxonomy":"donde","embeddable":true,"href":"https:\/\/www.upm.es\/recursosidi\/wp-json\/wp\/v2\/donde?post=8318"},{"taxonomy":"infraestructura","embeddable":true,"href":"https:\/\/www.upm.es\/recursosidi\/wp-json\/wp\/v2\/infraestructura?post=8318"},{"taxonomy":"ods","embeddable":true,"href":"https:\/\/www.upm.es\/recursosidi\/wp-json\/wp\/v2\/ods?post=8318"},{"taxonomy":"origen","embeddable":true,"href":"https:\/\/www.upm.es\/recursosidi\/wp-json\/wp\/v2\/origen?post=8318"}],"curies":[{"name":"wp","href":"https:\/\/api.w.org\/{rel}","templated":true}]}}