{"id":8325,"date":"2021-11-19T10:19:07","date_gmt":"2021-11-19T09:19:07","guid":{"rendered":"https:\/\/www.upm.es\/recursosidi\/offers-resources\/sin%20categor\u00eda\/phibys-adventures-v1\/"},"modified":"2023-11-28T02:30:56","modified_gmt":"2023-11-28T01:30:56","slug":"phibys-adventures-v1","status":"publish","type":"product","link":"https:\/\/www.upm.es\/recursosidi\/offers-resources\/software\/phibys-adventures-v1\/","title":{"rendered":"Phibys Adventures v1"},"content":{"rendered":"<h4><strong>Descripci\u00f3n del software <\/strong><\/h4>\n<p>Consiste en un videojuego serio para la realizaci\u00f3n de ejercicios f\u00edsicos de rehabilitaci\u00f3n para personas con diversidad funcional motriz. El objetivo del juego es<br \/>\nllevar a un personaje (Phiby) por un ambiente de aventuras mediante movimientos corporales, captados por una c\u00e1mara Kinect X360 de Microsoft. Durante el juego, se<br \/>\nrealizan cuatro ejercicios de manera repetida. La dificultad de los ejercicios se configura a distancia mediante la plataforma web &#8220;Blexer-med&#8221;, que tambi\u00e9n forma parte del<br \/>\nsistema &#8220;Blexer&#8221;.<\/p>\n<h4><strong>Referencia<\/strong><\/h4>\n<p>M-006618\/2018<\/p>\n<div class=\"pdfprnt-buttons pdfprnt-buttons-product pdfprnt-bottom-left\"><a href=\"https:\/\/www.upm.es\/recursosidi\/wp-json\/wp\/v2\/product\/8325?print=pdf\" class=\"pdfprnt-button pdfprnt-button-pdf\" target=\"_blank\"><span class=\"pdfprnt-button-title pdfprnt-button-pdf-title\">Descargar ficha<\/span><\/a><\/div>","protected":false},"excerpt":{"rendered":"<p>Descripci\u00f3n del software Consiste en un videojuego serio para la realizaci\u00f3n de ejercicios f\u00edsicos de rehabilitaci\u00f3n para personas con diversidad funcional motriz. El objetivo del&hellip;<\/p>\n","protected":false},"featured_media":0,"template":"","meta":{"_acf_changed":false},"product_cat":[3948],"product_tag":[],"comunidades-upm":[],"quien":[],"mapa":[{"term_id":122,"name":"Salud y bienestar","slug":"salud-y-bienestar","term_group":0,"term_taxonomy_id":122,"taxonomy":"mapa","description":"","parent":0,"count":105,"filter":"raw","term_order":"17"},{"term_id":126,"name":"Tecnolog\u00edas digitales, Inteligencia Artificial, ciberseguridad, 5G, rob\u00f3tica","slug":"tecnologias_digitales-ai-ciberseguridad-5g-robotica","term_group":0,"term_taxonomy_id":126,"taxonomy":"mapa","description":"","parent":0,"count":194,"filter":"raw","term_order":"23"}],"disponibilidad":[],"donde":[{"term_id":636,"name":"Aplicaciones MultiMedia y Ac\u00fastica (GAMMA)","slug":"aplicaciones-multimedia-y-acustica-gamma","term_group":0,"term_taxonomy_id":636,"taxonomy":"donde","description":"","parent":0,"count":9,"filter":"raw","term_order":"0"},{"term_id":596,"name":"Centro de Investigaci\u00f3n en Tecnolog\u00edas del Software y Sistemas Multimedia para la Sostenibilidad (CITSEM)","slug":"centro-de-investigacion-en-tecnologias-del-software-y-sistemas-multimedia-para-la-sostenibilidad-citsem","term_group":0,"term_taxonomy_id":596,"taxonomy":"donde","description":"","parent":0,"count":11,"filter":"raw","term_order":"0"},{"term_id":506,"name":"Grupo de Dise\u00f1o Electr\u00f3nico y Microelectr\u00f3nico","slug":"grupo-de-diseno-electronico-y-microelectronico","term_group":0,"term_taxonomy_id":506,"taxonomy":"donde","description":"","parent":0,"count":3,"filter":"raw","term_order":"0"},{"term_id":456,"name":"Grupo de Tratamiento de Im\u00e1genes (GTI)","slug":"grupo-de-tratamiento-de-imagenes-gti","term_group":0,"term_taxonomy_id":456,"taxonomy":"donde","description":"Hacemos I+D+i sobre teor&iacute;a, m&eacute;todos y aplicaciones del tratamiento digital de im&aacute;genes, orientados fundamentalmente a la compresi&oacute;n y al an&aacute;lisis. Tratamos tanto temas espec&iacute;ficos relacionados con las im&aacute;genes, como sistemas completos en los que el tratamiento de im&aacute;genes tiene una importancia crucial.\n&nbsp;\nNuestras l&iacute;neas de investigaci&oacute;n se pueden resumir en:\n&nbsp;\n\nAn&aacute;lisis de im&aacute;genes y v&iacute;deo para extracci&oacute;n de caracter&iacute;sticas\nTelevisi&oacute;n, televisi&oacute;n 3D y televisi&oacute;n de ultra alta definici&oacute;n (UHD, 4K)\nGr&aacute;ficos 3D y realidad aumentada\nAutocalibraci&oacute;n de c&aacute;maras\nTeor&iacute;a y m&eacute;todos de tratamiento digital de im&aacute;genes\nCodificaci&oacute;n y transmisi&oacute;n de informaci&oacute;n visual\nExtracci&oacute;n de informaci&oacute;n tridimensional\n\n&nbsp;\n&nbsp;","parent":0,"count":7,"filter":"raw","term_order":"0"},{"term_id":642,"name":"Information Processing and Telecommunications Center (IPTC)","slug":"information-processing-and-telecommunications-center-iptc","term_group":0,"term_taxonomy_id":642,"taxonomy":"donde","description":"","parent":0,"count":74,"filter":"raw","term_order":"0"}],"infraestructura":[],"ods":[],"origen":[{"term_id":184,"name":"Software","slug":"software","term_group":0,"term_taxonomy_id":184,"taxonomy":"origen","description":"","parent":0,"count":133,"filter":"raw","term_order":"0"}],"familia_tax":false,"quien_tax":false,"donde_tax":false,"year":"","contacto":"<strong>Investigadores principales: <\/strong><ul><li>LUIS SALGADO ALVAREZ DE SOTOMAYOR <blockquote><strong>luis.salgado@upm.es<\/strong><\/blockquote><\/li><li>MARTINA ECKERT  <blockquote><strong>martina.eckert@upm.es<\/strong><\/blockquote><\/li><li>IGNACIO GOMEZ-MARTINHO GONZALEZ <blockquote><strong><\/strong><\/blockquote><\/li><li>JUAN MANUEL MENESES CHAUS <blockquote><strong>juan.meneses@upm.es<\/strong><\/blockquote><\/li><\/ul><strong>Otros investigadores UPM: <\/strong><ul><li>Cristina Esteban Gonz\u00e1lez E.T.S de Ingenier\u00eda y Sistemas de Telecomunicaci\u00f3n<\/li><li>Jennie Yadira Pel\u00e1ez Castro E.T.S de Ingenier\u00eda y Sistemas de Telecomunicaci\u00f3n<\/li><\/ul>","telefono":"","pagina_web":"","email":"","id_ficha_portal":"1493","video":"","adjuntos":false,"adjuntos_portal":"","inf":false,"departamento":"","acf":[],"lang":"es","translation":{"es":8325,"en":10762},"_links":{"self":[{"href":"https:\/\/www.upm.es\/recursosidi\/wp-json\/wp\/v2\/product\/8325"}],"collection":[{"href":"https:\/\/www.upm.es\/recursosidi\/wp-json\/wp\/v2\/product"}],"about":[{"href":"https:\/\/www.upm.es\/recursosidi\/wp-json\/wp\/v2\/types\/product"}],"wp:attachment":[{"href":"https:\/\/www.upm.es\/recursosidi\/wp-json\/wp\/v2\/media?parent=8325"}],"wp:term":[{"taxonomy":"product_cat","embeddable":true,"href":"https:\/\/www.upm.es\/recursosidi\/wp-json\/wp\/v2\/product_cat?post=8325"},{"taxonomy":"product_tag","embeddable":true,"href":"https:\/\/www.upm.es\/recursosidi\/wp-json\/wp\/v2\/product_tag?post=8325"},{"taxonomy":"comunidad_upm","embeddable":true,"href":"https:\/\/www.upm.es\/recursosidi\/wp-json\/wp\/v2\/comunidades-upm?post=8325"},{"taxonomy":"quien","embeddable":true,"href":"https:\/\/www.upm.es\/recursosidi\/wp-json\/wp\/v2\/quien?post=8325"},{"taxonomy":"mapa","embeddable":true,"href":"https:\/\/www.upm.es\/recursosidi\/wp-json\/wp\/v2\/mapa?post=8325"},{"taxonomy":"disponibilidad","embeddable":true,"href":"https:\/\/www.upm.es\/recursosidi\/wp-json\/wp\/v2\/disponibilidad?post=8325"},{"taxonomy":"donde","embeddable":true,"href":"https:\/\/www.upm.es\/recursosidi\/wp-json\/wp\/v2\/donde?post=8325"},{"taxonomy":"infraestructura","embeddable":true,"href":"https:\/\/www.upm.es\/recursosidi\/wp-json\/wp\/v2\/infraestructura?post=8325"},{"taxonomy":"ods","embeddable":true,"href":"https:\/\/www.upm.es\/recursosidi\/wp-json\/wp\/v2\/ods?post=8325"},{"taxonomy":"origen","embeddable":true,"href":"https:\/\/www.upm.es\/recursosidi\/wp-json\/wp\/v2\/origen?post=8325"}],"curies":[{"name":"wp","href":"https:\/\/api.w.org\/{rel}","templated":true}]}}