{"id":8327,"date":"2021-11-19T10:19:10","date_gmt":"2021-11-19T09:19:10","guid":{"rendered":"https:\/\/www.upm.es\/recursosidi\/offers-resources\/sin categor\u00eda\/chiro\/"},"modified":"2026-04-21T03:47:10","modified_gmt":"2026-04-21T01:47:10","slug":"chiro","status":"publish","type":"product","link":"https:\/\/www.upm.es\/recursosidi\/offers-resources\/software\/chiro\/","title":{"rendered":"CHIRO"},"content":{"rendered":"<h4><strong>Descripci\u00f3n del software <\/strong><\/h4>\n<p>El programa forma parte del proyecto \u00bfBlexer\u00bf (Blender Exergames) y consiste en un middleware de comunicaci\u00f3n entre la c\u00e1mara Kinect X360 de Microsoft y videojuegos serios creados para la realizaci\u00f3n de ejercicios f\u00edsicos de rehabilitaci\u00f3n para personas con diversidad funcional motriz. El objetivo de los juegos es realizar ejercicios de forma<br \/>\namena. La herramienta se comunica tambi\u00e9n con la plataforma medica Blexer-med, en la cual un terapeuta puede ajustar la dificultad de los ejercicios y vigilar los resultados de<br \/>\nlos jugadores.<\/p>\n<h4><strong>Referencia<\/strong><\/h4>\n<p>M-006623\/2018<\/p>\n<div class=\"pdfprnt-buttons pdfprnt-buttons-product pdfprnt-bottom-left\"><a href=\"https:\/\/www.upm.es\/recursosidi\/wp-json\/wp\/v2\/product\/8327?print=pdf\" class=\"pdfprnt-button pdfprnt-button-pdf\" target=\"_blank\"><span class=\"pdfprnt-button-title pdfprnt-button-pdf-title\">Descargar ficha<\/span><\/a><\/div>","protected":false},"excerpt":{"rendered":"<p>Descripci\u00f3n del software El programa forma parte del proyecto \u00bfBlexer\u00bf (Blender Exergames) y consiste en un middleware de comunicaci\u00f3n entre la c\u00e1mara Kinect X360 de&hellip;<\/p>\n","protected":false},"featured_media":0,"template":"","meta":{"_acf_changed":false},"product_cat":[3948],"product_tag":[],"comunidades-upm":[],"quien":[],"mapa":[{"term_id":122,"name":"Salud y bienestar","slug":"salud-y-bienestar","term_group":0,"term_taxonomy_id":122,"taxonomy":"mapa","description":"","parent":0,"count":105,"filter":"raw","term_order":"17"},{"term_id":126,"name":"Tecnolog\u00edas digitales, Inteligencia Artificial, ciberseguridad, 5G, rob\u00f3tica","slug":"tecnologias_digitales-ai-ciberseguridad-5g-robotica","term_group":0,"term_taxonomy_id":126,"taxonomy":"mapa","description":"","parent":0,"count":194,"filter":"raw","term_order":"23"}],"disponibilidad":[],"donde":[{"term_id":636,"name":"Aplicaciones MultiMedia y Ac\u00fastica (GAMMA)","slug":"aplicaciones-multimedia-y-acustica-gamma","term_group":0,"term_taxonomy_id":636,"taxonomy":"donde","description":"","parent":0,"count":9,"filter":"raw","term_order":"0"},{"term_id":596,"name":"Centro de Investigaci\u00f3n en Tecnolog\u00edas del Software y Sistemas Multimedia para la Sostenibilidad (CITSEM)","slug":"centro-de-investigacion-en-tecnologias-del-software-y-sistemas-multimedia-para-la-sostenibilidad-citsem","term_group":0,"term_taxonomy_id":596,"taxonomy":"donde","description":"","parent":0,"count":11,"filter":"raw","term_order":"0"}],"infraestructura":[],"ods":[],"origen":[{"term_id":184,"name":"Software","slug":"software","term_group":0,"term_taxonomy_id":184,"taxonomy":"origen","description":"","parent":0,"count":133,"filter":"raw","term_order":"0"}],"familia_tax":false,"quien_tax":false,"donde_tax":false,"year":"","contacto":"<strong>Investigadores principales: <\/strong><ul><li>MARTINA ECKERT  <blockquote><strong>martina.eckert@upm.es<\/strong><\/blockquote><\/li><li>IGNACIO GOMEZ-MARTINHO GONZALEZ <blockquote><strong><\/strong><\/blockquote><\/li><\/ul>","telefono":"","pagina_web":"","email":"","id_ficha_portal":"1488","video":"","adjuntos":false,"adjuntos_portal":"","inf":false,"departamento":"","acf":[],"lang":"es","translation":{"es":8327,"en":10735},"_links":{"self":[{"href":"https:\/\/www.upm.es\/recursosidi\/wp-json\/wp\/v2\/product\/8327"}],"collection":[{"href":"https:\/\/www.upm.es\/recursosidi\/wp-json\/wp\/v2\/product"}],"about":[{"href":"https:\/\/www.upm.es\/recursosidi\/wp-json\/wp\/v2\/types\/product"}],"wp:attachment":[{"href":"https:\/\/www.upm.es\/recursosidi\/wp-json\/wp\/v2\/media?parent=8327"}],"wp:term":[{"taxonomy":"product_cat","embeddable":true,"href":"https:\/\/www.upm.es\/recursosidi\/wp-json\/wp\/v2\/product_cat?post=8327"},{"taxonomy":"product_tag","embeddable":true,"href":"https:\/\/www.upm.es\/recursosidi\/wp-json\/wp\/v2\/product_tag?post=8327"},{"taxonomy":"comunidad_upm","embeddable":true,"href":"https:\/\/www.upm.es\/recursosidi\/wp-json\/wp\/v2\/comunidades-upm?post=8327"},{"taxonomy":"quien","embeddable":true,"href":"https:\/\/www.upm.es\/recursosidi\/wp-json\/wp\/v2\/quien?post=8327"},{"taxonomy":"mapa","embeddable":true,"href":"https:\/\/www.upm.es\/recursosidi\/wp-json\/wp\/v2\/mapa?post=8327"},{"taxonomy":"disponibilidad","embeddable":true,"href":"https:\/\/www.upm.es\/recursosidi\/wp-json\/wp\/v2\/disponibilidad?post=8327"},{"taxonomy":"donde","embeddable":true,"href":"https:\/\/www.upm.es\/recursosidi\/wp-json\/wp\/v2\/donde?post=8327"},{"taxonomy":"infraestructura","embeddable":true,"href":"https:\/\/www.upm.es\/recursosidi\/wp-json\/wp\/v2\/infraestructura?post=8327"},{"taxonomy":"ods","embeddable":true,"href":"https:\/\/www.upm.es\/recursosidi\/wp-json\/wp\/v2\/ods?post=8327"},{"taxonomy":"origen","embeddable":true,"href":"https:\/\/www.upm.es\/recursosidi\/wp-json\/wp\/v2\/origen?post=8327"}],"curies":[{"name":"wp","href":"https:\/\/api.w.org\/{rel}","templated":true}]}}