{"id":8330,"date":"2021-11-19T10:19:13","date_gmt":"2021-11-19T09:19:13","guid":{"rendered":"https:\/\/www.upm.es\/recursosidi\/offers-resources\/sin categor\u00eda\/tasas-de-cambio-en-los-cuantiles-de-precipitacion-diaria-maxima-anual-esperables-en-situacion-de-cambio-climatico-a-escala-nacional\/"},"modified":"2023-11-28T02:31:00","modified_gmt":"2023-11-28T01:31:00","slug":"tasas-de-cambio-en-los-cuantiles-de-precipitacion-diaria-maxima-anual-esperables-en-situacion-de-cambio-climatico-a-escala-nacional","status":"publish","type":"product","link":"https:\/\/www.upm.es\/recursosidi\/offers-resources\/software\/tasas-de-cambio-en-los-cuantiles-de-precipitacion-diaria-maxima-anual-esperables-en-situacion-de-cambio-climatico-a-escala-nacional\/","title":{"rendered":"Tasas de cambio en los cuantiles de precipitaci\u00f3n diaria m\u00e1xima anual esperables en situaci\u00f3n de cambio clim\u00e1tico a escala nacional"},"content":{"rendered":"<h4><strong>Descripci\u00f3n del software <\/strong><\/h4>\n<p>Se trata de una base de datos. La obra recoge los resultados de los cambios esperables en la ley de frecuencia de precipitaciones diarias m\u00e1ximas anuales a escala nacional, obtenidos a partir de las proyecciones de precipitaciones en situaci\u00f3n de cambio clim\u00e1tico suministradas de manera libre por el programa CORDEX.<br \/>\nLos resultados obtenidos tienen gran utilidad de forma general para conocer c\u00f3mo se espera que se modifique el comportamiento extremo de las precipitaciones en Espa\u00f1a por efecto del cambio clim\u00e1tico. En particular, tiene aplicaci\u00f3n para estimar c\u00f3mo se modificar\u00e1n en el futuro cercano los caudales de avenida en el territorio nacional, cuesti\u00f3n de gran inter\u00e9s para el Ministerio de Agricultura y Pesca, Alimentaci\u00f3n y Medio Ambiente, principalmente para incluir la consideraci\u00f3n del efecto del cambio clim\u00e1tico sobre las avenidas en el segundo ciclo de la Directiva de Inundaciones, y como consecuencia, en los planes de gesti\u00f3n del riesgo de inundaci\u00f3n.<\/p>\n<h4><strong>Referencia<\/strong><\/h4>\n<p>M-001724\/2018<\/p>\n<div class=\"pdfprnt-buttons pdfprnt-buttons-product pdfprnt-bottom-left\"><a href=\"https:\/\/www.upm.es\/recursosidi\/wp-json\/wp\/v2\/product\/8330?print=pdf\" class=\"pdfprnt-button pdfprnt-button-pdf\" target=\"_blank\"><span class=\"pdfprnt-button-title pdfprnt-button-pdf-title\">Descargar ficha<\/span><\/a><\/div>","protected":false},"excerpt":{"rendered":"<p>Descripci\u00f3n del software Se trata de una base de datos. La obra recoge los resultados de los cambios esperables en la ley de frecuencia de&hellip;<\/p>\n","protected":false},"featured_media":0,"template":"","meta":{"_acf_changed":false},"product_cat":[3948],"product_tag":[],"comunidades-upm":[],"quien":[],"mapa":[{"term_id":139,"name":"Agricultura, silvicultura, recursos naturales, usos de la tierra y crecimiento azul","slug":"agricultura-silvicultura-recursos_naturales-usos_tierra-crecimiento_azul","term_group":0,"term_taxonomy_id":139,"taxonomy":"mapa","description":"","parent":0,"count":43,"filter":"raw","term_order":"2"},{"term_id":133,"name":"Clima, Energ\u00eda y Movilidad","slug":"clima-energia-movilidad","term_group":0,"term_taxonomy_id":133,"taxonomy":"mapa","description":"","parent":0,"count":129,"filter":"raw","term_order":"9"},{"term_id":128,"name":"Espacio y Observaci\u00f3n de la Tierra","slug":"espacio-observacion_tierra","term_group":0,"term_taxonomy_id":128,"taxonomy":"mapa","description":"","parent":0,"count":19,"filter":"raw","term_order":"12"}],"disponibilidad":[],"donde":[{"term_id":534,"name":"Hidroinform\u00e1tica y Gesti\u00f3n del Agua","slug":"hidroinformatica-y-gestion-del-agua","term_group":0,"term_taxonomy_id":534,"taxonomy":"donde","description":"El objetivo de nuestro grupo es la investigaci&oacute;n en un campo multidisciplinar que combina intereses tecnol&oacute;gicos, humanos, sociol&oacute;gicos y medioambientales con el fin de resolver problemas relacionados con el medio ambiente acu&aacute;tico y mejorar la gesti&oacute;n de los recursos h&iacute;dricos haciendo uso de las tecnolog&iacute;as de informaci&oacute;n. La hidroinform&aacute;tica utiliza soluciones tales como m&eacute;todos num&eacute;ricos de modelizaci&oacute;n y optimizaci&oacute;n, redes de sensores, sistemas de informaci&oacute;n e inteligencia artificial (an&aacute;lisis inteligente de datos, herramientas de ayuda a la decisi&oacute;n) para resolver problemas de hidr&aacute;ulica, hidrolog&iacute;a e ingenier&iacute;a ambiental con el fin de obtener un mejor manejo de los sistemas basados en recursos h&iacute;dricos.\n&nbsp;\nNuestras l&iacute;neas de investigaci&oacute;n incluyen:\n\n\n<strong>Infraestructuras y Sistemas Hidr&aacute;ulicos:<\/strong>&nbsp;Modelizaci&oacute;n, gesti&oacute;n de recursos, seguridad, sistemas hidroel&eacute;ctricos\n\n\n\n<strong>Medioambiente: <\/strong>Cambio clim&aacute;tico, sequ&iacute;a, impacto socio-econ&oacute;mico de la gesti&oacute;n del agua\n\n\n<strong>Tecnolog&iacute;as de Informaci&oacute;n: <\/strong>Sistemas de informaci&oacute;n, inteligencia artificial\n","parent":0,"count":15,"filter":"raw","term_order":"0"}],"infraestructura":[],"ods":[],"origen":[{"term_id":184,"name":"Software","slug":"software","term_group":0,"term_taxonomy_id":184,"taxonomy":"origen","description":"","parent":0,"count":133,"filter":"raw","term_order":"0"}],"familia_tax":false,"quien_tax":false,"donde_tax":false,"year":"","contacto":"<strong>Investigadores principales: <\/strong><ul><li>LUIS JESUS MEDIERO ORDU\u00d1A <blockquote><strong>luis.mediero@upm.es<\/strong><\/blockquote><\/li><li>CARLOS GARIJO SARRIA <blockquote><strong>c.garijo@upm.es<\/strong><\/blockquote><\/li><\/ul>","telefono":"","pagina_web":"","email":"","id_ficha_portal":"1455","video":"","adjuntos":false,"adjuntos_portal":"","inf":false,"departamento":"","acf":[],"lang":"es","translation":{"es":8330,"en":10765},"_links":{"self":[{"href":"https:\/\/www.upm.es\/recursosidi\/wp-json\/wp\/v2\/product\/8330"}],"collection":[{"href":"https:\/\/www.upm.es\/recursosidi\/wp-json\/wp\/v2\/product"}],"about":[{"href":"https:\/\/www.upm.es\/recursosidi\/wp-json\/wp\/v2\/types\/product"}],"wp:attachment":[{"href":"https:\/\/www.upm.es\/recursosidi\/wp-json\/wp\/v2\/media?parent=8330"}],"wp:term":[{"taxonomy":"product_cat","embeddable":true,"href":"https:\/\/www.upm.es\/recursosidi\/wp-json\/wp\/v2\/product_cat?post=8330"},{"taxonomy":"product_tag","embeddable":true,"href":"https:\/\/www.upm.es\/recursosidi\/wp-json\/wp\/v2\/product_tag?post=8330"},{"taxonomy":"comunidad_upm","embeddable":true,"href":"https:\/\/www.upm.es\/recursosidi\/wp-json\/wp\/v2\/comunidades-upm?post=8330"},{"taxonomy":"quien","embeddable":true,"href":"https:\/\/www.upm.es\/recursosidi\/wp-json\/wp\/v2\/quien?post=8330"},{"taxonomy":"mapa","embeddable":true,"href":"https:\/\/www.upm.es\/recursosidi\/wp-json\/wp\/v2\/mapa?post=8330"},{"taxonomy":"disponibilidad","embeddable":true,"href":"https:\/\/www.upm.es\/recursosidi\/wp-json\/wp\/v2\/disponibilidad?post=8330"},{"taxonomy":"donde","embeddable":true,"href":"https:\/\/www.upm.es\/recursosidi\/wp-json\/wp\/v2\/donde?post=8330"},{"taxonomy":"infraestructura","embeddable":true,"href":"https:\/\/www.upm.es\/recursosidi\/wp-json\/wp\/v2\/infraestructura?post=8330"},{"taxonomy":"ods","embeddable":true,"href":"https:\/\/www.upm.es\/recursosidi\/wp-json\/wp\/v2\/ods?post=8330"},{"taxonomy":"origen","embeddable":true,"href":"https:\/\/www.upm.es\/recursosidi\/wp-json\/wp\/v2\/origen?post=8330"}],"curies":[{"name":"wp","href":"https:\/\/api.w.org\/{rel}","templated":true}]}}