{"id":8331,"date":"2021-11-19T10:19:15","date_gmt":"2021-11-19T09:19:15","guid":{"rendered":"https:\/\/www.upm.es\/recursosidi\/offers-resources\/sin categor\u00eda\/dynapp-dynapp-a-mobile-application-for-advanced-dynamic-analysis\/"},"modified":"2023-11-28T02:31:01","modified_gmt":"2023-11-28T01:31:01","slug":"dynapp-dynapp-a-mobile-application-for-advanced-dynamic-analysis","status":"publish","type":"product","link":"https:\/\/www.upm.es\/recursosidi\/offers-resources\/software\/dynapp-dynapp-a-mobile-application-for-advanced-dynamic-analysis\/","title":{"rendered":"(DynApp) &#8211; DynApp: A mobile application for advanced dynamic analysis"},"content":{"rendered":"<h4><strong>Descripci\u00f3n del software <\/strong><\/h4>\n<p>Aplicaci\u00f3n para plataformas m\u00f3viles Android para medir vibraciones en el dominio del tiempo y de la frecuencia y obtener \u00edndices de vibraci\u00f3n asociados al confort de los usuarios. <\/p>\n<h4><strong>Referencia<\/strong><\/h4>\n<p>M-00995\/2020 <\/p>\n<div class=\"pdfprnt-buttons pdfprnt-buttons-product pdfprnt-bottom-left\"><a href=\"https:\/\/www.upm.es\/recursosidi\/wp-json\/wp\/v2\/product\/8331?print=pdf\" class=\"pdfprnt-button pdfprnt-button-pdf\" target=\"_blank\"><span class=\"pdfprnt-button-title pdfprnt-button-pdf-title\">Descargar ficha<\/span><\/a><\/div>","protected":false},"excerpt":{"rendered":"<p>Descripci\u00f3n del software Aplicaci\u00f3n para plataformas m\u00f3viles Android para medir vibraciones en el dominio del tiempo y de la frecuencia y obtener \u00edndices de vibraci\u00f3n&hellip;<\/p>\n","protected":false},"featured_media":0,"template":"","meta":{"_acf_changed":false},"product_cat":[3948],"product_tag":[],"comunidades-upm":[],"quien":[],"mapa":[],"disponibilidad":[],"donde":[{"term_id":354,"name":"Grupo de Ingenier\u00eda Estructural","slug":"grupo-de-ingenieria-estructural","term_group":0,"term_taxonomy_id":354,"taxonomy":"donde","description":"Entre nuestros objetivos est&aacute; la investigaci&oacute;n en el &aacute;rea de la Ingenier&iacute;a Estructural, as&iacute; como la docencia y divulgaci&oacute;n de conocimientos en esta rama de la Ingenier&iacute;a Civil. Todo ello lo llevamos a cabo tomando como base, y desarrollando a la vez, nuestras<strong> l&iacute;neas de investigaci&oacute;n<\/strong>:\n&nbsp;\n\n&nbsp;An&aacute;lisis estructural.\nFatiga y comportamiento a largo plazo.\nResistencia de estructuras sometidas a impacto y alta velocidad de deformaci&oacute;n.\nAn&aacute;lisis din&aacute;mico.\nCancelaci&oacute;n de vibraciones.\nEstructuras de hormig&oacute;n sometidas a estados complejos de carga.\nPuentes mixtos e h&iacute;bridos de hormig&oacute;n y otros materiales.\nInteracci&oacute;n suelo-estructura.\n","parent":0,"count":7,"filter":"raw","term_order":"0"}],"infraestructura":[],"ods":[],"origen":[{"term_id":184,"name":"Software","slug":"software","term_group":0,"term_taxonomy_id":184,"taxonomy":"origen","description":"","parent":0,"count":133,"filter":"raw","term_order":"0"}],"familia_tax":false,"quien_tax":false,"donde_tax":false,"year":"","contacto":"<strong>Investigadores principales: <\/strong><ul><li>IVAN MU\u00d1OZ DIAZ <blockquote><strong>ivan.munoz@upm.es<\/strong><\/blockquote><\/li><li>JOSE MANUEL SORIA HERRERA <blockquote><strong>jm.soria@upm.es<\/strong><\/blockquote><\/li><li>CARLOS MARTIN DE LA CONCHA RENEDO <blockquote><strong>carlos.martindelaconcha@upm.es<\/strong><\/blockquote><\/li><li>JAIME GARCIA PALACIOS <blockquote><strong>jaime.garcia.palacios@upm.es<\/strong><\/blockquote><\/li><\/ul><strong>Otros investigadores UPM: <\/strong><ul><li>Isaac Lacort Mag\u00e1n E.T.S. de Ingenieros Inform\u00e1ticos<\/li><li>Jorge Garc\u00eda Samart\u00edn E.T.S. de Ingenieros Industriales<\/li><\/ul>","telefono":"","pagina_web":"","email":"","id_ficha_portal":"1627","video":"","adjuntos":false,"adjuntos_portal":"","inf":false,"departamento":"","acf":[],"lang":"es","translation":{"es":8331,"en":10766},"_links":{"self":[{"href":"https:\/\/www.upm.es\/recursosidi\/wp-json\/wp\/v2\/product\/8331"}],"collection":[{"href":"https:\/\/www.upm.es\/recursosidi\/wp-json\/wp\/v2\/product"}],"about":[{"href":"https:\/\/www.upm.es\/recursosidi\/wp-json\/wp\/v2\/types\/product"}],"wp:attachment":[{"href":"https:\/\/www.upm.es\/recursosidi\/wp-json\/wp\/v2\/media?parent=8331"}],"wp:term":[{"taxonomy":"product_cat","embeddable":true,"href":"https:\/\/www.upm.es\/recursosidi\/wp-json\/wp\/v2\/product_cat?post=8331"},{"taxonomy":"product_tag","embeddable":true,"href":"https:\/\/www.upm.es\/recursosidi\/wp-json\/wp\/v2\/product_tag?post=8331"},{"taxonomy":"comunidad_upm","embeddable":true,"href":"https:\/\/www.upm.es\/recursosidi\/wp-json\/wp\/v2\/comunidades-upm?post=8331"},{"taxonomy":"quien","embeddable":true,"href":"https:\/\/www.upm.es\/recursosidi\/wp-json\/wp\/v2\/quien?post=8331"},{"taxonomy":"mapa","embeddable":true,"href":"https:\/\/www.upm.es\/recursosidi\/wp-json\/wp\/v2\/mapa?post=8331"},{"taxonomy":"disponibilidad","embeddable":true,"href":"https:\/\/www.upm.es\/recursosidi\/wp-json\/wp\/v2\/disponibilidad?post=8331"},{"taxonomy":"donde","embeddable":true,"href":"https:\/\/www.upm.es\/recursosidi\/wp-json\/wp\/v2\/donde?post=8331"},{"taxonomy":"infraestructura","embeddable":true,"href":"https:\/\/www.upm.es\/recursosidi\/wp-json\/wp\/v2\/infraestructura?post=8331"},{"taxonomy":"ods","embeddable":true,"href":"https:\/\/www.upm.es\/recursosidi\/wp-json\/wp\/v2\/ods?post=8331"},{"taxonomy":"origen","embeddable":true,"href":"https:\/\/www.upm.es\/recursosidi\/wp-json\/wp\/v2\/origen?post=8331"}],"curies":[{"name":"wp","href":"https:\/\/api.w.org\/{rel}","templated":true}]}}