{"id":8339,"date":"2021-11-25T14:03:28","date_gmt":"2021-11-25T13:03:28","guid":{"rendered":"https:\/\/www.upm.es\/recursosidi\/offers-resources\/sin categor\u00eda\/molde-modular-para-obtencion-de-prototipos-rapidos\/"},"modified":"2022-08-10T02:00:37","modified_gmt":"2022-08-10T00:00:37","slug":"molde-modular-para-obtencion-de-prototipos-rapidos","status":"publish","type":"product","link":"https:\/\/www.upm.es\/recursosidi\/offers-resources\/patentes\/molde-modular-para-obtencion-de-prototipos-rapidos\/","title":{"rendered":"Molde modular para obtenci\u00f3n de prototipos r\u00e1pidos"},"content":{"rendered":"<h5>Descripci\u00f3n de la patente <\/h5>\n<p>Molde modular para obtenci\u00f3n de prototipos r\u00e1pidos divido en dos o m\u00e1s partes, en el que el punto de inyecci\u00f3n, as\u00ed como los canales de llenado, se encuentran preferentemente en la superficie de partici\u00f3n del mismo y en el que cada una de las partes del molde modular puede presentar: una placa posterior, un bastidor r\u00edgido, unas l\u00e1minas de ajuste, un relleno, una contraforma y una impronta flexible. Como elementos adicionales se pueden disponer empujadores, expulsores, insertos y sistemas de refrigeraci\u00f3n, aireaci\u00f3n, calentamiento o instrumentaci\u00f3n. Se obtiene as\u00ed un sistema para obtenci\u00f3n de piezas finales de forma r\u00e1pida y sin necesidad de elementos adicionales m\u00f3viles para desmoldeo de piezas que presenten contrasalidas, gracias al empleo de las improntas flexibles.  <\/p>\n<h5>Situaci\u00f3n <\/h5>\n<p>Concedida<\/p>\n<h5>N\u00famero de solicitud<\/h5>\n<p>P200802059<\/p>\n<h5>N\u00famero de publicaci\u00f3n<\/h5>\n<p>ES2325524<\/p>\n<h5>Fecha de presentaci\u00f3n <\/h5>\n<p>10\/07\/2008<\/p>\n<h5>Fecha de concesi\u00f3n <\/h5>\n<p>15\/02\/2010<\/p>\n<div class=\"pdfprnt-buttons pdfprnt-buttons-product pdfprnt-bottom-left\"><a href=\"https:\/\/www.upm.es\/recursosidi\/wp-json\/wp\/v2\/product\/8339?print=pdf\" class=\"pdfprnt-button pdfprnt-button-pdf\" target=\"_blank\"><span class=\"pdfprnt-button-title pdfprnt-button-pdf-title\">Descargar ficha<\/span><\/a><\/div>","protected":false},"excerpt":{"rendered":"<p>Descripci\u00f3n de la patente Molde modular para obtenci\u00f3n de prototipos r\u00e1pidos divido en dos o m\u00e1s partes, en el que el punto de inyecci\u00f3n, as\u00ed&hellip;<\/p>\n","protected":false},"featured_media":0,"template":"","meta":{"_acf_changed":false},"product_cat":[3946],"product_tag":[],"comunidades-upm":[],"quien":[],"mapa":[],"disponibilidad":[],"donde":[{"term_id":310,"name":"GI-IM: Grupo de Investigaci\u00f3n en Ingenier\u00eda de M\u00e1quinas","slug":"gi-im-grupo-de-investigacion-en-ingenieria-de-maquinas","term_group":0,"term_taxonomy_id":310,"taxonomy":"donde","description":"","parent":0,"count":12,"filter":"raw","term_order":"0"}],"infraestructura":[],"ods":[],"origen":[{"term_id":180,"name":"Patente","slug":"patente","term_group":0,"term_taxonomy_id":180,"taxonomy":"origen","description":"","parent":0,"count":614,"filter":"raw","term_order":"0"}],"familia_tax":false,"quien_tax":false,"donde_tax":false,"year":"","contacto":"<strong>Principales: <\/strong><ul><li>EMILIO BAUTISTA PAZ <blockquote><strong>emilio.bautista@upm.es<\/strong><\/blockquote><\/li><li>JUAN MANUEL MU\u00d1OZ GUIJOSA <blockquote><strong>juanmanuel.munoz.guijosa@upm.es<\/strong><\/blockquote><\/li><li>JOSE LUIS MU\u00d1OZ SANZ <blockquote><strong>joseluis.munozs@upm.es<\/strong><\/blockquote><\/li><li>ANDRES DIAZ LANTADA <blockquote><strong>andres.diaz@upm.es<\/strong><\/blockquote><\/li><li>ANTONIO SILLERO MARTINEZ <blockquote><strong>antonio.sillero@upm.es<\/strong><\/blockquote><\/li><li>JULIO MU\u00d1OZ GARCIA <blockquote><strong>julio.munoz@upm.es<\/strong><\/blockquote><\/li><li>MARCOS  FERN\u00c1NDEZ MART\u00cdNEZ <blockquote><strong><\/strong><\/blockquote><\/li><li>MARIA DEL PILAR LEAL WI\u00d1A <blockquote><strong>pilar.leal@upm.es<\/strong><\/blockquote><\/li><li>MA.DEL SOCORRO MARTIN MUELA <blockquote><strong>socorro.martin@upm.es<\/strong><\/blockquote><\/li><li>SILVIA NATIVIDAD ORTEGA PEREZ <blockquote><strong>silvianatividad.ortega@upm.es<\/strong><\/blockquote><\/li><li>PEDRO ORTEGO GARCIA <blockquote><strong>p.ortego@upm.es<\/strong><\/blockquote><\/li><li>PABLO MENA GARCIA <blockquote><strong>pablo.mena@upm.es<\/strong><\/blockquote><\/li><li>ANTONIO FERN\u00c1NDEZ-FL\u00d3REZ NAVIDAD <blockquote><strong><\/strong><\/blockquote><\/li><li>HECTOR LORENZO YUSTOS <blockquote><strong>h.lyustos@upm.es<\/strong><\/blockquote><\/li><li>JAVIER ECHAVARRI OTERO <blockquote><strong>javier.echavarri@upm.es<\/strong><\/blockquote><\/li><li>PILAR LAFONT MORGADO <blockquote><strong>pilar.lafont@upm.es<\/strong><\/blockquote><\/li><\/ul>","telefono":"","pagina_web":"","email":"","id_ficha_portal":"152","video":"","adjuntos":false,"adjuntos_portal":"https:\/\/www.upm.es\/S2i\/Acuse\/recuperarArchivo.jsp?id=152&id_archivo=47&tipo=patente&extension=fichero ","inf":false,"departamento":"","acf":[],"lang":"es","translation":{"es":8339},"_links":{"self":[{"href":"https:\/\/www.upm.es\/recursosidi\/wp-json\/wp\/v2\/product\/8339"}],"collection":[{"href":"https:\/\/www.upm.es\/recursosidi\/wp-json\/wp\/v2\/product"}],"about":[{"href":"https:\/\/www.upm.es\/recursosidi\/wp-json\/wp\/v2\/types\/product"}],"wp:attachment":[{"href":"https:\/\/www.upm.es\/recursosidi\/wp-json\/wp\/v2\/media?parent=8339"}],"wp:term":[{"taxonomy":"product_cat","embeddable":true,"href":"https:\/\/www.upm.es\/recursosidi\/wp-json\/wp\/v2\/product_cat?post=8339"},{"taxonomy":"product_tag","embeddable":true,"href":"https:\/\/www.upm.es\/recursosidi\/wp-json\/wp\/v2\/product_tag?post=8339"},{"taxonomy":"comunidad_upm","embeddable":true,"href":"https:\/\/www.upm.es\/recursosidi\/wp-json\/wp\/v2\/comunidades-upm?post=8339"},{"taxonomy":"quien","embeddable":true,"href":"https:\/\/www.upm.es\/recursosidi\/wp-json\/wp\/v2\/quien?post=8339"},{"taxonomy":"mapa","embeddable":true,"href":"https:\/\/www.upm.es\/recursosidi\/wp-json\/wp\/v2\/mapa?post=8339"},{"taxonomy":"disponibilidad","embeddable":true,"href":"https:\/\/www.upm.es\/recursosidi\/wp-json\/wp\/v2\/disponibilidad?post=8339"},{"taxonomy":"donde","embeddable":true,"href":"https:\/\/www.upm.es\/recursosidi\/wp-json\/wp\/v2\/donde?post=8339"},{"taxonomy":"infraestructura","embeddable":true,"href":"https:\/\/www.upm.es\/recursosidi\/wp-json\/wp\/v2\/infraestructura?post=8339"},{"taxonomy":"ods","embeddable":true,"href":"https:\/\/www.upm.es\/recursosidi\/wp-json\/wp\/v2\/ods?post=8339"},{"taxonomy":"origen","embeddable":true,"href":"https:\/\/www.upm.es\/recursosidi\/wp-json\/wp\/v2\/origen?post=8339"}],"curies":[{"name":"wp","href":"https:\/\/api.w.org\/{rel}","templated":true}]}}