{"id":8343,"date":"2021-11-25T14:03:38","date_gmt":"2021-11-25T13:03:38","guid":{"rendered":"https:\/\/www.upm.es\/recursosidi\/offers-resources\/sin categor\u00eda\/procedimiento-de-biorremediacion-para-la-concentracion-y-eliminacion-de-radionuclidos-en-las-aguas-radiactivas-de-las-piscinas-nucleares\/"},"modified":"2022-08-10T02:00:48","modified_gmt":"2022-08-10T00:00:48","slug":"procedimiento-de-biorremediacion-para-la-concentracion-y-eliminacion-de-radionuclidos-en-las-aguas-radiactivas-de-las-piscinas-nucleares","status":"publish","type":"product","link":"https:\/\/www.upm.es\/recursosidi\/offers-resources\/patentes\/procedimiento-de-biorremediacion-para-la-concentracion-y-eliminacion-de-radionuclidos-en-las-aguas-radiactivas-de-las-piscinas-nucleares\/","title":{"rendered":"Procedimiento de biorremediaci\u00f3n para la concentraci\u00f3n y eliminaci\u00f3n de radionuclidos en las aguas radiactivas de las piscinas nucleares"},"content":{"rendered":"<h5>Descripci\u00f3n de la patente <\/h5>\n<p>El procedimiento de concentraci\u00f3n y eliminaci\u00f3n de radion\u00faclidos en las aguas radiactivas de las piscinas nucleares que se presenta se basa en la capacidad que tienen los microorganismos para retener radion\u00faclidos cuando crecen formando biopel\u00edculas sobre las superficies que colonizan. Este proceso, conocido como biorremediaci\u00f3n, hasta la fecha no se ha utilizado en la zona de contenci\u00f3n de las centrales nucleares. El sistema actual de clarificaci\u00f3n de las aguas radiactivas en las piscinas nucleares se realiza con un sistema de filtros desmineralizadores que cuando finalizan su vida \u00fatil generan un importante volumen de material radiactivo a gestionar. El procedimiento que se presenta mediante biorremediaci\u00f3n, llevado a cabo delante de estos filtros, prolonga la vida de los mismos y por tanto es necesario gestionar menos residuos radiactivos aumentando la rentabilidad econ\u00f3mica del proceso.<\/p>\n<h5>N\u00famero de solicitud<\/h5>\n<p>P200200006<\/p>\n<h5>N\u00famero de publicaci\u00f3n<\/h5>\n<p>ES2190758<\/p>\n<h5>Fecha de presentaci\u00f3n <\/h5>\n<p>02\/01\/2002<\/p>\n<h5>Fecha de concesi\u00f3n <\/h5>\n<p>10\/06\/2004<\/p>\n<div class=\"pdfprnt-buttons pdfprnt-buttons-product pdfprnt-bottom-left\"><a href=\"https:\/\/www.upm.es\/recursosidi\/wp-json\/wp\/v2\/product\/8343?print=pdf\" class=\"pdfprnt-button pdfprnt-button-pdf\" target=\"_blank\"><span class=\"pdfprnt-button-title pdfprnt-button-pdf-title\">Descargar ficha<\/span><\/a><\/div>","protected":false},"excerpt":{"rendered":"<p>Descripci\u00f3n de la patente El procedimiento de concentraci\u00f3n y eliminaci\u00f3n de radion\u00faclidos en las aguas radiactivas de las piscinas nucleares que se presenta se basa&hellip;<\/p>\n","protected":false},"featured_media":0,"template":"","meta":{"_acf_changed":false},"product_cat":[3946],"product_tag":[],"comunidades-upm":[],"quien":[],"mapa":[],"disponibilidad":[],"donde":[{"term_id":392,"name":"Bioingenier\u00eda y Materiales (BIO-MAT)","slug":"bioingenieria-y-materiales-bio-mat","term_group":0,"term_taxonomy_id":392,"taxonomy":"donde","description":"En el <a href=\"http:\/\/www.upm.es\/observatorio\/vi\/index.jsp?pageac=grupo.jsp&amp;idGrupo=222\">Grupo de Bioingenier&iacute;a y Materiales (BIO-MAT)<\/a> desarrollamos nuestro trabajo en base a las siguientes l&iacute;neas de investigaci&oacute;n:\n&nbsp;\n\nBiopel&iacute;culas, Biodeterioro y Corrosi&oacute;n Microbiana\nBiodegradaci&oacute;n y Biorremediaci&oacute;n\nNanotecnolog&iacute;a de Pol&iacute;meros y Biopol&iacute;meros\nComportamiento de Materiales en Servicio\nSinterizados y Nuevos Materiales\nMicrobiolog&iacute;a Molecular y Biotecnolog&iacute;a\n","parent":0,"count":17,"filter":"raw","term_order":"0"}],"infraestructura":[],"ods":[],"origen":[{"term_id":180,"name":"Patente","slug":"patente","term_group":0,"term_taxonomy_id":180,"taxonomy":"origen","description":"","parent":0,"count":614,"filter":"raw","term_order":"0"}],"familia_tax":false,"quien_tax":false,"donde_tax":false,"year":"","contacto":"<strong>Principales: <\/strong><ul><li>DIEGO ALEJANDRO MORENO GOMEZ <blockquote><strong>diego.moreno@upm.es<\/strong><\/blockquote><\/li><\/ul><strong>Otros inventores UPM: <\/strong><ul><li>Montero Ortego, Felipe (IBERGEN)<\/li><\/ul><strong>Otros inventores: <\/strong><ul><li>FelipeMontero Ortego Iberdrola Generaci\u00f3n, S.A.<\/li> <\/ul>","telefono":"","pagina_web":"","email":"","id_ficha_portal":"116","video":"","adjuntos":false,"adjuntos_portal":"","inf":false,"departamento":"","acf":[],"lang":"es","translation":{"es":8343},"_links":{"self":[{"href":"https:\/\/www.upm.es\/recursosidi\/wp-json\/wp\/v2\/product\/8343"}],"collection":[{"href":"https:\/\/www.upm.es\/recursosidi\/wp-json\/wp\/v2\/product"}],"about":[{"href":"https:\/\/www.upm.es\/recursosidi\/wp-json\/wp\/v2\/types\/product"}],"wp:attachment":[{"href":"https:\/\/www.upm.es\/recursosidi\/wp-json\/wp\/v2\/media?parent=8343"}],"wp:term":[{"taxonomy":"product_cat","embeddable":true,"href":"https:\/\/www.upm.es\/recursosidi\/wp-json\/wp\/v2\/product_cat?post=8343"},{"taxonomy":"product_tag","embeddable":true,"href":"https:\/\/www.upm.es\/recursosidi\/wp-json\/wp\/v2\/product_tag?post=8343"},{"taxonomy":"comunidad_upm","embeddable":true,"href":"https:\/\/www.upm.es\/recursosidi\/wp-json\/wp\/v2\/comunidades-upm?post=8343"},{"taxonomy":"quien","embeddable":true,"href":"https:\/\/www.upm.es\/recursosidi\/wp-json\/wp\/v2\/quien?post=8343"},{"taxonomy":"mapa","embeddable":true,"href":"https:\/\/www.upm.es\/recursosidi\/wp-json\/wp\/v2\/mapa?post=8343"},{"taxonomy":"disponibilidad","embeddable":true,"href":"https:\/\/www.upm.es\/recursosidi\/wp-json\/wp\/v2\/disponibilidad?post=8343"},{"taxonomy":"donde","embeddable":true,"href":"https:\/\/www.upm.es\/recursosidi\/wp-json\/wp\/v2\/donde?post=8343"},{"taxonomy":"infraestructura","embeddable":true,"href":"https:\/\/www.upm.es\/recursosidi\/wp-json\/wp\/v2\/infraestructura?post=8343"},{"taxonomy":"ods","embeddable":true,"href":"https:\/\/www.upm.es\/recursosidi\/wp-json\/wp\/v2\/ods?post=8343"},{"taxonomy":"origen","embeddable":true,"href":"https:\/\/www.upm.es\/recursosidi\/wp-json\/wp\/v2\/origen?post=8343"}],"curies":[{"name":"wp","href":"https:\/\/api.w.org\/{rel}","templated":true}]}}