{"id":8348,"date":"2021-11-25T14:03:51","date_gmt":"2021-11-25T13:03:51","guid":{"rendered":"https:\/\/www.upm.es\/recursosidi\/offers-resources\/sin categor\u00eda\/sensor-de-firmeza-de-frutos-por-impacto\/"},"modified":"2022-08-10T02:01:02","modified_gmt":"2022-08-10T00:01:02","slug":"sensor-de-firmeza-de-frutos-por-impacto","status":"publish","type":"product","link":"https:\/\/www.upm.es\/recursosidi\/offers-resources\/patentes\/sensor-de-firmeza-de-frutos-por-impacto\/","title":{"rendered":"Sensor de firmeza de frutos por impacto"},"content":{"rendered":"<h5>Descripci\u00f3n de la patente <\/h5>\n<p>La invenci\u00f3n consiste en un sensor capaz de medir no destructivamente la firmeza de frutos intactos en una l\u00ednea de clasificaci\u00f3n. El sensor est\u00e1 basado en la respuesta al impacto de una peque\u00f1a masa semiesf\u00e9rica fijada al extremo de un brazo horizontal pivotante. La respuesta del fruto al impacto es medida por un aceler\u00f3metro miniatura que va fijado detr\u00e1s de la cabeza impactadora. La respuesta al impacto consiste en la se\u00f1al aceleraci\u00f3n-tiempo durante el contacto entre el impactador y el fruto. El an\u00e1lisis de esta se\u00f1al permite el c\u00e1lculo de un \u00edndice de firmeza. El brazo impactador est\u00e1 inicialmente retenido por un electroim\u00e1n y es lanzado por un muelle cuando se corta la alimentaci\u00f3n del electroim\u00e1n. Sensor, actuadores y bastidor ocupan un peque\u00f1o espacio, y el dispositivo mide la firmeza de al menos 8 frutos por segundo, por lo que es viable para su montaje en una l\u00ednea de clasificaci\u00f3n.<\/p>\n<h5>N\u00famero de solicitud<\/h5>\n<p>P200101703<\/p>\n<h5>N\u00famero de publicaci\u00f3n<\/h5>\n<p>ES2192948<\/p>\n<h5>Fecha de presentaci\u00f3n <\/h5>\n<p>20\/07\/2001<\/p>\n<h5>Fecha de concesi\u00f3n <\/h5>\n<p>23\/09\/2005<\/p>\n<div class=\"pdfprnt-buttons pdfprnt-buttons-product pdfprnt-bottom-left\"><a href=\"https:\/\/www.upm.es\/recursosidi\/wp-json\/wp\/v2\/product\/8348?print=pdf\" class=\"pdfprnt-button pdfprnt-button-pdf\" target=\"_blank\"><span class=\"pdfprnt-button-title pdfprnt-button-pdf-title\">Descargar ficha<\/span><\/a><\/div>","protected":false},"excerpt":{"rendered":"<p>Descripci\u00f3n de la patente La invenci\u00f3n consiste en un sensor capaz de medir no destructivamente la firmeza de frutos intactos en una l\u00ednea de clasificaci\u00f3n.&hellip;<\/p>\n","protected":false},"featured_media":0,"template":"","meta":{"_acf_changed":false},"product_cat":[3946],"product_tag":[],"comunidades-upm":[],"quien":[],"mapa":[],"disponibilidad":[],"donde":[{"term_id":318,"name":"LPF-TAGRALIA: T\u00e9cnicas Avanzadas en Agroalimentaci\u00f3n","slug":"lpf-tagralia-tecnicas-avanzadas-en-agroalimentacion","term_group":0,"term_taxonomy_id":318,"taxonomy":"donde","description":"Nuestro trabajo se centra en las siguientes l&iacute;neas de investigaci&oacute;n:\n&nbsp;\n\n<strong>SMARTSENS:<\/strong> Desarrollo de sens&oacute;rica inteligente en agroalimentaci&oacute;n, sensores ambientales y de vol&aacute;tiles, redes de sensores inal&aacute;mbricos, sistemas de comunicaci&oacute;n\n<strong>DAVINCI:<\/strong> Desarrollo y aplicaci&oacute;n de t&eacute;cnicas de modelizaci&oacute;n avanzada en agroalimentaci&oacute;n, an&aacute;lisis multidimendional, modelizaci&oacute;n anal&iacute;tica, dise&ntilde;o &oacute;ptimo, control predictivo\n<strong>Regenera:<\/strong> Investigaci&oacute;n en generaci&oacute;n, transporte, almacenaje y uso de la energ&iacute;a en el &aacute;mbito rural, con especial atenci&oacute;n a las energ&iacute;as renovables\n<strong>METASCAN:<\/strong> Medida instrumental de la calidad en productos agroalimentarios empleando t&eacute;cnicas multidimensionales no destructivas: mec&aacute;nicas, espectrosc&oacute;picas, visi&oacute;n multiespectral e hiperespectral, tomograf&iacute;a de resonancia magn&eacute;tica\n<strong>Transferencia e innovaci&oacute;n tecnol&oacute;gica:<\/strong> Actividad estructural trasversal cuyo objetivo es promover el traspaso de conocimiento y tecnolog&iacute;a al sector productivo.\n<strong>Biomecatr&oacute;nica, agricultura de precisi&oacute;n y rob&oacute;tica:<\/strong> Desarrollo de dispositivos electro-mec&aacute;nicos avanzados para la mejora de la maquinaria agroindustrial.\n","parent":0,"count":4,"filter":"raw","term_order":"0"}],"infraestructura":[],"ods":[],"origen":[{"term_id":180,"name":"Patente","slug":"patente","term_group":0,"term_taxonomy_id":180,"taxonomy":"origen","description":"","parent":0,"count":614,"filter":"raw","term_order":"0"}],"familia_tax":false,"quien_tax":false,"donde_tax":false,"year":"","contacto":"<strong>Principales: <\/strong><ul><li>JAIME ORTIZ-CA\u00d1AVATE PUIG-MAURI <blockquote><strong>jaime.ortizcanavate@upm.es<\/strong><\/blockquote><\/li><li>MARGARITA RUIZ ALTISENT <blockquote><strong>margarita.ruiz.altisent@upm.es<\/strong><\/blockquote><\/li><li>FRANCISCO JAVIER GARC\u00cdA RAMOS <blockquote><strong><\/strong><\/blockquote><\/li><\/ul><strong>Otros inventores UPM: <\/strong><ul><li>Luis Flores Porras<\/li><li>Julio D\u00edez Ruiz<\/li><\/ul>","telefono":"","pagina_web":"","email":"","id_ficha_portal":"183","video":"","adjuntos":false,"adjuntos_portal":"","inf":false,"departamento":"","acf":[],"lang":"es","translation":{"es":8348},"_links":{"self":[{"href":"https:\/\/www.upm.es\/recursosidi\/wp-json\/wp\/v2\/product\/8348"}],"collection":[{"href":"https:\/\/www.upm.es\/recursosidi\/wp-json\/wp\/v2\/product"}],"about":[{"href":"https:\/\/www.upm.es\/recursosidi\/wp-json\/wp\/v2\/types\/product"}],"wp:attachment":[{"href":"https:\/\/www.upm.es\/recursosidi\/wp-json\/wp\/v2\/media?parent=8348"}],"wp:term":[{"taxonomy":"product_cat","embeddable":true,"href":"https:\/\/www.upm.es\/recursosidi\/wp-json\/wp\/v2\/product_cat?post=8348"},{"taxonomy":"product_tag","embeddable":true,"href":"https:\/\/www.upm.es\/recursosidi\/wp-json\/wp\/v2\/product_tag?post=8348"},{"taxonomy":"comunidad_upm","embeddable":true,"href":"https:\/\/www.upm.es\/recursosidi\/wp-json\/wp\/v2\/comunidades-upm?post=8348"},{"taxonomy":"quien","embeddable":true,"href":"https:\/\/www.upm.es\/recursosidi\/wp-json\/wp\/v2\/quien?post=8348"},{"taxonomy":"mapa","embeddable":true,"href":"https:\/\/www.upm.es\/recursosidi\/wp-json\/wp\/v2\/mapa?post=8348"},{"taxonomy":"disponibilidad","embeddable":true,"href":"https:\/\/www.upm.es\/recursosidi\/wp-json\/wp\/v2\/disponibilidad?post=8348"},{"taxonomy":"donde","embeddable":true,"href":"https:\/\/www.upm.es\/recursosidi\/wp-json\/wp\/v2\/donde?post=8348"},{"taxonomy":"infraestructura","embeddable":true,"href":"https:\/\/www.upm.es\/recursosidi\/wp-json\/wp\/v2\/infraestructura?post=8348"},{"taxonomy":"ods","embeddable":true,"href":"https:\/\/www.upm.es\/recursosidi\/wp-json\/wp\/v2\/ods?post=8348"},{"taxonomy":"origen","embeddable":true,"href":"https:\/\/www.upm.es\/recursosidi\/wp-json\/wp\/v2\/origen?post=8348"}],"curies":[{"name":"wp","href":"https:\/\/api.w.org\/{rel}","templated":true}]}}