{"id":8355,"date":"2021-11-25T14:04:09","date_gmt":"2021-11-25T13:04:09","guid":{"rendered":"https:\/\/www.upm.es\/recursosidi\/offers-resources\/sin categor\u00eda\/fantoma-multicanal-de-dipolos-magneticos-orientables-para-magnetoencefalografia\/"},"modified":"2022-08-10T02:01:21","modified_gmt":"2022-08-10T00:01:21","slug":"fantoma-multicanal-de-dipolos-magneticos-orientables-para-magnetoencefalografia","status":"publish","type":"product","link":"https:\/\/www.upm.es\/recursosidi\/offers-resources\/patentes\/fantoma-multicanal-de-dipolos-magneticos-orientables-para-magnetoencefalografia\/","title":{"rendered":"Fantoma multicanal de dipolos magn\u00e9ticos orientables para magnetoencefalograf\u00eda"},"content":{"rendered":"<h5>Descripci\u00f3n de la patente <\/h5>\n<p>Fantoma multicanal de dipolos magn\u00e9ticos orientables para magnetoencefalograf\u00eda, que comprende:<br \/>\nuna cabeza simulada (1), dividida en porciones horizontales (5), con un orificio (3) para el guiado de cables que excitan los generadores de campo magn\u00e9tico (9) y alojamientos (2) para alojar los tornillos de fijaci\u00f3n de las porciones horizontales (5), disponiendo \u00e9stas de agujeros (7) para la fijaci\u00f3n de los generadores (9);<br \/>\nun generador (9) por cada canal del fantoma, comprendiendo tres bobinas (10a, 10b, 10c) sobre un soporte (11) en direcciones coordenadas (z, y, x), con un v\u00e1stago inferior (12) que parte del soporte (11) para su fijaci\u00f3n en un agujero (7) de una porci\u00f3n horizontal (5), estando cada una de las bobinas (10a, 10b, 10c) excitada por una se\u00f1al de corriente excitadora (Bz(t), By(t), Bx(t)), produciendo la bobina (10a) opuesta al v\u00e1stago inferior (12) la componente vertical z del dipolo magn\u00e9tico, y produciendo las otras dos bobinas (10b, 10c) las componentes (x, y) en el plano de la porci\u00f3n horizontal (5).<\/p>\n<h5>Situaci\u00f3n <\/h5>\n<p>Concedida<\/p>\n<h5>N\u00famero de solicitud<\/h5>\n<p>P200802743<\/p>\n<h5>N\u00famero de publicaci\u00f3n<\/h5>\n<p>ES2319080<\/p>\n<h5>Fecha de presentaci\u00f3n <\/h5>\n<p>26\/09\/2008<\/p>\n<h5>Fecha de concesi\u00f3n <\/h5>\n<p>09\/09\/2009<\/p>\n<div class=\"pdfprnt-buttons pdfprnt-buttons-product pdfprnt-bottom-left\"><a href=\"https:\/\/www.upm.es\/recursosidi\/wp-json\/wp\/v2\/product\/8355?print=pdf\" class=\"pdfprnt-button pdfprnt-button-pdf\" target=\"_blank\"><span class=\"pdfprnt-button-title pdfprnt-button-pdf-title\">Descargar ficha<\/span><\/a><\/div>","protected":false},"excerpt":{"rendered":"<p>Descripci\u00f3n de la patente Fantoma multicanal de dipolos magn\u00e9ticos orientables para magnetoencefalograf\u00eda, que comprende: una cabeza simulada (1), dividida en porciones horizontales (5), con un&hellip;<\/p>\n","protected":false},"featured_media":0,"template":"","meta":{"_acf_changed":false},"product_cat":[3946],"product_tag":[],"comunidades-upm":[],"quien":[],"mapa":[],"disponibilidad":[],"donde":[{"term_id":556,"name":"Centro de Tecnolog\u00eda Biom\u00e9dica (CTB)","slug":"centro-de-tecnologia-biomedica-ctb","term_group":0,"term_taxonomy_id":556,"taxonomy":"donde","description":"","parent":0,"count":84,"filter":"raw","term_order":"0"},{"term_id":476,"name":"Tecnolog\u00edas de Apoyo a la Vida","slug":"tecnologias-de-apoyo-a-la-vida","term_group":0,"term_taxonomy_id":476,"taxonomy":"donde","description":"Somos uno de los principales grupos europeos de investigaci\u00f3n e innovaci\u00f3n en el sector de la eSalud y la eInclusion social y mantenemos colaboraciones estables con el sector privado y p\u00fablico en diversas \u00e1reas de I+D+i.\r\nTenemos una larga trayectoria en el dise\u00f1o, desarrollo y evaluaci\u00f3n de servicios y aplicaciones basados en las Tecnolog\u00edas de la Informaci\u00f3n y la Comunicaci\u00f3n para la creaci\u00f3n y promoci\u00f3n de nuevas ideas, m\u00e9todos y soluciones tecnol\u00f3gicas en todos los aspectos de la cadena de valor de las organizaciones.\r\n\r\nNuestros principales ejes de investigaci\u00f3n son:\r\n\r\nTIC en sanidad y servicios sociales (e-salud y e-inclusi\u00f3n)\r\nNeurofot\u00f3nica\r\nRedes y Sensores Fot\u00f3nicos","parent":0,"count":23,"filter":"raw","term_order":"0"}],"infraestructura":[],"ods":[],"origen":[{"term_id":180,"name":"Patente","slug":"patente","term_group":0,"term_taxonomy_id":180,"taxonomy":"origen","description":"","parent":0,"count":614,"filter":"raw","term_order":"0"}],"familia_tax":false,"quien_tax":false,"donde_tax":false,"year":"","contacto":"<strong>Principales: <\/strong><ul><li>FRANCISCO DEL POZO GUERRERO <blockquote><strong>francisco.delpozo@upm.es<\/strong><\/blockquote><\/li><li>JOSE JAVIER SERRANO OLMEDO <blockquote><strong>josejavier.serrano@upm.es<\/strong><\/blockquote><\/li><\/ul><strong>Otros inventores UPM: <\/strong><ul><li>Antonio Poley G\u00f3mez<\/li><\/ul>","telefono":"","pagina_web":"","email":"","id_ficha_portal":"262","video":"","adjuntos":false,"adjuntos_portal":"https:\/\/www.upm.es\/S2i\/Acuse\/recuperarArchivo.jsp?id=262&id_archivo=29&tipo=patente&extension=fichero ","inf":false,"departamento":"","acf":[],"lang":"es","translation":{"es":8355},"_links":{"self":[{"href":"https:\/\/www.upm.es\/recursosidi\/wp-json\/wp\/v2\/product\/8355"}],"collection":[{"href":"https:\/\/www.upm.es\/recursosidi\/wp-json\/wp\/v2\/product"}],"about":[{"href":"https:\/\/www.upm.es\/recursosidi\/wp-json\/wp\/v2\/types\/product"}],"wp:attachment":[{"href":"https:\/\/www.upm.es\/recursosidi\/wp-json\/wp\/v2\/media?parent=8355"}],"wp:term":[{"taxonomy":"product_cat","embeddable":true,"href":"https:\/\/www.upm.es\/recursosidi\/wp-json\/wp\/v2\/product_cat?post=8355"},{"taxonomy":"product_tag","embeddable":true,"href":"https:\/\/www.upm.es\/recursosidi\/wp-json\/wp\/v2\/product_tag?post=8355"},{"taxonomy":"comunidad_upm","embeddable":true,"href":"https:\/\/www.upm.es\/recursosidi\/wp-json\/wp\/v2\/comunidades-upm?post=8355"},{"taxonomy":"quien","embeddable":true,"href":"https:\/\/www.upm.es\/recursosidi\/wp-json\/wp\/v2\/quien?post=8355"},{"taxonomy":"mapa","embeddable":true,"href":"https:\/\/www.upm.es\/recursosidi\/wp-json\/wp\/v2\/mapa?post=8355"},{"taxonomy":"disponibilidad","embeddable":true,"href":"https:\/\/www.upm.es\/recursosidi\/wp-json\/wp\/v2\/disponibilidad?post=8355"},{"taxonomy":"donde","embeddable":true,"href":"https:\/\/www.upm.es\/recursosidi\/wp-json\/wp\/v2\/donde?post=8355"},{"taxonomy":"infraestructura","embeddable":true,"href":"https:\/\/www.upm.es\/recursosidi\/wp-json\/wp\/v2\/infraestructura?post=8355"},{"taxonomy":"ods","embeddable":true,"href":"https:\/\/www.upm.es\/recursosidi\/wp-json\/wp\/v2\/ods?post=8355"},{"taxonomy":"origen","embeddable":true,"href":"https:\/\/www.upm.es\/recursosidi\/wp-json\/wp\/v2\/origen?post=8355"}],"curies":[{"name":"wp","href":"https:\/\/api.w.org\/{rel}","templated":true}]}}