{"id":8356,"date":"2021-11-25T14:04:12","date_gmt":"2021-11-25T13:04:12","guid":{"rendered":"https:\/\/www.upm.es\/recursosidi\/offers-resources\/sin categor\u00eda\/metodo-de-transmision-de-contenidos-multimedia\/"},"modified":"2022-08-10T02:01:24","modified_gmt":"2022-08-10T00:01:24","slug":"metodo-de-transmision-de-contenidos-multimedia","status":"publish","type":"product","link":"https:\/\/www.upm.es\/recursosidi\/offers-resources\/patentes\/metodo-de-transmision-de-contenidos-multimedia\/","title":{"rendered":"M\u00e9todo de transmisi\u00f3n de contenidos multimedia"},"content":{"rendered":"<h5>Descripci\u00f3n de la patente <\/h5>\n<p>M\u00e9todo de transmisi\u00f3n de contenidos multimedia aplicados sobre un sistema con al menos un nodo emisor y un nodo receptor que comprende, al menos, las siguientes etapas:<br \/>\n(a) una primera etapa de etiquetado de los paquetes de datos multimedia con un identificador \u00fanico de fichero, indicando si dicho paquete ha sufrido o no errores en la transmisi\u00f3n;<br \/>\n(b) una segunda etapa de regeneraci\u00f3n del paquete en el nodo emisor con su adecuado checksum y transmisi\u00f3n en red;<br \/>\n(c) una tercera etapa de recepci\u00f3n del paquete en el nodo receptor;<br \/>\ndonde adem\u00e1s se configura un margen de error consistente en el n\u00famero de p\u00edxeles o bloques de informaci\u00f3n err\u00f3nea por cuadro y n\u00famero de cuadros con errores por segundo; y donde una vez establecido este margen, el nodo emisor env\u00eda este dato con cada paquete emitido de tal forma que los nodos por los que pasen sepan si es contenido multimedia y cuando es necesario bloquear la transmisi\u00f3n hasta que llegue el contenido adecuado.<\/p>\n<h5>Situaci\u00f3n <\/h5>\n<p>Concedida<\/p>\n<h5>N\u00famero de solicitud<\/h5>\n<p>P200802356<\/p>\n<h5>N\u00famero de publicaci\u00f3n<\/h5>\n<p>ES2312298<\/p>\n<h5>Fecha de presentaci\u00f3n <\/h5>\n<p>06\/08\/2008<\/p>\n<h5>Fecha de concesi\u00f3n <\/h5>\n<p>19\/06\/2009<\/p>\n<div class=\"pdfprnt-buttons pdfprnt-buttons-product pdfprnt-bottom-left\"><a href=\"https:\/\/www.upm.es\/recursosidi\/wp-json\/wp\/v2\/product\/8356?print=pdf\" class=\"pdfprnt-button pdfprnt-button-pdf\" target=\"_blank\"><span class=\"pdfprnt-button-title pdfprnt-button-pdf-title\">Descargar ficha<\/span><\/a><\/div>","protected":false},"excerpt":{"rendered":"<p>Descripci\u00f3n de la patente M\u00e9todo de transmisi\u00f3n de contenidos multimedia aplicados sobre un sistema con al menos un nodo emisor y un nodo receptor que&hellip;<\/p>\n","protected":false},"featured_media":0,"template":"","meta":{"_acf_changed":false},"product_cat":[3946],"product_tag":[],"comunidades-upm":[],"quien":[],"mapa":[],"disponibilidad":[],"donde":[{"term_id":522,"name":"Grupo de Validaci\u00f3n y Aplicaciones Industriales","slug":"grupo-de-validacion-y-aplicaciones-industriales","term_group":0,"term_taxonomy_id":522,"taxonomy":"donde","description":"","parent":0,"count":7,"filter":"raw","term_order":"0"}],"infraestructura":[],"ods":[],"origen":[{"term_id":180,"name":"Patente","slug":"patente","term_group":0,"term_taxonomy_id":180,"taxonomy":"origen","description":"","parent":0,"count":614,"filter":"raw","term_order":"0"}],"familia_tax":false,"quien_tax":false,"donde_tax":false,"year":"","contacto":"<strong>Principales: <\/strong><ul><li>EUGENIO SANTOS MENENDEZ <blockquote><strong>eugenio.santos@upm.es<\/strong><\/blockquote><\/li><li>JESUS MARTINEZ BARBERO <blockquote><strong>jesus.martinezb@upm.es<\/strong><\/blockquote><\/li><\/ul>","telefono":"","pagina_web":"","email":"","id_ficha_portal":"266","video":"","adjuntos":false,"adjuntos_portal":"https:\/\/www.upm.es\/S2i\/Acuse\/recuperarArchivo.jsp?id=266&id_archivo=197&tipo=patente&extension=fichero ","inf":false,"departamento":"","acf":[],"lang":"es","translation":{"es":8356},"_links":{"self":[{"href":"https:\/\/www.upm.es\/recursosidi\/wp-json\/wp\/v2\/product\/8356"}],"collection":[{"href":"https:\/\/www.upm.es\/recursosidi\/wp-json\/wp\/v2\/product"}],"about":[{"href":"https:\/\/www.upm.es\/recursosidi\/wp-json\/wp\/v2\/types\/product"}],"wp:attachment":[{"href":"https:\/\/www.upm.es\/recursosidi\/wp-json\/wp\/v2\/media?parent=8356"}],"wp:term":[{"taxonomy":"product_cat","embeddable":true,"href":"https:\/\/www.upm.es\/recursosidi\/wp-json\/wp\/v2\/product_cat?post=8356"},{"taxonomy":"product_tag","embeddable":true,"href":"https:\/\/www.upm.es\/recursosidi\/wp-json\/wp\/v2\/product_tag?post=8356"},{"taxonomy":"comunidad_upm","embeddable":true,"href":"https:\/\/www.upm.es\/recursosidi\/wp-json\/wp\/v2\/comunidades-upm?post=8356"},{"taxonomy":"quien","embeddable":true,"href":"https:\/\/www.upm.es\/recursosidi\/wp-json\/wp\/v2\/quien?post=8356"},{"taxonomy":"mapa","embeddable":true,"href":"https:\/\/www.upm.es\/recursosidi\/wp-json\/wp\/v2\/mapa?post=8356"},{"taxonomy":"disponibilidad","embeddable":true,"href":"https:\/\/www.upm.es\/recursosidi\/wp-json\/wp\/v2\/disponibilidad?post=8356"},{"taxonomy":"donde","embeddable":true,"href":"https:\/\/www.upm.es\/recursosidi\/wp-json\/wp\/v2\/donde?post=8356"},{"taxonomy":"infraestructura","embeddable":true,"href":"https:\/\/www.upm.es\/recursosidi\/wp-json\/wp\/v2\/infraestructura?post=8356"},{"taxonomy":"ods","embeddable":true,"href":"https:\/\/www.upm.es\/recursosidi\/wp-json\/wp\/v2\/ods?post=8356"},{"taxonomy":"origen","embeddable":true,"href":"https:\/\/www.upm.es\/recursosidi\/wp-json\/wp\/v2\/origen?post=8356"}],"curies":[{"name":"wp","href":"https:\/\/api.w.org\/{rel}","templated":true}]}}