{"id":8357,"date":"2021-11-25T14:04:14","date_gmt":"2021-11-25T13:04:14","guid":{"rendered":"https:\/\/www.upm.es\/recursosidi\/offers-resources\/sin categor\u00eda\/dispositivo-desfasador-reconfigurable-de-radiofrecuencia-para-banda-ku\/"},"modified":"2022-08-10T02:01:27","modified_gmt":"2022-08-10T00:01:27","slug":"dispositivo-desfasador-reconfigurable-de-radiofrecuencia-para-banda-ku","status":"publish","type":"product","link":"https:\/\/www.upm.es\/recursosidi\/offers-resources\/patentes\/dispositivo-desfasador-reconfigurable-de-radiofrecuencia-para-banda-ku\/","title":{"rendered":"Dispositivo Desfasador Reconfigurable de Radiofrecuencia para Banda Ku"},"content":{"rendered":"<h5>Descripci\u00f3n de la patente <\/h5>\n<p>Dispositivo desfasador reconfigurable de radiofrecuencia para banda Ku, de dos puertas y con desfase controlado por tensi\u00f3n, que comprende un acoplador h\u00edbrido (10) de cuatro puertas, de 3dB y 90\u00ba, con una puerta de entrada RF A y una puerta de salida RF D, en el cual se conectan cada una de las puertas intermedias B y C, con un circuito sintonizador (11) de sinton\u00eda variable de tipo circuito impreso, con tramos de l\u00ednea de alta impedancia, en sustituci\u00f3n de elementos concentrados, obteniendo un desfase entre 0\u00ba y 300\u00ba controlable electr\u00f3nicamente.<\/p>\n<h5>Situaci\u00f3n <\/h5>\n<p>Concedida<\/p>\n<h5>N\u00famero de solicitud<\/h5>\n<p>P200802212<\/p>\n<h5>N\u00famero de publicaci\u00f3n<\/h5>\n<p>ES2312295<\/p>\n<h5>Fecha de presentaci\u00f3n <\/h5>\n<p>24\/07\/2008<\/p>\n<h5>Fecha de concesi\u00f3n <\/h5>\n<p>11\/02\/2010<\/p>\n<div class=\"pdfprnt-buttons pdfprnt-buttons-product pdfprnt-bottom-left\"><a href=\"https:\/\/www.upm.es\/recursosidi\/wp-json\/wp\/v2\/product\/8357?print=pdf\" class=\"pdfprnt-button pdfprnt-button-pdf\" target=\"_blank\"><span class=\"pdfprnt-button-title pdfprnt-button-pdf-title\">Descargar ficha<\/span><\/a><\/div>","protected":false},"excerpt":{"rendered":"<p>Descripci\u00f3n de la patente Dispositivo desfasador reconfigurable de radiofrecuencia para banda Ku, de dos puertas y con desfase controlado por tensi\u00f3n, que comprende un acoplador&hellip;<\/p>\n","protected":false},"featured_media":0,"template":"","meta":{"_acf_changed":false},"product_cat":[3946],"product_tag":[],"comunidades-upm":[],"quien":[],"mapa":[],"disponibilidad":[],"donde":[{"term_id":460,"name":"Grupo de Radiaci\u00f3n","slug":"grupo-de-radiacion","term_group":0,"term_taxonomy_id":460,"taxonomy":"donde","description":"Nuestro grupo tiene una amplia experiencia en I+D+i en los siguientes temas:\n\n<strong>Dise&ntilde;o, construcci&oacute;n y medida de antenas<\/strong> para todo tipo de aplicaciones (Comunicaciones terrestres, comunicaciones por sat&eacute;lite, radar, etc.)\n<strong>An&aacute;lisis y Evaluaci&oacute;n de Compatibilidad Electromagn&eacute;tica de sistemas complejos<\/strong> (compatibilidad en buques, EMI, etc.)\n<strong>Dise&ntilde;o, construcci&oacute;n y Medida de Sistemas de Radiofrecuencia<\/strong> (Amplificadores de Bajo Nivel de Ruido, Mezcladores, Osciladores, componentes pasivos&hellip;) desde UHF hasta Terahercios.\n<strong>An&aacute;lisis y Dise&ntilde;o mediante Simulaci&oacute;n de Sistemas y Redes de Radiocomunicaciones<\/strong> (Sistemas v&iacute;a Sat&eacute;lite, Sistemas de Comunicaciones M&oacute;viles, Redes de Difusi&oacute;n de TV Digital)\n\n&nbsp;\nNuestro grupo trabaja en las siguientes <strong>l&iacute;neas de investigaci&oacute;n<\/strong>:\n\nDise&ntilde;o y prototipado de antenas reflectoras.\nDise&ntilde;o y prototipado de arrays de antenas.\nMedida de antenas y circuitos de radiofrecuencia.\nAntenas inteligentes y sistemas MIMO para Estaciones Base y Terminales.\nCircuitos de Radiofrecuencia.\nSimulaci&oacute;n y Emulaci&oacute;n de Sistemas de Comunicaciones.\n","parent":0,"count":7,"filter":"raw","term_order":"0"},{"term_id":642,"name":"Information Processing and Telecommunications Center (IPTC)","slug":"information-processing-and-telecommunications-center-iptc","term_group":0,"term_taxonomy_id":642,"taxonomy":"donde","description":"","parent":0,"count":74,"filter":"raw","term_order":"0"}],"infraestructura":[],"ods":[],"origen":[{"term_id":180,"name":"Patente","slug":"patente","term_group":0,"term_taxonomy_id":180,"taxonomy":"origen","description":"","parent":0,"count":614,"filter":"raw","term_order":"0"}],"familia_tax":false,"quien_tax":false,"donde_tax":false,"year":"","contacto":"<strong>Principales: <\/strong><ul><li>PABLO PADILLA DE LA TORRE <blockquote><strong>pablo.padilla@upm.es<\/strong><\/blockquote><\/li><li>JOSE MANUEL FERNANDEZ GONZALEZ <blockquote><strong>josemanuel.fernandez.gonzalez@upm.es<\/strong><\/blockquote><\/li><li>Alfonso Mu\u00f1oz Acevedo <blockquote><strong>alfonso.munoz.acevedo@upm.es<\/strong><\/blockquote><\/li><li>MANUEL SIERRA CASTA\u00d1ER <blockquote><strong>manuel.sierra@upm.es<\/strong><\/blockquote><\/li><\/ul>","telefono":"","pagina_web":"","email":"","id_ficha_portal":"269","video":"","adjuntos":false,"adjuntos_portal":"https:\/\/www.upm.es\/S2i\/Acuse\/recuperarArchivo.jsp?id=269&id_archivo=45&tipo=patente&extension=fichero ","inf":false,"departamento":"","acf":[],"lang":"es","translation":{"es":8357},"_links":{"self":[{"href":"https:\/\/www.upm.es\/recursosidi\/wp-json\/wp\/v2\/product\/8357"}],"collection":[{"href":"https:\/\/www.upm.es\/recursosidi\/wp-json\/wp\/v2\/product"}],"about":[{"href":"https:\/\/www.upm.es\/recursosidi\/wp-json\/wp\/v2\/types\/product"}],"wp:attachment":[{"href":"https:\/\/www.upm.es\/recursosidi\/wp-json\/wp\/v2\/media?parent=8357"}],"wp:term":[{"taxonomy":"product_cat","embeddable":true,"href":"https:\/\/www.upm.es\/recursosidi\/wp-json\/wp\/v2\/product_cat?post=8357"},{"taxonomy":"product_tag","embeddable":true,"href":"https:\/\/www.upm.es\/recursosidi\/wp-json\/wp\/v2\/product_tag?post=8357"},{"taxonomy":"comunidad_upm","embeddable":true,"href":"https:\/\/www.upm.es\/recursosidi\/wp-json\/wp\/v2\/comunidades-upm?post=8357"},{"taxonomy":"quien","embeddable":true,"href":"https:\/\/www.upm.es\/recursosidi\/wp-json\/wp\/v2\/quien?post=8357"},{"taxonomy":"mapa","embeddable":true,"href":"https:\/\/www.upm.es\/recursosidi\/wp-json\/wp\/v2\/mapa?post=8357"},{"taxonomy":"disponibilidad","embeddable":true,"href":"https:\/\/www.upm.es\/recursosidi\/wp-json\/wp\/v2\/disponibilidad?post=8357"},{"taxonomy":"donde","embeddable":true,"href":"https:\/\/www.upm.es\/recursosidi\/wp-json\/wp\/v2\/donde?post=8357"},{"taxonomy":"infraestructura","embeddable":true,"href":"https:\/\/www.upm.es\/recursosidi\/wp-json\/wp\/v2\/infraestructura?post=8357"},{"taxonomy":"ods","embeddable":true,"href":"https:\/\/www.upm.es\/recursosidi\/wp-json\/wp\/v2\/ods?post=8357"},{"taxonomy":"origen","embeddable":true,"href":"https:\/\/www.upm.es\/recursosidi\/wp-json\/wp\/v2\/origen?post=8357"}],"curies":[{"name":"wp","href":"https:\/\/api.w.org\/{rel}","templated":true}]}}