{"id":8358,"date":"2021-11-25T14:04:17","date_gmt":"2021-11-25T13:04:17","guid":{"rendered":"https:\/\/www.upm.es\/recursosidi\/offers-resources\/sin categor\u00eda\/colimador-solar-para-enfoque-de-un-colector-clindro-parabolico-y-procedimiento-para-orientar-un-colector-cilindro-parabolico\/"},"modified":"2022-08-10T02:01:29","modified_gmt":"2022-08-10T00:01:29","slug":"colimador-solar-para-enfoque-de-un-colector-clindro-parabolico-y-procedimiento-para-orientar-un-colector-cilindro-parabolico","status":"publish","type":"product","link":"https:\/\/www.upm.es\/recursosidi\/offers-resources\/patentes\/colimador-solar-para-enfoque-de-un-colector-clindro-parabolico-y-procedimiento-para-orientar-un-colector-cilindro-parabolico\/","title":{"rendered":"Colimador solar para enfoque de un colector clindro-parab\u00f3lico y procedimiento para orientar un colector cilindro-parab\u00f3lico"},"content":{"rendered":"<h5>Descripci\u00f3n de la patente <\/h5>\n<p>Colimador solar para enfoque de un colector (1) cilindro-parab\u00f3lico y procedimiento para orientar un colector (1) cilindro-parab\u00f3lico. El colimador asegura una precisi\u00f3n de enfoque del colector (1) hacia el sol determinada. El colimador tiene fotodiodos (4, 12, 6, 13, 8, 15) dispuestos en una regleta (5) paralela al eje focal (2): un fotodiodo de anverso (4, 12) est\u00e1 colocado en una cara iluminada por el sol; un fotodiodo de reverso (8, 15) est\u00e1 colocado en una cara no iluminada por el sol; un fotodiodo encapsulado (6, 13) est\u00e1 colocado en una cara iluminada por el sol dentro de un recept\u00e1culo (7, 14). El procedimiento para orientar un colector (1) cilindro-parab\u00f3lico verifica experimentalmente que la radiaci\u00f3n solar recibida en el colector (1) cilindro-parab\u00f3lico llega en direcci\u00f3n apropiada.<\/p>\n<h5>Situaci\u00f3n <\/h5>\n<p>Concedida<\/p>\n<h5>N\u00famero de solicitud<\/h5>\n<p>P200802081<\/p>\n<h5>N\u00famero de publicaci\u00f3n<\/h5>\n<p>ES2325975<\/p>\n<h5>Fecha de presentaci\u00f3n <\/h5>\n<p>14\/07\/2008<\/p>\n<h5>Fecha de concesi\u00f3n <\/h5>\n<p>01\/09\/2011<\/p>\n<div class=\"pdfprnt-buttons pdfprnt-buttons-product pdfprnt-bottom-left\"><a href=\"https:\/\/www.upm.es\/recursosidi\/wp-json\/wp\/v2\/product\/8358?print=pdf\" class=\"pdfprnt-button pdfprnt-button-pdf\" target=\"_blank\"><span class=\"pdfprnt-button-title pdfprnt-button-pdf-title\">Descargar ficha<\/span><\/a><\/div>","protected":false},"excerpt":{"rendered":"<p>Descripci\u00f3n de la patente Colimador solar para enfoque de un colector (1) cilindro-parab\u00f3lico y procedimiento para orientar un colector (1) cilindro-parab\u00f3lico. El colimador asegura una&hellip;<\/p>\n","protected":false},"featured_media":0,"template":"","meta":{"_acf_changed":false},"product_cat":[3946],"product_tag":[],"comunidades-upm":[],"quien":[],"mapa":[],"disponibilidad":[],"donde":[{"term_id":238,"name":"Instituto de Fusi\u00f3n Nuclear \"Guillermo Velarde\" (IFN-GV)","slug":"instituto-de-fusion-nuclear-guillermo-velarde-ifn-gv","term_group":0,"term_taxonomy_id":238,"taxonomy":"donde","description":"","parent":0,"count":57,"filter":"raw","term_order":"0"},{"term_id":390,"name":"Thermal Energy for Sustainability","slug":"thermal-energy-for-sustainability","term_group":0,"term_taxonomy_id":390,"taxonomy":"donde","description":"","parent":0,"count":57,"filter":"raw","term_order":"0"}],"infraestructura":[],"ods":[],"origen":[{"term_id":180,"name":"Patente","slug":"patente","term_group":0,"term_taxonomy_id":180,"taxonomy":"origen","description":"","parent":0,"count":614,"filter":"raw","term_order":"0"}],"familia_tax":false,"quien_tax":false,"donde_tax":false,"year":"","contacto":"<strong>Principales: <\/strong><ul><li>JOSE MARIA MARTINEZ-VAL PE\u00d1ALOSA <blockquote><strong>josemaria.martinezval@upm.es<\/strong><\/blockquote><\/li><\/ul>","telefono":"","pagina_web":"","email":"","id_ficha_portal":"270","video":"","adjuntos":false,"adjuntos_portal":"https:\/\/www.upm.es\/S2i\/Acuse\/recuperarArchivo.jsp?id=270&id_archivo=658&tipo=patente&extension=fichero ","inf":false,"departamento":"","acf":[],"lang":"es","translation":{"es":8358},"_links":{"self":[{"href":"https:\/\/www.upm.es\/recursosidi\/wp-json\/wp\/v2\/product\/8358"}],"collection":[{"href":"https:\/\/www.upm.es\/recursosidi\/wp-json\/wp\/v2\/product"}],"about":[{"href":"https:\/\/www.upm.es\/recursosidi\/wp-json\/wp\/v2\/types\/product"}],"wp:attachment":[{"href":"https:\/\/www.upm.es\/recursosidi\/wp-json\/wp\/v2\/media?parent=8358"}],"wp:term":[{"taxonomy":"product_cat","embeddable":true,"href":"https:\/\/www.upm.es\/recursosidi\/wp-json\/wp\/v2\/product_cat?post=8358"},{"taxonomy":"product_tag","embeddable":true,"href":"https:\/\/www.upm.es\/recursosidi\/wp-json\/wp\/v2\/product_tag?post=8358"},{"taxonomy":"comunidad_upm","embeddable":true,"href":"https:\/\/www.upm.es\/recursosidi\/wp-json\/wp\/v2\/comunidades-upm?post=8358"},{"taxonomy":"quien","embeddable":true,"href":"https:\/\/www.upm.es\/recursosidi\/wp-json\/wp\/v2\/quien?post=8358"},{"taxonomy":"mapa","embeddable":true,"href":"https:\/\/www.upm.es\/recursosidi\/wp-json\/wp\/v2\/mapa?post=8358"},{"taxonomy":"disponibilidad","embeddable":true,"href":"https:\/\/www.upm.es\/recursosidi\/wp-json\/wp\/v2\/disponibilidad?post=8358"},{"taxonomy":"donde","embeddable":true,"href":"https:\/\/www.upm.es\/recursosidi\/wp-json\/wp\/v2\/donde?post=8358"},{"taxonomy":"infraestructura","embeddable":true,"href":"https:\/\/www.upm.es\/recursosidi\/wp-json\/wp\/v2\/infraestructura?post=8358"},{"taxonomy":"ods","embeddable":true,"href":"https:\/\/www.upm.es\/recursosidi\/wp-json\/wp\/v2\/ods?post=8358"},{"taxonomy":"origen","embeddable":true,"href":"https:\/\/www.upm.es\/recursosidi\/wp-json\/wp\/v2\/origen?post=8358"}],"curies":[{"name":"wp","href":"https:\/\/api.w.org\/{rel}","templated":true}]}}