{"id":8360,"date":"2021-11-25T14:04:22","date_gmt":"2021-11-25T13:04:22","guid":{"rendered":"https:\/\/www.upm.es\/recursosidi\/offers-resources\/sin categor\u00eda\/sistema-y-metodo-de-deteccion-de-faltas-a-tierra-en-sistemas-de-corriente-continua-alimentados-mediante-rectificadores\/"},"modified":"2022-08-10T02:01:35","modified_gmt":"2022-08-10T00:01:35","slug":"sistema-y-metodo-de-deteccion-de-faltas-a-tierra-en-sistemas-de-corriente-continua-alimentados-mediante-rectificadores","status":"publish","type":"product","link":"https:\/\/www.upm.es\/recursosidi\/offers-resources\/patentes\/sistema-y-metodo-de-deteccion-de-faltas-a-tierra-en-sistemas-de-corriente-continua-alimentados-mediante-rectificadores\/","title":{"rendered":"Sistema y m\u00e9todo de detecci\u00f3n de faltas a tierra en sistemas de corriente continua alimentados mediante rectificadores"},"content":{"rendered":"<h5>Descripci\u00f3n de la patente <\/h5>\n<p>Sistema de detecci\u00f3n de faltas a tierra en sistemas de corriente continua alimentados mediante rectificadores, comprendiendo:<br \/>\n&#8211; una impedancia de puesta a tierra (6) en el transformador (1) que alimenta el rectificador (3);<br \/>\n&#8211; un equipo de medida (23) de la corriente que circula a trav\u00e9s de la impedancia de puesta a tierra (6), obteniendo una se\u00f1al medida (5);<br \/>\n&#8211; un dispositivo analizador (15) encargado de analizar la se\u00f1al medida (5) y que dispone de:<br \/>\n\u00bf medios de obtenci\u00f3n de la amplitud de dicha se\u00f1al medida (5) a la frecuencia de red f1 (Af1) y a la frecuencia 3xf1 (A3f1);<br \/>\n\u00bf medios de comparaci\u00f3n (10) encargados de comparar dichas amplitudes a la frecuencia f1 (Af1) y 3xf1 (A3f1) con un valor determinado (AFALLO), y obtener al menos una se\u00f1al de salida (11,12,13) indicativa de la existencia o no de falta a tierra y, en caso de que se haya producido, del lugar donde se ha producido la falta.<\/p>\n<h5>N\u00famero de solicitud<\/h5>\n<p>P200900403<\/p>\n<h5>N\u00famero de publicaci\u00f3n<\/h5>\n<p>ES2321270<\/p>\n<h5>Fecha de presentaci\u00f3n <\/h5>\n<p>13\/02\/2009<\/p>\n<h5>Fecha de concesi\u00f3n <\/h5>\n<p>08\/01\/2010<\/p>\n<div class=\"pdfprnt-buttons pdfprnt-buttons-product pdfprnt-bottom-left\"><a href=\"https:\/\/www.upm.es\/recursosidi\/wp-json\/wp\/v2\/product\/8360?print=pdf\" class=\"pdfprnt-button pdfprnt-button-pdf\" target=\"_blank\"><span class=\"pdfprnt-button-title pdfprnt-button-pdf-title\">Descargar ficha<\/span><\/a><\/div>","protected":false},"excerpt":{"rendered":"<p>Descripci\u00f3n de la patente Sistema de detecci\u00f3n de faltas a tierra en sistemas de corriente continua alimentados mediante rectificadores, comprendiendo: &#8211; una impedancia de puesta&hellip;<\/p>\n","protected":false},"featured_media":0,"template":"","meta":{"_acf_changed":false},"product_cat":[3946],"product_tag":[],"comunidades-upm":[],"quien":[],"mapa":[],"disponibilidad":[],"donde":[{"term_id":546,"name":"Centro de Electr\u00f3nica Industrial (CEI)","slug":"centro-de-electronica-industrial-cei","term_group":0,"term_taxonomy_id":546,"taxonomy":"donde","description":"","parent":0,"count":25,"filter":"raw","term_order":"0"},{"term_id":374,"name":"Generaci\u00f3n el\u00e9ctrica con energ\u00eda e\u00f3lica","slug":"generacion-electrica-con-energia-eolica","term_group":0,"term_taxonomy_id":374,"taxonomy":"donde","description":"","parent":0,"count":70,"filter":"raw","term_order":"0"},{"term_id":656,"name":"Redes e instalaciones de baja y alta tensi\u00f3n","slug":"redes-e-instalaciones-de-baja-y-alta-tension","term_group":0,"term_taxonomy_id":656,"taxonomy":"donde","description":"","parent":0,"count":16,"filter":"raw","term_order":"0"}],"infraestructura":[],"ods":[],"origen":[{"term_id":180,"name":"Patente","slug":"patente","term_group":0,"term_taxonomy_id":180,"taxonomy":"origen","description":"","parent":0,"count":614,"filter":"raw","term_order":"0"}],"familia_tax":false,"quien_tax":false,"donde_tax":false,"year":"","contacto":"<strong>Principales: <\/strong><ul><li>FRANCISCO BLAZQUEZ GARCIA <blockquote><strong>francisco.blazquez@upm.es<\/strong><\/blockquote><\/li><li>MARTA REDONDO CUEVAS <blockquote><strong>marta.redondo@upm.es<\/strong><\/blockquote><\/li><li>RICARDO GRANIZO ARRABE <blockquote><strong>ricardo.granizo@upm.es<\/strong><\/blockquote><\/li><li>CARLOS VEGANZONES NICOLAS <blockquote><strong>carlos.veganzones@upm.es<\/strong><\/blockquote><\/li><li>DIONISIO RAMIREZ PRIETO <blockquote><strong>dionisio.ramirez@upm.es<\/strong><\/blockquote><\/li><li>CARLOS ANTONIO PLATERO GAONA <blockquote><strong>carlosantonio.platero@upm.es<\/strong><\/blockquote><\/li><\/ul><strong>Otros inventores UPM: <\/strong><ul><li>Sa\u00fal Arru\u00f1ada Mu\u00f1oz-Torrero<\/li><li>Miguel Otero Alcubilla<\/li><\/ul><strong>Otros inventores: <\/strong><ul><li>PabloFr\u00edas Mar\u00edn Universidad Pontificia Comillas<\/li> <\/ul>","telefono":"","pagina_web":"","email":"","id_ficha_portal":"292","video":"","adjuntos":false,"adjuntos_portal":"","inf":false,"departamento":"","acf":[],"lang":"es","translation":{"es":8360},"_links":{"self":[{"href":"https:\/\/www.upm.es\/recursosidi\/wp-json\/wp\/v2\/product\/8360"}],"collection":[{"href":"https:\/\/www.upm.es\/recursosidi\/wp-json\/wp\/v2\/product"}],"about":[{"href":"https:\/\/www.upm.es\/recursosidi\/wp-json\/wp\/v2\/types\/product"}],"wp:attachment":[{"href":"https:\/\/www.upm.es\/recursosidi\/wp-json\/wp\/v2\/media?parent=8360"}],"wp:term":[{"taxonomy":"product_cat","embeddable":true,"href":"https:\/\/www.upm.es\/recursosidi\/wp-json\/wp\/v2\/product_cat?post=8360"},{"taxonomy":"product_tag","embeddable":true,"href":"https:\/\/www.upm.es\/recursosidi\/wp-json\/wp\/v2\/product_tag?post=8360"},{"taxonomy":"comunidad_upm","embeddable":true,"href":"https:\/\/www.upm.es\/recursosidi\/wp-json\/wp\/v2\/comunidades-upm?post=8360"},{"taxonomy":"quien","embeddable":true,"href":"https:\/\/www.upm.es\/recursosidi\/wp-json\/wp\/v2\/quien?post=8360"},{"taxonomy":"mapa","embeddable":true,"href":"https:\/\/www.upm.es\/recursosidi\/wp-json\/wp\/v2\/mapa?post=8360"},{"taxonomy":"disponibilidad","embeddable":true,"href":"https:\/\/www.upm.es\/recursosidi\/wp-json\/wp\/v2\/disponibilidad?post=8360"},{"taxonomy":"donde","embeddable":true,"href":"https:\/\/www.upm.es\/recursosidi\/wp-json\/wp\/v2\/donde?post=8360"},{"taxonomy":"infraestructura","embeddable":true,"href":"https:\/\/www.upm.es\/recursosidi\/wp-json\/wp\/v2\/infraestructura?post=8360"},{"taxonomy":"ods","embeddable":true,"href":"https:\/\/www.upm.es\/recursosidi\/wp-json\/wp\/v2\/ods?post=8360"},{"taxonomy":"origen","embeddable":true,"href":"https:\/\/www.upm.es\/recursosidi\/wp-json\/wp\/v2\/origen?post=8360"}],"curies":[{"name":"wp","href":"https:\/\/api.w.org\/{rel}","templated":true}]}}