{"id":8362,"date":"2021-11-25T14:04:27","date_gmt":"2021-11-25T13:04:27","guid":{"rendered":"https:\/\/www.upm.es\/recursosidi\/offers-resources\/sin categor\u00eda\/dispositivo-y-procedimiento-de-almacenamiento-termico-de-baja-entropia\/"},"modified":"2022-08-10T02:01:40","modified_gmt":"2022-08-10T00:01:40","slug":"dispositivo-y-procedimiento-de-almacenamiento-termico-de-baja-entropia","status":"publish","type":"product","link":"https:\/\/www.upm.es\/recursosidi\/offers-resources\/patentes\/dispositivo-y-procedimiento-de-almacenamiento-termico-de-baja-entropia\/","title":{"rendered":"Dispositivo y procedimiento de almacenamiento t\u00e9rmico de baja entrop\u00eda"},"content":{"rendered":"<h5>Descripci\u00f3n de la patente <\/h5>\n<p>Dispositivo y m\u00e9todo de almacenamiento t\u00e9rmico de baja entrop\u00eda basado en el calor sensible que pueden absorber diferentes compartimentos (1) de un fluido calor\u00edfico, estando dichos compartimentos (1) separados y aislados t\u00e9rmicamente entre s\u00ed mediante paredes internas (4) aislantes, de tal forma que el fluido calor\u00edfico fluye por los compartimentos (1) en circuitos paralelos, estableci\u00e9ndose los flujos desde tuber\u00edas de impulsi\u00f3n (5) a los compartimentos (1), y desde dichos compartimentos (1) a tuber\u00edas de retorno (6) mediante la apertura y cierre de v\u00e1lvulas (7,8), transmitiendo el fluido calor\u00edfico calor sensible a los compartimentos (1), en los que queda almacenado, para posteriormente que dicho calor sensible sea transmitido de los compartimentos a un fluido a calentar.<\/p>\n<h5>Situaci\u00f3n <\/h5>\n<p>Concedida<\/p>\n<h5>N\u00famero de solicitud<\/h5>\n<p>P200801916<\/p>\n<h5>N\u00famero de publicaci\u00f3n<\/h5>\n<p>ES2306628<\/p>\n<h5>Fecha de presentaci\u00f3n <\/h5>\n<p>26\/06\/2008<\/p>\n<h5>Fecha de concesi\u00f3n <\/h5>\n<p>30\/09\/2009<\/p>\n<div class=\"pdfprnt-buttons pdfprnt-buttons-product pdfprnt-bottom-left\"><a href=\"https:\/\/www.upm.es\/recursosidi\/wp-json\/wp\/v2\/product\/8362?print=pdf\" class=\"pdfprnt-button pdfprnt-button-pdf\" target=\"_blank\"><span class=\"pdfprnt-button-title pdfprnt-button-pdf-title\">Descargar ficha<\/span><\/a><\/div>","protected":false},"excerpt":{"rendered":"<p>Descripci\u00f3n de la patente Dispositivo y m\u00e9todo de almacenamiento t\u00e9rmico de baja entrop\u00eda basado en el calor sensible que pueden absorber diferentes compartimentos (1) de&hellip;<\/p>\n","protected":false},"featured_media":0,"template":"","meta":{"_acf_changed":false},"product_cat":[3946],"product_tag":[],"comunidades-upm":[],"quien":[],"mapa":[],"disponibilidad":[],"donde":[{"term_id":238,"name":"Instituto de Fusi\u00f3n Nuclear \"Guillermo Velarde\" (IFN-GV)","slug":"instituto-de-fusion-nuclear-guillermo-velarde-ifn-gv","term_group":0,"term_taxonomy_id":238,"taxonomy":"donde","description":"","parent":0,"count":57,"filter":"raw","term_order":"0"},{"term_id":390,"name":"Thermal Energy for Sustainability","slug":"thermal-energy-for-sustainability","term_group":0,"term_taxonomy_id":390,"taxonomy":"donde","description":"","parent":0,"count":57,"filter":"raw","term_order":"0"}],"infraestructura":[],"ods":[],"origen":[{"term_id":180,"name":"Patente","slug":"patente","term_group":0,"term_taxonomy_id":180,"taxonomy":"origen","description":"","parent":0,"count":614,"filter":"raw","term_order":"0"}],"familia_tax":false,"quien_tax":false,"donde_tax":false,"year":"","contacto":"<strong>Principales: <\/strong><ul><li>JOSE MARIA MARTINEZ-VAL PE\u00d1ALOSA <blockquote><strong>josemaria.martinezval@upm.es<\/strong><\/blockquote><\/li><li>Mireia Piera Carrete <blockquote><strong>mpiera@ind.uned.es<\/strong><\/blockquote><\/li><li>RAFAEL RUBEN AMENGUAL MATAS <blockquote><strong>ruben.amengual@upm.es<\/strong><\/blockquote><\/li><\/ul><strong>Otros inventores UPM: <\/strong><ul><li>Rub\u00e9n Amengual Matas (UNED)<\/li><\/ul>","telefono":"","pagina_web":"","email":"","id_ficha_portal":"271","video":"","adjuntos":false,"adjuntos_portal":"https:\/\/www.upm.es\/S2i\/Acuse\/recuperarArchivo.jsp?id=271&id_archivo=12&tipo=patente&extension=fichero ","inf":false,"departamento":"","acf":[],"lang":"es","translation":{"es":8362},"_links":{"self":[{"href":"https:\/\/www.upm.es\/recursosidi\/wp-json\/wp\/v2\/product\/8362"}],"collection":[{"href":"https:\/\/www.upm.es\/recursosidi\/wp-json\/wp\/v2\/product"}],"about":[{"href":"https:\/\/www.upm.es\/recursosidi\/wp-json\/wp\/v2\/types\/product"}],"wp:attachment":[{"href":"https:\/\/www.upm.es\/recursosidi\/wp-json\/wp\/v2\/media?parent=8362"}],"wp:term":[{"taxonomy":"product_cat","embeddable":true,"href":"https:\/\/www.upm.es\/recursosidi\/wp-json\/wp\/v2\/product_cat?post=8362"},{"taxonomy":"product_tag","embeddable":true,"href":"https:\/\/www.upm.es\/recursosidi\/wp-json\/wp\/v2\/product_tag?post=8362"},{"taxonomy":"comunidad_upm","embeddable":true,"href":"https:\/\/www.upm.es\/recursosidi\/wp-json\/wp\/v2\/comunidades-upm?post=8362"},{"taxonomy":"quien","embeddable":true,"href":"https:\/\/www.upm.es\/recursosidi\/wp-json\/wp\/v2\/quien?post=8362"},{"taxonomy":"mapa","embeddable":true,"href":"https:\/\/www.upm.es\/recursosidi\/wp-json\/wp\/v2\/mapa?post=8362"},{"taxonomy":"disponibilidad","embeddable":true,"href":"https:\/\/www.upm.es\/recursosidi\/wp-json\/wp\/v2\/disponibilidad?post=8362"},{"taxonomy":"donde","embeddable":true,"href":"https:\/\/www.upm.es\/recursosidi\/wp-json\/wp\/v2\/donde?post=8362"},{"taxonomy":"infraestructura","embeddable":true,"href":"https:\/\/www.upm.es\/recursosidi\/wp-json\/wp\/v2\/infraestructura?post=8362"},{"taxonomy":"ods","embeddable":true,"href":"https:\/\/www.upm.es\/recursosidi\/wp-json\/wp\/v2\/ods?post=8362"},{"taxonomy":"origen","embeddable":true,"href":"https:\/\/www.upm.es\/recursosidi\/wp-json\/wp\/v2\/origen?post=8362"}],"curies":[{"name":"wp","href":"https:\/\/api.w.org\/{rel}","templated":true}]}}