{"id":8363,"date":"2021-11-25T14:04:30","date_gmt":"2021-11-25T13:04:30","guid":{"rendered":"https:\/\/www.upm.es\/recursosidi\/offers-resources\/sin categor\u00eda\/colector-de-energia-solar-termica\/"},"modified":"2022-08-10T02:01:43","modified_gmt":"2022-08-10T00:01:43","slug":"colector-de-energia-solar-termica","status":"publish","type":"product","link":"https:\/\/www.upm.es\/recursosidi\/offers-resources\/patentes\/colector-de-energia-solar-termica\/","title":{"rendered":"Colector de energ\u00eda solar t\u00e9rmica"},"content":{"rendered":"<h5>Descripci\u00f3n de la patente <\/h5>\n<p>Colector de energ\u00eda solar t\u00e9rmica, de alta temperatura, en el que un panel absorbedor de radiaci\u00f3n solar, por dentro del  cual circula el fluido calor\u00edfero, se sit\u00faa dentro de un caj\u00f3n paralepip\u00e9dico, con una apertura con cubierta transparente en su parte frontal, que puede duplicarse dejando un huelgo atmosf\u00e9rico en medio, contando la pared posterior del caj\u00f3n con un sistema de juntas y tanques encastrados en la propia pared de modo que se asimilan las dilataciones y contracciones de los tubos verticales del panel y de sus conexiones horizontales mediante cambios suaves de curvatura de codos de tuber\u00eda y de min\u00fasculos giros de los tanques, a\u00f1adiendo un sistema de llenado del caj\u00f3n con un gas inerte, cuya presi\u00f3n puede escogerse entre una mil\u00e9sima de atm\u00f3sfera y una atm\u00f3sfera, disponi\u00e9ndose para ello de un circuito exterior de gas, con tanques de baja y alta presi\u00f3n, y compresor intermedio.<\/p>\n<h5>Situaci\u00f3n <\/h5>\n<p>Concedida<\/p>\n<h5>N\u00famero de solicitud<\/h5>\n<p>P200803767<\/p>\n<h5>N\u00famero de publicaci\u00f3n<\/h5>\n<p>ES2321576<\/p>\n<h5>Fecha de presentaci\u00f3n <\/h5>\n<p>31\/12\/2008<\/p>\n<h5>Fecha de concesi\u00f3n <\/h5>\n<p>28\/09\/2009<\/p>\n<div class=\"pdfprnt-buttons pdfprnt-buttons-product pdfprnt-bottom-left\"><a href=\"https:\/\/www.upm.es\/recursosidi\/wp-json\/wp\/v2\/product\/8363?print=pdf\" class=\"pdfprnt-button pdfprnt-button-pdf\" target=\"_blank\"><span class=\"pdfprnt-button-title pdfprnt-button-pdf-title\">Descargar ficha<\/span><\/a><\/div>","protected":false},"excerpt":{"rendered":"<p>Descripci\u00f3n de la patente Colector de energ\u00eda solar t\u00e9rmica, de alta temperatura, en el que un panel absorbedor de radiaci\u00f3n solar, por dentro del cual&hellip;<\/p>\n","protected":false},"featured_media":0,"template":"","meta":{"_acf_changed":false},"product_cat":[3946],"product_tag":[],"comunidades-upm":[],"quien":[],"mapa":[],"disponibilidad":[],"donde":[{"term_id":238,"name":"Instituto de Fusi\u00f3n Nuclear \"Guillermo Velarde\" (IFN-GV)","slug":"instituto-de-fusion-nuclear-guillermo-velarde-ifn-gv","term_group":0,"term_taxonomy_id":238,"taxonomy":"donde","description":"","parent":0,"count":57,"filter":"raw","term_order":"0"},{"term_id":390,"name":"Thermal Energy for Sustainability","slug":"thermal-energy-for-sustainability","term_group":0,"term_taxonomy_id":390,"taxonomy":"donde","description":"","parent":0,"count":57,"filter":"raw","term_order":"0"}],"infraestructura":[],"ods":[],"origen":[{"term_id":180,"name":"Patente","slug":"patente","term_group":0,"term_taxonomy_id":180,"taxonomy":"origen","description":"","parent":0,"count":614,"filter":"raw","term_order":"0"}],"familia_tax":false,"quien_tax":false,"donde_tax":false,"year":"","contacto":"<strong>Principales: <\/strong><ul><li>JOSE MARIA MARTINEZ-VAL PE\u00d1ALOSA <blockquote><strong>josemaria.martinezval@upm.es<\/strong><\/blockquote><\/li><\/ul>","telefono":"","pagina_web":"","email":"","id_ficha_portal":"278","video":"","adjuntos":false,"adjuntos_portal":"https:\/\/www.upm.es\/S2i\/Acuse\/recuperarArchivo.jsp?id=278&id_archivo=28&tipo=patente&extension=fichero ","inf":false,"departamento":"","acf":[],"lang":"es","translation":{"es":8363},"_links":{"self":[{"href":"https:\/\/www.upm.es\/recursosidi\/wp-json\/wp\/v2\/product\/8363"}],"collection":[{"href":"https:\/\/www.upm.es\/recursosidi\/wp-json\/wp\/v2\/product"}],"about":[{"href":"https:\/\/www.upm.es\/recursosidi\/wp-json\/wp\/v2\/types\/product"}],"wp:attachment":[{"href":"https:\/\/www.upm.es\/recursosidi\/wp-json\/wp\/v2\/media?parent=8363"}],"wp:term":[{"taxonomy":"product_cat","embeddable":true,"href":"https:\/\/www.upm.es\/recursosidi\/wp-json\/wp\/v2\/product_cat?post=8363"},{"taxonomy":"product_tag","embeddable":true,"href":"https:\/\/www.upm.es\/recursosidi\/wp-json\/wp\/v2\/product_tag?post=8363"},{"taxonomy":"comunidad_upm","embeddable":true,"href":"https:\/\/www.upm.es\/recursosidi\/wp-json\/wp\/v2\/comunidades-upm?post=8363"},{"taxonomy":"quien","embeddable":true,"href":"https:\/\/www.upm.es\/recursosidi\/wp-json\/wp\/v2\/quien?post=8363"},{"taxonomy":"mapa","embeddable":true,"href":"https:\/\/www.upm.es\/recursosidi\/wp-json\/wp\/v2\/mapa?post=8363"},{"taxonomy":"disponibilidad","embeddable":true,"href":"https:\/\/www.upm.es\/recursosidi\/wp-json\/wp\/v2\/disponibilidad?post=8363"},{"taxonomy":"donde","embeddable":true,"href":"https:\/\/www.upm.es\/recursosidi\/wp-json\/wp\/v2\/donde?post=8363"},{"taxonomy":"infraestructura","embeddable":true,"href":"https:\/\/www.upm.es\/recursosidi\/wp-json\/wp\/v2\/infraestructura?post=8363"},{"taxonomy":"ods","embeddable":true,"href":"https:\/\/www.upm.es\/recursosidi\/wp-json\/wp\/v2\/ods?post=8363"},{"taxonomy":"origen","embeddable":true,"href":"https:\/\/www.upm.es\/recursosidi\/wp-json\/wp\/v2\/origen?post=8363"}],"curies":[{"name":"wp","href":"https:\/\/api.w.org\/{rel}","templated":true}]}}