{"id":8364,"date":"2021-11-25T14:04:32","date_gmt":"2021-11-25T13:04:32","guid":{"rendered":"https:\/\/www.upm.es\/recursosidi\/offers-resources\/sin categor\u00eda\/procedimiento-de-amplificacion-de-senales-de-audio-generadas-por-instrumentos-musicales-para-preamplificadores-de-estado-solido\/"},"modified":"2022-08-10T02:01:46","modified_gmt":"2022-08-10T00:01:46","slug":"procedimiento-de-amplificacion-de-senales-de-audio-generadas-por-instrumentos-musicales-para-preamplificadores-de-estado-solido","status":"publish","type":"product","link":"https:\/\/www.upm.es\/recursosidi\/offers-resources\/patentes\/procedimiento-de-amplificacion-de-senales-de-audio-generadas-por-instrumentos-musicales-para-preamplificadores-de-estado-solido\/","title":{"rendered":"Procedimiento de amplificaci\u00f3n de se\u00f1ales de audio generadas por instrumentos musicales para preamplificadores de estado s\u00f3lido"},"content":{"rendered":"<h5>Descripci\u00f3n de la patente <\/h5>\n<p>Preamplificador de audio para instrumentos musicales, en especial para guitarras el\u00e9ctricas, que simula la distorsi\u00f3n arm\u00f3nica de los amplificadores de audio de v\u00e1lvulas. Procedimiento de amplificaci\u00f3n de se\u00f1ales de audio generadas por instrumentos musicales, en especial para guitarras el\u00e9ctricas, para preamplificadores de estado s\u00f3lido y que simula la distorsi\u00f3n arm\u00f3nica de los amplificadores de audio de v\u00e1lvulas, que comprende las siguientes etapas:<br \/>\n&#8211; obtener, a partir de la se\u00f1al de audio (4), una primera se\u00f1al (41) con ganancia positiva menor que la unidad respecto a la se\u00f1al de audio (4);<br \/>\n&#8211; efectuar un recorte redondeado y asim\u00e9trico en la parte positiva, negativa o ambas de la primera se\u00f1al (41), obteniendo una se\u00f1al distorsionada (21);<br \/>\n&#8211; disminuir la impedancia de salida del preamplificador para maximizar la tensi\u00f3n de salida como consecuencia de la configuraci\u00f3n en seguidor de emisor.<\/p>\n<h5>Situaci\u00f3n <\/h5>\n<p>Concedida<\/p>\n<h5>N\u00famero de solicitud<\/h5>\n<p>P200803427<\/p>\n<h5>N\u00famero de publicaci\u00f3n<\/h5>\n<p>ES2319955<\/p>\n<h5>Fecha de presentaci\u00f3n <\/h5>\n<p>02\/12\/2008<\/p>\n<h5>Fecha de concesi\u00f3n <\/h5>\n<p>07\/09\/2009<\/p>\n<div class=\"pdfprnt-buttons pdfprnt-buttons-product pdfprnt-bottom-left\"><a href=\"https:\/\/www.upm.es\/recursosidi\/wp-json\/wp\/v2\/product\/8364?print=pdf\" class=\"pdfprnt-button pdfprnt-button-pdf\" target=\"_blank\"><span class=\"pdfprnt-button-title pdfprnt-button-pdf-title\">Descargar ficha<\/span><\/a><\/div>","protected":false},"excerpt":{"rendered":"<p>Descripci\u00f3n de la patente Preamplificador de audio para instrumentos musicales, en especial para guitarras el\u00e9ctricas, que simula la distorsi\u00f3n arm\u00f3nica de los amplificadores de audio&hellip;<\/p>\n","protected":false},"featured_media":0,"template":"","meta":{"_acf_changed":false},"product_cat":[3946],"product_tag":[],"comunidades-upm":[],"quien":[],"mapa":[],"disponibilidad":[],"donde":[{"term_id":42,"name":"UPM","slug":"upm","term_group":0,"term_taxonomy_id":42,"taxonomy":"donde","description":"Universidad Polit\u00e9cnica de Madrid\r\nHTML \"Lorem ipsum dolor sit amet, consectetur adipiscing elit, sed do eiusmod tempor incididunt ut labore et dolore magna aliqua. Ut enim ad minim veniam, quis nostrud exercitation ullamco laboris nisi ut aliquip ex ea commodo consequat. Duis aute irure dolor in reprehenderit in voluptate velit esse cillum dolore eu fugiat nulla pariatur. Excepteur sint occaecat cupidatat non proident, sunt in culpa qui officia deserunt mollit anim id est laborum.\"","parent":0,"count":146,"filter":"raw","term_order":"0"}],"infraestructura":[],"ods":[],"origen":[{"term_id":180,"name":"Patente","slug":"patente","term_group":0,"term_taxonomy_id":180,"taxonomy":"origen","description":"","parent":0,"count":614,"filter":"raw","term_order":"0"}],"familia_tax":false,"quien_tax":false,"donde_tax":false,"year":"","contacto":"<ul><li><blockquote><strong>otri.investigacion@upm.es<\/strong><\/blockquote><\/li><\/ul>","telefono":"","pagina_web":"","email":"","id_ficha_portal":"279","video":"","adjuntos":false,"adjuntos_portal":"https:\/\/www.upm.es\/S2i\/Acuse\/recuperarArchivo.jsp?id=279&id_archivo=74&tipo=patente&extension=fichero ","inf":false,"departamento":"","acf":[],"lang":"es","translation":{"es":8364},"_links":{"self":[{"href":"https:\/\/www.upm.es\/recursosidi\/wp-json\/wp\/v2\/product\/8364"}],"collection":[{"href":"https:\/\/www.upm.es\/recursosidi\/wp-json\/wp\/v2\/product"}],"about":[{"href":"https:\/\/www.upm.es\/recursosidi\/wp-json\/wp\/v2\/types\/product"}],"wp:attachment":[{"href":"https:\/\/www.upm.es\/recursosidi\/wp-json\/wp\/v2\/media?parent=8364"}],"wp:term":[{"taxonomy":"product_cat","embeddable":true,"href":"https:\/\/www.upm.es\/recursosidi\/wp-json\/wp\/v2\/product_cat?post=8364"},{"taxonomy":"product_tag","embeddable":true,"href":"https:\/\/www.upm.es\/recursosidi\/wp-json\/wp\/v2\/product_tag?post=8364"},{"taxonomy":"comunidad_upm","embeddable":true,"href":"https:\/\/www.upm.es\/recursosidi\/wp-json\/wp\/v2\/comunidades-upm?post=8364"},{"taxonomy":"quien","embeddable":true,"href":"https:\/\/www.upm.es\/recursosidi\/wp-json\/wp\/v2\/quien?post=8364"},{"taxonomy":"mapa","embeddable":true,"href":"https:\/\/www.upm.es\/recursosidi\/wp-json\/wp\/v2\/mapa?post=8364"},{"taxonomy":"disponibilidad","embeddable":true,"href":"https:\/\/www.upm.es\/recursosidi\/wp-json\/wp\/v2\/disponibilidad?post=8364"},{"taxonomy":"donde","embeddable":true,"href":"https:\/\/www.upm.es\/recursosidi\/wp-json\/wp\/v2\/donde?post=8364"},{"taxonomy":"infraestructura","embeddable":true,"href":"https:\/\/www.upm.es\/recursosidi\/wp-json\/wp\/v2\/infraestructura?post=8364"},{"taxonomy":"ods","embeddable":true,"href":"https:\/\/www.upm.es\/recursosidi\/wp-json\/wp\/v2\/ods?post=8364"},{"taxonomy":"origen","embeddable":true,"href":"https:\/\/www.upm.es\/recursosidi\/wp-json\/wp\/v2\/origen?post=8364"}],"curies":[{"name":"wp","href":"https:\/\/api.w.org\/{rel}","templated":true}]}}