{"id":8366,"date":"2021-11-25T14:04:38","date_gmt":"2021-11-25T13:04:38","guid":{"rendered":"https:\/\/www.upm.es\/recursosidi\/offers-resources\/sin categor\u00eda\/detector-de-hidrogeno\/"},"modified":"2022-08-10T02:01:51","modified_gmt":"2022-08-10T00:01:51","slug":"detector-de-hidrogeno","status":"publish","type":"product","link":"https:\/\/www.upm.es\/recursosidi\/offers-resources\/patentes\/detector-de-hidrogeno\/","title":{"rendered":"Detector de hidr\u00f3geno"},"content":{"rendered":"<h5>Descripci\u00f3n de la patente <\/h5>\n<p>Detector de hidr\u00f3geno, constituido por una fibra \u00f3ptica con sensor Bragg, sobre cuya superficie va enrollado y fijado un hilo de paladio que conforma una bobina. El detector est\u00e1 especialmente concebido para la detecci\u00f3n de hidr\u00f3geno en instalaciones en las que se utiliza este gas.<\/p>\n<h5>N\u00famero de solicitud<\/h5>\n<p>P200302177<\/p>\n<h5>N\u00famero de publicaci\u00f3n<\/h5>\n<p>ES2228270<\/p>\n<h5>Fecha de presentaci\u00f3n <\/h5>\n<p>18\/09\/2003<\/p>\n<h5>Fecha de concesi\u00f3n <\/h5>\n<p>22\/11\/2005<\/p>\n<div class=\"pdfprnt-buttons pdfprnt-buttons-product pdfprnt-bottom-left\"><a href=\"https:\/\/www.upm.es\/recursosidi\/wp-json\/wp\/v2\/product\/8366?print=pdf\" class=\"pdfprnt-button pdfprnt-button-pdf\" target=\"_blank\"><span class=\"pdfprnt-button-title pdfprnt-button-pdf-title\">Descargar ficha<\/span><\/a><\/div>","protected":false},"excerpt":{"rendered":"<p>Descripci\u00f3n de la patente Detector de hidr\u00f3geno, constituido por una fibra \u00f3ptica con sensor Bragg, sobre cuya superficie va enrollado y fijado un hilo de&hellip;<\/p>\n","protected":false},"featured_media":0,"template":"","meta":{"_acf_changed":false},"product_cat":[3946],"product_tag":[],"comunidades-upm":[],"quien":[],"mapa":[],"disponibilidad":[],"donde":[],"infraestructura":[],"ods":[],"origen":[{"term_id":180,"name":"Patente","slug":"patente","term_group":0,"term_taxonomy_id":180,"taxonomy":"origen","description":"","parent":0,"count":614,"filter":"raw","term_order":"0"}],"familia_tax":false,"quien_tax":false,"donde_tax":false,"year":"","contacto":"<strong>Principales: <\/strong><ul><li>JESUS ALFREDO GUEMES GORDO <blockquote><strong>alfredo.guemes@upm.es<\/strong><\/blockquote><\/li><\/ul><strong>Otros inventores: <\/strong><ul><li>MalteFr\u00f6vel INTA - Instituto Nacional de T\u00e9cnica Aeroespacial (Ministerio de Defensa)<\/li> <li>M\u00aa Antonia de la Torre Lejarraga INTA - Instituto Nacional de T\u00e9cnica Aeroespacial (Ministerio de Defensa)<\/li> <li>Jos\u00e9 M\u00aa Pintado Sanjuanbenito INTA - Instituto Nacional de T\u00e9cnica Aeroespacial (Ministerio de Defensa)<\/li> <\/ul>","telefono":"","pagina_web":"","email":"","id_ficha_portal":"71","video":"","adjuntos":false,"adjuntos_portal":"","inf":false,"departamento":"","acf":[],"lang":"es","translation":{"es":8366},"_links":{"self":[{"href":"https:\/\/www.upm.es\/recursosidi\/wp-json\/wp\/v2\/product\/8366"}],"collection":[{"href":"https:\/\/www.upm.es\/recursosidi\/wp-json\/wp\/v2\/product"}],"about":[{"href":"https:\/\/www.upm.es\/recursosidi\/wp-json\/wp\/v2\/types\/product"}],"wp:attachment":[{"href":"https:\/\/www.upm.es\/recursosidi\/wp-json\/wp\/v2\/media?parent=8366"}],"wp:term":[{"taxonomy":"product_cat","embeddable":true,"href":"https:\/\/www.upm.es\/recursosidi\/wp-json\/wp\/v2\/product_cat?post=8366"},{"taxonomy":"product_tag","embeddable":true,"href":"https:\/\/www.upm.es\/recursosidi\/wp-json\/wp\/v2\/product_tag?post=8366"},{"taxonomy":"comunidad_upm","embeddable":true,"href":"https:\/\/www.upm.es\/recursosidi\/wp-json\/wp\/v2\/comunidades-upm?post=8366"},{"taxonomy":"quien","embeddable":true,"href":"https:\/\/www.upm.es\/recursosidi\/wp-json\/wp\/v2\/quien?post=8366"},{"taxonomy":"mapa","embeddable":true,"href":"https:\/\/www.upm.es\/recursosidi\/wp-json\/wp\/v2\/mapa?post=8366"},{"taxonomy":"disponibilidad","embeddable":true,"href":"https:\/\/www.upm.es\/recursosidi\/wp-json\/wp\/v2\/disponibilidad?post=8366"},{"taxonomy":"donde","embeddable":true,"href":"https:\/\/www.upm.es\/recursosidi\/wp-json\/wp\/v2\/donde?post=8366"},{"taxonomy":"infraestructura","embeddable":true,"href":"https:\/\/www.upm.es\/recursosidi\/wp-json\/wp\/v2\/infraestructura?post=8366"},{"taxonomy":"ods","embeddable":true,"href":"https:\/\/www.upm.es\/recursosidi\/wp-json\/wp\/v2\/ods?post=8366"},{"taxonomy":"origen","embeddable":true,"href":"https:\/\/www.upm.es\/recursosidi\/wp-json\/wp\/v2\/origen?post=8366"}],"curies":[{"name":"wp","href":"https:\/\/api.w.org\/{rel}","templated":true}]}}