{"id":8368,"date":"2021-11-25T14:04:42","date_gmt":"2021-11-25T13:04:42","guid":{"rendered":"https:\/\/www.upm.es\/recursosidi\/offers-resources\/sin categor\u00eda\/sistema-sumergible-para-el-aprovechamiento-energetico-de-las-corrientes-marinas\/"},"modified":"2022-08-10T02:01:58","modified_gmt":"2022-08-10T00:01:58","slug":"sistema-sumergible-para-el-aprovechamiento-energetico-de-las-corrientes-marinas","status":"publish","type":"product","link":"https:\/\/www.upm.es\/recursosidi\/offers-resources\/patentes\/sistema-sumergible-para-el-aprovechamiento-energetico-de-las-corrientes-marinas\/","title":{"rendered":"Sistema sumergible para el aprovechamiento energ\u00e9tico de las corrientes marinas."},"content":{"rendered":"<h5>Descripci\u00f3n de la patente <\/h5>\n<p>Se trata de un sistema sumergible compuesto por una h\u00e9lice con varias palas, que accionan un generador el\u00e9ctrico, situado en un domo central del que salen  tantos brazos como palas, existiendo al final de cada brazo un flotador.<br \/>\nLa distribuci\u00f3n de pesos y flotaciones permite que en operaci\u00f3n, el par de giro y el momento de inclinaci\u00f3n se compensen hidrost\u00e1ticamente. El conjunto se une por un sistema de cables de fondeo al fondo.<\/p>\n<p>El conjunto de brazos y flotadores puede ser lastrado y vaciado con lo que puede cambiarse su posici\u00f3n de vertical sumergida  durante la operaci\u00f3n a otra horizontal flotando para facilitar el mantenimiento.<\/p>\n<h5>Situaci\u00f3n <\/h5>\n<p>Concedida<\/p>\n<h5>N\u00famero de solicitud<\/h5>\n<p>P200700985<\/p>\n<h5>N\u00famero de publicaci\u00f3n<\/h5>\n<p>ES2284411<\/p>\n<h5>Fecha de presentaci\u00f3n <\/h5>\n<p>12\/04\/2007<\/p>\n<h5>Fecha de concesi\u00f3n <\/h5>\n<p>27\/06\/2008<\/p>\n<h4><strong>Extensiones Internacionales<\/strong><\/h4>\n<h5>EUROPA<\/h5>\n<p><strong>Referencia de la solicitud: <\/strong>EP08761455.8<br \/><strong>T\u00edtulo:\t\t\t\t\t   <\/strong>Sumergible system for exploiting the energy from marine currents<br \/><strong>Situacion: \t\t\t\t   <\/strong>Concedida<\/p>\n<div class=\"pdfprnt-buttons pdfprnt-buttons-product pdfprnt-bottom-left\"><a href=\"https:\/\/www.upm.es\/recursosidi\/wp-json\/wp\/v2\/product\/8368?print=pdf\" class=\"pdfprnt-button pdfprnt-button-pdf\" target=\"_blank\"><span class=\"pdfprnt-button-title pdfprnt-button-pdf-title\">Descargar ficha<\/span><\/a><\/div>","protected":false},"excerpt":{"rendered":"<p>Descripci\u00f3n de la patente Se trata de un sistema sumergible compuesto por una h\u00e9lice con varias palas, que accionan un generador el\u00e9ctrico, situado en un&hellip;<\/p>\n","protected":false},"featured_media":0,"template":"","meta":{"_acf_changed":false},"product_cat":[3946],"product_tag":[],"comunidades-upm":[],"quien":[],"mapa":[],"disponibilidad":[],"donde":[{"term_id":42,"name":"UPM","slug":"upm","term_group":0,"term_taxonomy_id":42,"taxonomy":"donde","description":"Universidad Polit\u00e9cnica de Madrid\r\nHTML \"Lorem ipsum dolor sit amet, consectetur adipiscing elit, sed do eiusmod tempor incididunt ut labore et dolore magna aliqua. Ut enim ad minim veniam, quis nostrud exercitation ullamco laboris nisi ut aliquip ex ea commodo consequat. Duis aute irure dolor in reprehenderit in voluptate velit esse cillum dolore eu fugiat nulla pariatur. Excepteur sint occaecat cupidatat non proident, sunt in culpa qui officia deserunt mollit anim id est laborum.\"","parent":0,"count":146,"filter":"raw","term_order":"0"}],"infraestructura":[],"ods":[],"origen":[{"term_id":180,"name":"Patente","slug":"patente","term_group":0,"term_taxonomy_id":180,"taxonomy":"origen","description":"","parent":0,"count":614,"filter":"raw","term_order":"0"}],"familia_tax":false,"quien_tax":false,"donde_tax":false,"year":"","contacto":"<ul><li><blockquote><strong>otri.investigacion@upm.es<\/strong><\/blockquote><\/li><\/ul>","telefono":"","pagina_web":"","email":"","id_ficha_portal":"285","video":"","adjuntos":false,"adjuntos_portal":"https:\/\/www.upm.es\/S2i\/Acuse\/recuperarArchivo.jsp?id=285&id_archivo=117&tipo=patente&extension=fichero","inf":false,"departamento":"","acf":[],"lang":"es","translation":{"es":8368},"_links":{"self":[{"href":"https:\/\/www.upm.es\/recursosidi\/wp-json\/wp\/v2\/product\/8368"}],"collection":[{"href":"https:\/\/www.upm.es\/recursosidi\/wp-json\/wp\/v2\/product"}],"about":[{"href":"https:\/\/www.upm.es\/recursosidi\/wp-json\/wp\/v2\/types\/product"}],"wp:attachment":[{"href":"https:\/\/www.upm.es\/recursosidi\/wp-json\/wp\/v2\/media?parent=8368"}],"wp:term":[{"taxonomy":"product_cat","embeddable":true,"href":"https:\/\/www.upm.es\/recursosidi\/wp-json\/wp\/v2\/product_cat?post=8368"},{"taxonomy":"product_tag","embeddable":true,"href":"https:\/\/www.upm.es\/recursosidi\/wp-json\/wp\/v2\/product_tag?post=8368"},{"taxonomy":"comunidad_upm","embeddable":true,"href":"https:\/\/www.upm.es\/recursosidi\/wp-json\/wp\/v2\/comunidades-upm?post=8368"},{"taxonomy":"quien","embeddable":true,"href":"https:\/\/www.upm.es\/recursosidi\/wp-json\/wp\/v2\/quien?post=8368"},{"taxonomy":"mapa","embeddable":true,"href":"https:\/\/www.upm.es\/recursosidi\/wp-json\/wp\/v2\/mapa?post=8368"},{"taxonomy":"disponibilidad","embeddable":true,"href":"https:\/\/www.upm.es\/recursosidi\/wp-json\/wp\/v2\/disponibilidad?post=8368"},{"taxonomy":"donde","embeddable":true,"href":"https:\/\/www.upm.es\/recursosidi\/wp-json\/wp\/v2\/donde?post=8368"},{"taxonomy":"infraestructura","embeddable":true,"href":"https:\/\/www.upm.es\/recursosidi\/wp-json\/wp\/v2\/infraestructura?post=8368"},{"taxonomy":"ods","embeddable":true,"href":"https:\/\/www.upm.es\/recursosidi\/wp-json\/wp\/v2\/ods?post=8368"},{"taxonomy":"origen","embeddable":true,"href":"https:\/\/www.upm.es\/recursosidi\/wp-json\/wp\/v2\/origen?post=8368"}],"curies":[{"name":"wp","href":"https:\/\/api.w.org\/{rel}","templated":true}]}}