{"id":8369,"date":"2021-11-25T14:04:45","date_gmt":"2021-11-25T13:04:45","guid":{"rendered":"https:\/\/www.upm.es\/recursosidi\/offers-resources\/sin categor\u00eda\/sistema-de-paneles-solares-moviles-para-la-edificacion\/"},"modified":"2022-08-10T02:02:00","modified_gmt":"2022-08-10T00:02:00","slug":"sistema-de-paneles-solares-moviles-para-la-edificacion","status":"publish","type":"product","link":"https:\/\/www.upm.es\/recursosidi\/offers-resources\/patentes\/sistema-de-paneles-solares-moviles-para-la-edificacion\/","title":{"rendered":"Sistema de paneles solares m\u00f3viles para la edificaci\u00f3n"},"content":{"rendered":"<h5>Descripci\u00f3n de la patente <\/h5>\n<p>Sistema de paneles solares m\u00f3viles para la edificaci\u00f3n, que se caracteriza por aprovechar las aristas de un edificio para disponer en ellas los ejes de giro (4) de los paneles solares de cubierta (3) (5) o fachada (10) (12) (13) (15), ya sean estos fotovoltaicos, t\u00e9rmicos o h\u00edbridos, con el fin de poder orientarlos al sol en cada caso y con independencia de cu\u00e1l sea la orientaci\u00f3n que tenga el inmueble (1) y\/o sus cubiertas. Pudiendo dichos paneles ser de forma rectangular, triangular o poli\u00e9drica, con la opci\u00f3n de poder girar por uno o m\u00e1s ejes de forma alternativa, y con la posibilidad de unirse dos paneles contiguos por su eje (4), para poder girar balance\u00e1ndose sobre dicho eje, y con la opci\u00f3n de poderse ventilar por su trasd\u00f3s para lograr una mayor eficiencia del sistema de captaci\u00f3n solar y la ventilaci\u00f3n de los posibles huecos del inmueble.<\/p>\n<h5>Situaci\u00f3n <\/h5>\n<p>Concedida<\/p>\n<h5>N\u00famero de solicitud<\/h5>\n<p>P200900067<\/p>\n<h5>N\u00famero de publicaci\u00f3n<\/h5>\n<p>ES2346026<\/p>\n<h5>Fecha de presentaci\u00f3n <\/h5>\n<p>12\/01\/2009<\/p>\n<h5>Fecha de concesi\u00f3n <\/h5>\n<p>29\/08\/2012<\/p>\n<div class=\"pdfprnt-buttons pdfprnt-buttons-product pdfprnt-bottom-left\"><a href=\"https:\/\/www.upm.es\/recursosidi\/wp-json\/wp\/v2\/product\/8369?print=pdf\" class=\"pdfprnt-button pdfprnt-button-pdf\" target=\"_blank\"><span class=\"pdfprnt-button-title pdfprnt-button-pdf-title\">Descargar ficha<\/span><\/a><\/div>","protected":false},"excerpt":{"rendered":"<p>Descripci\u00f3n de la patente Sistema de paneles solares m\u00f3viles para la edificaci\u00f3n, que se caracteriza por aprovechar las aristas de un edificio para disponer en&hellip;<\/p>\n","protected":false},"featured_media":0,"template":"","meta":{"_acf_changed":false},"product_cat":[3946],"product_tag":[],"comunidades-upm":[],"quien":[],"mapa":[],"disponibilidad":[],"donde":[{"term_id":260,"name":"Arquitectura Bioclim\u00e1tica en un entorno sostenible-ABIO","slug":"arquitectura-bioclimatica-en-un-entorno-sostenible-abio","term_group":0,"term_taxonomy_id":260,"taxonomy":"donde","description":"","parent":0,"count":19,"filter":"raw","term_order":"0"},{"term_id":264,"name":"T\u00e9cnicas Innovadoras y Sostenibles en la Edificaci\u00f3n","slug":"tecnicas-innovadoras-y-sostenibles-en-la-edificacion","term_group":0,"term_taxonomy_id":264,"taxonomy":"donde","description":"","parent":0,"count":13,"filter":"raw","term_order":"0"}],"infraestructura":[],"ods":[],"origen":[{"term_id":180,"name":"Patente","slug":"patente","term_group":0,"term_taxonomy_id":180,"taxonomy":"origen","description":"","parent":0,"count":614,"filter":"raw","term_order":"0"}],"familia_tax":false,"quien_tax":false,"donde_tax":false,"year":"","contacto":"<strong>Principales: <\/strong><ul><li>JOSEP MARIA ADELL ARGILES <blockquote><strong>josep.adell@upm.es<\/strong><\/blockquote><\/li><li>FCO. JAVIER NEILA GONZALEZ <blockquote><strong>fjavier.neila@upm.es<\/strong><\/blockquote><\/li><li>CESAR BEDOYA FRUTOS <blockquote><strong>cesar.bedoya@upm.es<\/strong><\/blockquote><\/li><li>ALFONSO GARCIA SANTOS <blockquote><strong>alfonso.garciasantos@upm.es<\/strong><\/blockquote><\/li><li>SERGIO VEGA SANCHEZ <blockquote><strong>sergio.vega@upm.es<\/strong><\/blockquote><\/li><li>JUAN CARLOS KLAINSEK ZIZMOND <blockquote><strong>juancarlos.klainsek@upm.es<\/strong><\/blockquote><\/li><\/ul>","telefono":"","pagina_web":"","email":"","id_ficha_portal":"286","video":"","adjuntos":false,"adjuntos_portal":"https:\/\/www.upm.es\/S2i\/Acuse\/recuperarArchivo.jsp?id=286&id_archivo=820&tipo=patente&extension=fichero ","inf":false,"departamento":"","acf":[],"lang":"es","translation":{"es":8369},"_links":{"self":[{"href":"https:\/\/www.upm.es\/recursosidi\/wp-json\/wp\/v2\/product\/8369"}],"collection":[{"href":"https:\/\/www.upm.es\/recursosidi\/wp-json\/wp\/v2\/product"}],"about":[{"href":"https:\/\/www.upm.es\/recursosidi\/wp-json\/wp\/v2\/types\/product"}],"wp:attachment":[{"href":"https:\/\/www.upm.es\/recursosidi\/wp-json\/wp\/v2\/media?parent=8369"}],"wp:term":[{"taxonomy":"product_cat","embeddable":true,"href":"https:\/\/www.upm.es\/recursosidi\/wp-json\/wp\/v2\/product_cat?post=8369"},{"taxonomy":"product_tag","embeddable":true,"href":"https:\/\/www.upm.es\/recursosidi\/wp-json\/wp\/v2\/product_tag?post=8369"},{"taxonomy":"comunidad_upm","embeddable":true,"href":"https:\/\/www.upm.es\/recursosidi\/wp-json\/wp\/v2\/comunidades-upm?post=8369"},{"taxonomy":"quien","embeddable":true,"href":"https:\/\/www.upm.es\/recursosidi\/wp-json\/wp\/v2\/quien?post=8369"},{"taxonomy":"mapa","embeddable":true,"href":"https:\/\/www.upm.es\/recursosidi\/wp-json\/wp\/v2\/mapa?post=8369"},{"taxonomy":"disponibilidad","embeddable":true,"href":"https:\/\/www.upm.es\/recursosidi\/wp-json\/wp\/v2\/disponibilidad?post=8369"},{"taxonomy":"donde","embeddable":true,"href":"https:\/\/www.upm.es\/recursosidi\/wp-json\/wp\/v2\/donde?post=8369"},{"taxonomy":"infraestructura","embeddable":true,"href":"https:\/\/www.upm.es\/recursosidi\/wp-json\/wp\/v2\/infraestructura?post=8369"},{"taxonomy":"ods","embeddable":true,"href":"https:\/\/www.upm.es\/recursosidi\/wp-json\/wp\/v2\/ods?post=8369"},{"taxonomy":"origen","embeddable":true,"href":"https:\/\/www.upm.es\/recursosidi\/wp-json\/wp\/v2\/origen?post=8369"}],"curies":[{"name":"wp","href":"https:\/\/api.w.org\/{rel}","templated":true}]}}