{"id":8370,"date":"2021-11-25T14:04:47","date_gmt":"2021-11-25T13:04:47","guid":{"rendered":"https:\/\/www.upm.es\/recursosidi\/offers-resources\/sin%20categor\u00eda\/cubierta-solar-basculante-auto-orientable\/"},"modified":"2022-08-10T02:02:03","modified_gmt":"2022-08-10T00:02:03","slug":"cubierta-solar-basculante-auto-orientable","status":"publish","type":"product","link":"https:\/\/www.upm.es\/recursosidi\/offers-resources\/patentes\/cubierta-solar-basculante-auto-orientable\/","title":{"rendered":"Cubierta solar basculante auto-orientable"},"content":{"rendered":"<h5>Descripci\u00f3n de la patente <\/h5>\n<p>Cubierta solar basculante autorientable, que se caracteriza por ser una cubierta (1) dise\u00f1ada con forma cuadrada, rectangular o poligonal, que es capaz de balancearse por su baricentro o punto central de equilibrio (6), gracias a los esfuerzos aplicados en un m\u00ednimo de tres o m\u00e1s puntos (9), claramente distanciados entre s\u00ed y entre su punto central de apoyo (6), logrando evitar salirse de su per\u00edmetro en posici\u00f3n horizontal. El sistema de balanceo se logra a trav\u00e9s de cables, cadenas, cuerdas o correas (10-10&#8243;) (11-11&#8243;), que unidos en tres o m\u00e1s puntos a la parte inferior de la cubierta (A, B, C, D&#8221;) son accionados mec\u00e1nicamente con motores (12) (13) debidamente coordinados entre s\u00ed por una centralita inform\u00e1tica domotizada, para lograr el \u00e1ngulo de balanceo apropiado en direcci\u00f3n al sol en cada momento, mediante la variaci\u00f3n de longitud de dichos cables (por acortamiento, alargamiento o permanencia), tras circular por las correspondientes poleas (14) entre el punto de accionamiento de la fuerza del motor y el de aplicaci\u00f3n de la misma bajo la cubierta, seg\u00fan sean las necesidades en cada caso de orientaci\u00f3n y de soportar la acci\u00f3n del viento, lluvia, nieve, etc.<\/p>\n<h5>Situaci\u00f3n <\/h5>\n<p>Concedida<\/p>\n<h5>N\u00famero de solicitud<\/h5>\n<p>P200900068<\/p>\n<h5>N\u00famero de publicaci\u00f3n<\/h5>\n<p>ES2345085<\/p>\n<h5>Fecha de presentaci\u00f3n <\/h5>\n<p>12\/01\/2009<\/p>\n<h5>Fecha de concesi\u00f3n <\/h5>\n<p>02\/11\/2011<\/p>\n<div class=\"pdfprnt-buttons pdfprnt-buttons-product pdfprnt-bottom-left\"><a href=\"https:\/\/www.upm.es\/recursosidi\/wp-json\/wp\/v2\/product\/8370?print=pdf\" class=\"pdfprnt-button pdfprnt-button-pdf\" target=\"_blank\"><span class=\"pdfprnt-button-title pdfprnt-button-pdf-title\">Descargar ficha<\/span><\/a><\/div>","protected":false},"excerpt":{"rendered":"<p>Descripci\u00f3n de la patente Cubierta solar basculante autorientable, que se caracteriza por ser una cubierta (1) dise\u00f1ada con forma cuadrada, rectangular o poligonal, que es&hellip;<\/p>\n","protected":false},"featured_media":0,"template":"","meta":{"_acf_changed":false},"product_cat":[3946],"product_tag":[],"comunidades-upm":[],"quien":[],"mapa":[],"disponibilidad":[],"donde":[{"term_id":260,"name":"Arquitectura Bioclim\u00e1tica en un entorno sostenible-ABIO","slug":"arquitectura-bioclimatica-en-un-entorno-sostenible-abio","term_group":0,"term_taxonomy_id":260,"taxonomy":"donde","description":"","parent":0,"count":19,"filter":"raw","term_order":"0"},{"term_id":264,"name":"T\u00e9cnicas Innovadoras y Sostenibles en la Edificaci\u00f3n","slug":"tecnicas-innovadoras-y-sostenibles-en-la-edificacion","term_group":0,"term_taxonomy_id":264,"taxonomy":"donde","description":"","parent":0,"count":13,"filter":"raw","term_order":"0"}],"infraestructura":[],"ods":[],"origen":[{"term_id":180,"name":"Patente","slug":"patente","term_group":0,"term_taxonomy_id":180,"taxonomy":"origen","description":"","parent":0,"count":614,"filter":"raw","term_order":"0"}],"familia_tax":false,"quien_tax":false,"donde_tax":false,"year":"","contacto":"<strong>Principales: <\/strong><ul><li>JOSEP MARIA ADELL ARGILES <blockquote><strong>josep.adell@upm.es<\/strong><\/blockquote><\/li><li>FCO. JAVIER NEILA GONZALEZ <blockquote><strong>fjavier.neila@upm.es<\/strong><\/blockquote><\/li><li>CESAR BEDOYA FRUTOS <blockquote><strong>cesar.bedoya@upm.es<\/strong><\/blockquote><\/li><li>ALFONSO GARCIA SANTOS <blockquote><strong>alfonso.garciasantos@upm.es<\/strong><\/blockquote><\/li><li>SERGIO VEGA SANCHEZ <blockquote><strong>sergio.vega@upm.es<\/strong><\/blockquote><\/li><li>JUAN CARLOS KLAINSEK ZIZMOND <blockquote><strong>juancarlos.klainsek@upm.es<\/strong><\/blockquote><\/li><\/ul>","telefono":"","pagina_web":"","email":"","id_ficha_portal":"287","video":"","adjuntos":false,"adjuntos_portal":"https:\/\/www.upm.es\/S2i\/Acuse\/recuperarArchivo.jsp?id=287&id_archivo=524&tipo=patente&extension=fichero ","inf":false,"departamento":"","acf":[],"lang":"es","translation":{"es":8370},"_links":{"self":[{"href":"https:\/\/www.upm.es\/recursosidi\/wp-json\/wp\/v2\/product\/8370"}],"collection":[{"href":"https:\/\/www.upm.es\/recursosidi\/wp-json\/wp\/v2\/product"}],"about":[{"href":"https:\/\/www.upm.es\/recursosidi\/wp-json\/wp\/v2\/types\/product"}],"wp:attachment":[{"href":"https:\/\/www.upm.es\/recursosidi\/wp-json\/wp\/v2\/media?parent=8370"}],"wp:term":[{"taxonomy":"product_cat","embeddable":true,"href":"https:\/\/www.upm.es\/recursosidi\/wp-json\/wp\/v2\/product_cat?post=8370"},{"taxonomy":"product_tag","embeddable":true,"href":"https:\/\/www.upm.es\/recursosidi\/wp-json\/wp\/v2\/product_tag?post=8370"},{"taxonomy":"comunidad_upm","embeddable":true,"href":"https:\/\/www.upm.es\/recursosidi\/wp-json\/wp\/v2\/comunidades-upm?post=8370"},{"taxonomy":"quien","embeddable":true,"href":"https:\/\/www.upm.es\/recursosidi\/wp-json\/wp\/v2\/quien?post=8370"},{"taxonomy":"mapa","embeddable":true,"href":"https:\/\/www.upm.es\/recursosidi\/wp-json\/wp\/v2\/mapa?post=8370"},{"taxonomy":"disponibilidad","embeddable":true,"href":"https:\/\/www.upm.es\/recursosidi\/wp-json\/wp\/v2\/disponibilidad?post=8370"},{"taxonomy":"donde","embeddable":true,"href":"https:\/\/www.upm.es\/recursosidi\/wp-json\/wp\/v2\/donde?post=8370"},{"taxonomy":"infraestructura","embeddable":true,"href":"https:\/\/www.upm.es\/recursosidi\/wp-json\/wp\/v2\/infraestructura?post=8370"},{"taxonomy":"ods","embeddable":true,"href":"https:\/\/www.upm.es\/recursosidi\/wp-json\/wp\/v2\/ods?post=8370"},{"taxonomy":"origen","embeddable":true,"href":"https:\/\/www.upm.es\/recursosidi\/wp-json\/wp\/v2\/origen?post=8370"}],"curies":[{"name":"wp","href":"https:\/\/api.w.org\/{rel}","templated":true}]}}