{"id":8373,"date":"2021-11-25T14:04:56","date_gmt":"2021-11-25T13:04:56","guid":{"rendered":"https:\/\/www.upm.es\/recursosidi\/offers-resources\/sin categor\u00eda\/mejoras-en-el-equipo-y-en-procedimiento-para-evaluar-la-autorreparacion-de-mezclas-asfalticas\/"},"modified":"2022-08-10T02:02:12","modified_gmt":"2022-08-10T00:02:12","slug":"mejoras-en-el-equipo-y-en-procedimiento-para-evaluar-la-autorreparacion-de-mezclas-asfalticas","status":"publish","type":"product","link":"https:\/\/www.upm.es\/recursosidi\/offers-resources\/patentes\/mejoras-en-el-equipo-y-en-procedimiento-para-evaluar-la-autorreparacion-de-mezclas-asfalticas\/","title":{"rendered":"Mejoras en el equipo y en procedimiento para evaluar la autorreparaci\u00f3n de mezclas asf\u00e1lticas"},"content":{"rendered":"<h5>Descripci\u00f3n de la patente <\/h5>\n<p>Los equipos de rueda deambulante qua simulan las cargas de tr\u00e1fico sobre los firmes de carretera se emplean para el estudio de distintas propiedades de las mezclas asf\u00e1lticas, pero hasta el momento no se han empleado para el estudio del fen\u00f3meno de autorreparaci\u00f3n de la mezcla.<br \/>\nLa presente invenci\u00f3n aporta mejoras novedosas a los equipos de rueda deambulante dedicados al estudio de la reflexi\u00f3n de fisuras. Mediante la  introducci\u00f3n de cuatro nuevas piezas (13) de confinamiento lateral de la probeta de ensayo  y la inclusi\u00f3n de ciclos fr\u00edo-calor y movimientos de tracci\u00f3n y compresi\u00f3n en el procedimiento de ensayo se logra considerar la autorreparaci\u00f3n de la mezcla asf\u00e1ltica durante el proceso de fisuraci\u00f3n.<\/p>\n<h5>Situaci\u00f3n <\/h5>\n<p>Concedida<\/p>\n<h5>N\u00famero de solicitud<\/h5>\n<p>P200700205<\/p>\n<h5>N\u00famero de publicaci\u00f3n<\/h5>\n<p>ES2283229<\/p>\n<h5>Fecha de presentaci\u00f3n <\/h5>\n<p>25\/01\/2007<\/p>\n<h5>Fecha de concesi\u00f3n <\/h5>\n<p>30\/05\/2008<\/p>\n<div class=\"pdfprnt-buttons pdfprnt-buttons-product pdfprnt-bottom-left\"><a href=\"https:\/\/www.upm.es\/recursosidi\/wp-json\/wp\/v2\/product\/8373?print=pdf\" class=\"pdfprnt-button pdfprnt-button-pdf\" target=\"_blank\"><span class=\"pdfprnt-button-title pdfprnt-button-pdf-title\">Descargar ficha<\/span><\/a><\/div>","protected":false},"excerpt":{"rendered":"<p>Descripci\u00f3n de la patente Los equipos de rueda deambulante qua simulan las cargas de tr\u00e1fico sobre los firmes de carretera se emplean para el estudio&hellip;<\/p>\n","protected":false},"featured_media":0,"template":"","meta":{"_acf_changed":false},"product_cat":[3946],"product_tag":[],"comunidades-upm":[],"quien":[],"mapa":[],"disponibilidad":[],"donde":[{"term_id":564,"name":"Ingenier\u00eda de Carreteras I+D (ICID)","slug":"ingenieria-de-carreteras-id-icid","term_group":0,"term_taxonomy_id":564,"taxonomy":"donde","description":"","parent":0,"count":3,"filter":"raw","term_order":"0"}],"infraestructura":[],"ods":[],"origen":[{"term_id":180,"name":"Patente","slug":"patente","term_group":0,"term_taxonomy_id":180,"taxonomy":"origen","description":"","parent":0,"count":614,"filter":"raw","term_order":"0"}],"familia_tax":false,"quien_tax":false,"donde_tax":false,"year":"","contacto":"<strong>Principales: <\/strong><ul><li>JUAN GALLEGO MEDINA <blockquote><strong>juan.gallego@upm.es<\/strong><\/blockquote><\/li><\/ul><strong>Otros inventores UPM: <\/strong><ul><li>Nevardo Prieto Mu\u00f1oz,Jorge<\/li><\/ul>","telefono":"","pagina_web":"","email":"","id_ficha_portal":"92","video":"","adjuntos":false,"adjuntos_portal":"https:\/\/www.upm.es\/S2i\/Acuse\/recuperarArchivo.jsp?id=92&id_archivo=160&tipo=patente&extension=fichero ","inf":false,"departamento":"","acf":[],"lang":"es","translation":{"es":8373},"_links":{"self":[{"href":"https:\/\/www.upm.es\/recursosidi\/wp-json\/wp\/v2\/product\/8373"}],"collection":[{"href":"https:\/\/www.upm.es\/recursosidi\/wp-json\/wp\/v2\/product"}],"about":[{"href":"https:\/\/www.upm.es\/recursosidi\/wp-json\/wp\/v2\/types\/product"}],"wp:attachment":[{"href":"https:\/\/www.upm.es\/recursosidi\/wp-json\/wp\/v2\/media?parent=8373"}],"wp:term":[{"taxonomy":"product_cat","embeddable":true,"href":"https:\/\/www.upm.es\/recursosidi\/wp-json\/wp\/v2\/product_cat?post=8373"},{"taxonomy":"product_tag","embeddable":true,"href":"https:\/\/www.upm.es\/recursosidi\/wp-json\/wp\/v2\/product_tag?post=8373"},{"taxonomy":"comunidad_upm","embeddable":true,"href":"https:\/\/www.upm.es\/recursosidi\/wp-json\/wp\/v2\/comunidades-upm?post=8373"},{"taxonomy":"quien","embeddable":true,"href":"https:\/\/www.upm.es\/recursosidi\/wp-json\/wp\/v2\/quien?post=8373"},{"taxonomy":"mapa","embeddable":true,"href":"https:\/\/www.upm.es\/recursosidi\/wp-json\/wp\/v2\/mapa?post=8373"},{"taxonomy":"disponibilidad","embeddable":true,"href":"https:\/\/www.upm.es\/recursosidi\/wp-json\/wp\/v2\/disponibilidad?post=8373"},{"taxonomy":"donde","embeddable":true,"href":"https:\/\/www.upm.es\/recursosidi\/wp-json\/wp\/v2\/donde?post=8373"},{"taxonomy":"infraestructura","embeddable":true,"href":"https:\/\/www.upm.es\/recursosidi\/wp-json\/wp\/v2\/infraestructura?post=8373"},{"taxonomy":"ods","embeddable":true,"href":"https:\/\/www.upm.es\/recursosidi\/wp-json\/wp\/v2\/ods?post=8373"},{"taxonomy":"origen","embeddable":true,"href":"https:\/\/www.upm.es\/recursosidi\/wp-json\/wp\/v2\/origen?post=8373"}],"curies":[{"name":"wp","href":"https:\/\/api.w.org\/{rel}","templated":true}]}}