{"id":8375,"date":"2021-11-25T14:05:01","date_gmt":"2021-11-25T13:05:01","guid":{"rendered":"https:\/\/www.upm.es\/recursosidi\/offers-resources\/sin categor\u00eda\/banco-y-metodo-de-ensayo-de-equipos-electricos-frente-a-huecos-de-tension\/"},"modified":"2022-08-10T02:02:17","modified_gmt":"2022-08-10T00:02:17","slug":"banco-y-metodo-de-ensayo-de-equipos-electricos-frente-a-huecos-de-tension","status":"publish","type":"product","link":"https:\/\/www.upm.es\/recursosidi\/offers-resources\/patentes\/banco-y-metodo-de-ensayo-de-equipos-electricos-frente-a-huecos-de-tension\/","title":{"rendered":"Banco y m\u00e9todo de ensayo de equipos el\u00e9ctricos frente a huecos de tensi\u00f3n"},"content":{"rendered":"<h5>Descripci\u00f3n de la patente <\/h5>\n<p>Banco de ensayo de equipos el\u00e9ctricos frente a huecos de tensi\u00f3n que comprende un perfil programable de tensi\u00f3n consistente en:<br \/>\n(a) un m\u00f3dulo de potencia que integra una m\u00e1quina el\u00e9ctrica rotativa s\u00edncrona de (5) que dispone de un automatismo de conexi\u00f3n (14) espec\u00edfico, compuesto por al menos:<br \/>\n&#8211; cuatro elementos de maniobra (18, 19, 20 y 21) de baja o media tensi\u00f3n y<br \/>\n&#8211; un sistema integrado de limitaci\u00f3n de corriente de conmutaci\u00f3n, compuesto a su vez por, al menos:<br \/>\n&#8211; dos impedancias (22 y 23) asociadas a un sistema para adaptaci\u00f3n de tensiones (11) compuesto por dos transformadores trif\u00e1sicos iguales (15, 16), con un nivel de tensi\u00f3n asignada adaptable mediante tomas;<br \/>\ndonde dicho m\u00f3dulo el\u00e9ctrico rotativo s\u00edncrono (5) est\u00e1 accionada a trav\u00e9s de un m\u00f3dulo de accionamiento s\u00edncrono (12) que mantiene constante la velocidad de giro; y<br \/>\n(b) un sistema de control (9) sobre el sistema de potencia (5) anteriormente descrito consistente en un dispositivo programable que env\u00eda \u00f3rdenes de conexi\u00f3n y desconexi\u00f3n al automatismo de conexi\u00f3n (14) y que controla la tensi\u00f3n de excitaci\u00f3n del m\u00f3dulo (5) en funci\u00f3n de la consigna de evoluci\u00f3n temporal deseada para la tensi\u00f3n.<\/p>\n<h5>Situaci\u00f3n <\/h5>\n<p>Concedida<\/p>\n<h5>N\u00famero de solicitud<\/h5>\n<p>P200803087<\/p>\n<h5>N\u00famero de publicaci\u00f3n<\/h5>\n<p>ES2325902<\/p>\n<h5>Fecha de presentaci\u00f3n <\/h5>\n<p>30\/10\/2008<\/p>\n<h5>Fecha de concesi\u00f3n <\/h5>\n<p>21\/01\/2010<\/p>\n<div class=\"pdfprnt-buttons pdfprnt-buttons-product pdfprnt-bottom-left\"><a href=\"https:\/\/www.upm.es\/recursosidi\/wp-json\/wp\/v2\/product\/8375?print=pdf\" class=\"pdfprnt-button pdfprnt-button-pdf\" target=\"_blank\"><span class=\"pdfprnt-button-title pdfprnt-button-pdf-title\">Descargar ficha<\/span><\/a><\/div>","protected":false},"excerpt":{"rendered":"<p>Descripci\u00f3n de la patente Banco de ensayo de equipos el\u00e9ctricos frente a huecos de tensi\u00f3n que comprende un perfil programable de tensi\u00f3n consistente en: (a)&hellip;<\/p>\n","protected":false},"featured_media":0,"template":"","meta":{"_acf_changed":false},"product_cat":[3946],"product_tag":[],"comunidades-upm":[],"quien":[],"mapa":[],"disponibilidad":[],"donde":[{"term_id":546,"name":"Centro de Electr\u00f3nica Industrial (CEI)","slug":"centro-de-electronica-industrial-cei","term_group":0,"term_taxonomy_id":546,"taxonomy":"donde","description":"","parent":0,"count":25,"filter":"raw","term_order":"0"},{"term_id":374,"name":"Generaci\u00f3n el\u00e9ctrica con energ\u00eda e\u00f3lica","slug":"generacion-electrica-con-energia-eolica","term_group":0,"term_taxonomy_id":374,"taxonomy":"donde","description":"","parent":0,"count":70,"filter":"raw","term_order":"0"}],"infraestructura":[],"ods":[],"origen":[{"term_id":180,"name":"Patente","slug":"patente","term_group":0,"term_taxonomy_id":180,"taxonomy":"origen","description":"","parent":0,"count":614,"filter":"raw","term_order":"0"}],"familia_tax":false,"quien_tax":false,"donde_tax":false,"year":"","contacto":"<strong>Principales: <\/strong><ul><li>JAIME RODRIGUEZ ARRIBAS <blockquote><strong>jaime.rodriguez@upm.es<\/strong><\/blockquote><\/li><li>SERGIO MARTINEZ GONZALEZ <blockquote><strong>sergio.martinez@upm.es<\/strong><\/blockquote><\/li><li>NIEVES HERRERO MARTINEZ <blockquote><strong>nieves.herrero@upm.es<\/strong><\/blockquote><\/li><li>JOSE ANGEL SANCHEZ FERNANDEZ <blockquote><strong>joseangel.sanchez@upm.es<\/strong><\/blockquote><\/li><li>FRANCISCO BLAZQUEZ GARCIA <blockquote><strong>francisco.blazquez@upm.es<\/strong><\/blockquote><\/li><li>CARLOS VEGANZONES NICOLAS <blockquote><strong>carlos.veganzones@upm.es<\/strong><\/blockquote><\/li><li>DIONISIO RAMIREZ PRIETO <blockquote><strong>dionisio.ramirez@upm.es<\/strong><\/blockquote><\/li><li>CARLOS ANTONIO PLATERO GAONA <blockquote><strong>carlosantonio.platero@upm.es<\/strong><\/blockquote><\/li><\/ul>","telefono":"","pagina_web":"","email":"","id_ficha_portal":"256","video":"","adjuntos":false,"adjuntos_portal":"https:\/\/www.upm.es\/S2i\/Acuse\/recuperarArchivo.jsp?id=256&id_archivo=38&tipo=patente&extension=fichero ","inf":false,"departamento":"","acf":[],"lang":"es","translation":{"es":8375},"_links":{"self":[{"href":"https:\/\/www.upm.es\/recursosidi\/wp-json\/wp\/v2\/product\/8375"}],"collection":[{"href":"https:\/\/www.upm.es\/recursosidi\/wp-json\/wp\/v2\/product"}],"about":[{"href":"https:\/\/www.upm.es\/recursosidi\/wp-json\/wp\/v2\/types\/product"}],"wp:attachment":[{"href":"https:\/\/www.upm.es\/recursosidi\/wp-json\/wp\/v2\/media?parent=8375"}],"wp:term":[{"taxonomy":"product_cat","embeddable":true,"href":"https:\/\/www.upm.es\/recursosidi\/wp-json\/wp\/v2\/product_cat?post=8375"},{"taxonomy":"product_tag","embeddable":true,"href":"https:\/\/www.upm.es\/recursosidi\/wp-json\/wp\/v2\/product_tag?post=8375"},{"taxonomy":"comunidad_upm","embeddable":true,"href":"https:\/\/www.upm.es\/recursosidi\/wp-json\/wp\/v2\/comunidades-upm?post=8375"},{"taxonomy":"quien","embeddable":true,"href":"https:\/\/www.upm.es\/recursosidi\/wp-json\/wp\/v2\/quien?post=8375"},{"taxonomy":"mapa","embeddable":true,"href":"https:\/\/www.upm.es\/recursosidi\/wp-json\/wp\/v2\/mapa?post=8375"},{"taxonomy":"disponibilidad","embeddable":true,"href":"https:\/\/www.upm.es\/recursosidi\/wp-json\/wp\/v2\/disponibilidad?post=8375"},{"taxonomy":"donde","embeddable":true,"href":"https:\/\/www.upm.es\/recursosidi\/wp-json\/wp\/v2\/donde?post=8375"},{"taxonomy":"infraestructura","embeddable":true,"href":"https:\/\/www.upm.es\/recursosidi\/wp-json\/wp\/v2\/infraestructura?post=8375"},{"taxonomy":"ods","embeddable":true,"href":"https:\/\/www.upm.es\/recursosidi\/wp-json\/wp\/v2\/ods?post=8375"},{"taxonomy":"origen","embeddable":true,"href":"https:\/\/www.upm.es\/recursosidi\/wp-json\/wp\/v2\/origen?post=8375"}],"curies":[{"name":"wp","href":"https:\/\/api.w.org\/{rel}","templated":true}]}}