{"id":8377,"date":"2021-11-25T14:05:06","date_gmt":"2021-11-25T13:05:06","guid":{"rendered":"https:\/\/www.upm.es\/recursosidi\/offers-resources\/sin categor\u00eda\/fuente-de-alimentacion-para-amplificadores-de-rf-que-utilizan-la-tecnica-eer\/"},"modified":"2022-08-10T02:02:23","modified_gmt":"2022-08-10T00:02:23","slug":"fuente-de-alimentacion-para-amplificadores-de-rf-que-utilizan-la-tecnica-eer","status":"publish","type":"product","link":"https:\/\/www.upm.es\/recursosidi\/offers-resources\/patentes\/fuente-de-alimentacion-para-amplificadores-de-rf-que-utilizan-la-tecnica-eer\/","title":{"rendered":"Fuente de alimentaci\u00f3n para amplificadores de RF que utilizan la t\u00e9cnica EER"},"content":{"rendered":"<h5>Descripci\u00f3n de la patente <\/h5>\n<p>Fuente de alimentaci\u00f3n para amplificadores de RF que utilizan la t\u00e9cnica EER, que genera una se\u00f1al de salida de tensi\u00f3n (4) amplificada y proporcional a una se\u00f1al de referencia (5), que comprende:<br \/>\n&#8211; un convertidor multinivel (1) de n niveles, comprendiendo n celdas (11) conectadas en serie para obtener la tensi\u00f3n de salida del convertidor multinivel Vmultinivel (3);<br \/>\n&#8211; una unidad de control de disparo (21) configurado para controlar las n celdas (11) del convertidor (1) en funci\u00f3n de la se\u00f1al de referencia (5);<br \/>\n-un filtro de retraso (23) configurado para retrasar la se\u00f1al de referencia (5), compensando el retraso producido en la tensi\u00f3n de salida (3) del convertidor (1) con respecto a la se\u00f1al de referencia (5);<br \/>\n&#8211; un regulador lineal (2) alimentado por la tensi\u00f3n Vmultinivel (3), encargado de obtener una se\u00f1al de salida de tensi\u00f3n (4) amplificada y proporcional a la se\u00f1al de referencia (5) en funci\u00f3n de la se\u00f1al de referencia retrasada.<\/p>\n<h5>Situaci\u00f3n <\/h5>\n<p>Concedida<\/p>\n<h5>N\u00famero de solicitud<\/h5>\n<p>P200803324<\/p>\n<h5>N\u00famero de publicaci\u00f3n<\/h5>\n<p>ES2319251<\/p>\n<h5>Fecha de presentaci\u00f3n <\/h5>\n<p>21\/11\/2008<\/p>\n<h5>Fecha de concesi\u00f3n <\/h5>\n<p>09\/09\/2009<\/p>\n<div class=\"pdfprnt-buttons pdfprnt-buttons-product pdfprnt-bottom-left\"><a href=\"https:\/\/www.upm.es\/recursosidi\/wp-json\/wp\/v2\/product\/8377?print=pdf\" class=\"pdfprnt-button pdfprnt-button-pdf\" target=\"_blank\"><span class=\"pdfprnt-button-title pdfprnt-button-pdf-title\">Descargar ficha<\/span><\/a><\/div>","protected":false},"excerpt":{"rendered":"<p>Descripci\u00f3n de la patente Fuente de alimentaci\u00f3n para amplificadores de RF que utilizan la t\u00e9cnica EER, que genera una se\u00f1al de salida de tensi\u00f3n (4)&hellip;<\/p>\n","protected":false},"featured_media":0,"template":"","meta":{"_acf_changed":false},"product_cat":[3946],"product_tag":[],"comunidades-upm":[],"quien":[],"mapa":[],"disponibilidad":[],"donde":[{"term_id":546,"name":"Centro de Electr\u00f3nica Industrial (CEI)","slug":"centro-de-electronica-industrial-cei","term_group":0,"term_taxonomy_id":546,"taxonomy":"donde","description":"","parent":0,"count":25,"filter":"raw","term_order":"0"},{"term_id":362,"name":"Grupo de Electr\u00f3nica Industrial","slug":"grupo-de-electronica-industrial","term_group":0,"term_taxonomy_id":362,"taxonomy":"donde","description":"","parent":0,"count":6,"filter":"raw","term_order":"0"},{"term_id":3496,"name":"Grupo en Tecnolog\u00eda Electr\u00f3nica Aplicada (GTEA)","slug":"grupo-en-tecnologia-electronica-aplicada-gtea","term_group":0,"term_taxonomy_id":3496,"taxonomy":"donde","description":"","parent":0,"count":3,"filter":"raw","term_order":"0"}],"infraestructura":[],"ods":[],"origen":[{"term_id":180,"name":"Patente","slug":"patente","term_group":0,"term_taxonomy_id":180,"taxonomy":"origen","description":"","parent":0,"count":614,"filter":"raw","term_order":"0"}],"familia_tax":false,"quien_tax":false,"donde_tax":false,"year":"","contacto":"<strong>Principales: <\/strong><ul><li>PEDRO ALOU CERVERA <blockquote><strong>pedro.alou@upm.es<\/strong><\/blockquote><\/li><li>JESUS ANGEL OLIVER RAMIREZ <blockquote><strong>jesusangel.oliver@upm.es<\/strong><\/blockquote><\/li><li>ROBERTO PRIETO LOPEZ <blockquote><strong>roberto.prieto@upm.es<\/strong><\/blockquote><\/li><li>JOSE ANTONIO COBOS MARQUEZ <blockquote><strong>ja.cobos@upm.es<\/strong><\/blockquote><\/li><li>MIROSLAV VASIC  <blockquote><strong>miroslav.vasic@upm.es<\/strong><\/blockquote><\/li><li>DANIEL D\u00cdAZ L\u00d3PEZ <blockquote><strong>daniel.diaz@upm.es<\/strong><\/blockquote><\/li><li>OSCAR GARCIA SUAREZ <blockquote><strong>o.garcia@upm.es<\/strong><\/blockquote><\/li><\/ul>","telefono":"","pagina_web":"","email":"","id_ficha_portal":"277","video":"","adjuntos":false,"adjuntos_portal":"https:\/\/www.upm.es\/S2i\/Acuse\/recuperarArchivo.jsp?id=277&id_archivo=73&tipo=patente&extension=fichero ","inf":false,"departamento":"","acf":[],"lang":"es","translation":{"es":8377},"_links":{"self":[{"href":"https:\/\/www.upm.es\/recursosidi\/wp-json\/wp\/v2\/product\/8377"}],"collection":[{"href":"https:\/\/www.upm.es\/recursosidi\/wp-json\/wp\/v2\/product"}],"about":[{"href":"https:\/\/www.upm.es\/recursosidi\/wp-json\/wp\/v2\/types\/product"}],"wp:attachment":[{"href":"https:\/\/www.upm.es\/recursosidi\/wp-json\/wp\/v2\/media?parent=8377"}],"wp:term":[{"taxonomy":"product_cat","embeddable":true,"href":"https:\/\/www.upm.es\/recursosidi\/wp-json\/wp\/v2\/product_cat?post=8377"},{"taxonomy":"product_tag","embeddable":true,"href":"https:\/\/www.upm.es\/recursosidi\/wp-json\/wp\/v2\/product_tag?post=8377"},{"taxonomy":"comunidad_upm","embeddable":true,"href":"https:\/\/www.upm.es\/recursosidi\/wp-json\/wp\/v2\/comunidades-upm?post=8377"},{"taxonomy":"quien","embeddable":true,"href":"https:\/\/www.upm.es\/recursosidi\/wp-json\/wp\/v2\/quien?post=8377"},{"taxonomy":"mapa","embeddable":true,"href":"https:\/\/www.upm.es\/recursosidi\/wp-json\/wp\/v2\/mapa?post=8377"},{"taxonomy":"disponibilidad","embeddable":true,"href":"https:\/\/www.upm.es\/recursosidi\/wp-json\/wp\/v2\/disponibilidad?post=8377"},{"taxonomy":"donde","embeddable":true,"href":"https:\/\/www.upm.es\/recursosidi\/wp-json\/wp\/v2\/donde?post=8377"},{"taxonomy":"infraestructura","embeddable":true,"href":"https:\/\/www.upm.es\/recursosidi\/wp-json\/wp\/v2\/infraestructura?post=8377"},{"taxonomy":"ods","embeddable":true,"href":"https:\/\/www.upm.es\/recursosidi\/wp-json\/wp\/v2\/ods?post=8377"},{"taxonomy":"origen","embeddable":true,"href":"https:\/\/www.upm.es\/recursosidi\/wp-json\/wp\/v2\/origen?post=8377"}],"curies":[{"name":"wp","href":"https:\/\/api.w.org\/{rel}","templated":true}]}}