{"id":8378,"date":"2021-11-25T14:05:09","date_gmt":"2021-11-25T13:05:09","guid":{"rendered":"https:\/\/www.upm.es\/recursosidi\/offers-resources\/sin categor\u00eda\/sistema-y-procedimiento-estimulador-neumatico-somatosensorial-de-sincronizacion-automatica\/"},"modified":"2022-08-10T02:02:26","modified_gmt":"2022-08-10T00:02:26","slug":"sistema-y-procedimiento-estimulador-neumatico-somatosensorial-de-sincronizacion-automatica","status":"publish","type":"product","link":"https:\/\/www.upm.es\/recursosidi\/offers-resources\/patentes\/sistema-y-procedimiento-estimulador-neumatico-somatosensorial-de-sincronizacion-automatica\/","title":{"rendered":"Sistema y procedimiento estimulador neum\u00e1tico somatosensorial de sincronizaci\u00f3n autom\u00e1tica"},"content":{"rendered":"<h5>Descripci\u00f3n de la patente <\/h5>\n<p>Sistema estimulador neum\u00e1tico somatosensorial de sincronizaci\u00f3n autom\u00e1tica con dispositivos de magnetoencefalograf\u00eda y\/o resonancia magn\u00e9tica que disponen de trigger que comprende:<br \/>\n&#8211; Un primer subsistema de gesti\u00f3n que comprende un ordenador port\u00e1til (7).<br \/>\n&#8211; Un segundo subsistema de control que comprende una tarjeta de adquisici\u00f3n de datos (9) que sincroniza autom\u00e1ticamente las se\u00f1ales generadas por el ordenador (7) y la informaci\u00f3n recibida del trigger (10) del dispositivo de medici\u00f3n, estando comunicado con el sistema de v\u00e1lvulas del subsistema mec\u00e1nico a trav\u00e9s de al menos un cable de conexi\u00f3n,<br \/>\n&#8211; Un tercer subsistema mec\u00e1nico que comprende un sistema de al menos dos v\u00e1lvulas una proporcional (14) y otra no proporcional (15) que se conectan al subsistema aplicador,<br \/>\n&#8211; Un cuarto subsistema aplicador, que comprende un soporte aplicador (2) con al menos dos conexiones (4, 5) a las v\u00e1lvulas del m\u00f3dulo mec\u00e1nico que regulan el movimiento de extensi\u00f3n y retracci\u00f3n de un pist\u00f3n (1).<\/p>\n<h5>Situaci\u00f3n <\/h5>\n<p>Concedida<\/p>\n<h5>N\u00famero de solicitud<\/h5>\n<p>P200803750<\/p>\n<h5>N\u00famero de publicaci\u00f3n<\/h5>\n<p>ES2316331<\/p>\n<h5>Fecha de presentaci\u00f3n <\/h5>\n<p>30\/12\/2008<\/p>\n<h5>Fecha de concesi\u00f3n <\/h5>\n<p>07\/10\/2009<\/p>\n<div class=\"pdfprnt-buttons pdfprnt-buttons-product pdfprnt-bottom-left\"><a href=\"https:\/\/www.upm.es\/recursosidi\/wp-json\/wp\/v2\/product\/8378?print=pdf\" class=\"pdfprnt-button pdfprnt-button-pdf\" target=\"_blank\"><span class=\"pdfprnt-button-title pdfprnt-button-pdf-title\">Descargar ficha<\/span><\/a><\/div>","protected":false},"excerpt":{"rendered":"<p>Descripci\u00f3n de la patente Sistema estimulador neum\u00e1tico somatosensorial de sincronizaci\u00f3n autom\u00e1tica con dispositivos de magnetoencefalograf\u00eda y\/o resonancia magn\u00e9tica que disponen de trigger que comprende: &#8211;&hellip;<\/p>\n","protected":false},"featured_media":0,"template":"","meta":{"_acf_changed":false},"product_cat":[3946],"product_tag":[],"comunidades-upm":[],"quien":[],"mapa":[],"disponibilidad":[],"donde":[{"term_id":556,"name":"Centro de Tecnolog\u00eda Biom\u00e9dica (CTB)","slug":"centro-de-tecnologia-biomedica-ctb","term_group":0,"term_taxonomy_id":556,"taxonomy":"donde","description":"","parent":0,"count":84,"filter":"raw","term_order":"0"},{"term_id":620,"name":"Tecnolog\u00edas para Ciencias de la Salud","slug":"tecnologias-para-ciencias-de-la-salud","term_group":0,"term_taxonomy_id":620,"taxonomy":"donde","description":"","parent":0,"count":21,"filter":"raw","term_order":"0"}],"infraestructura":[],"ods":[],"origen":[{"term_id":180,"name":"Patente","slug":"patente","term_group":0,"term_taxonomy_id":180,"taxonomy":"origen","description":"","parent":0,"count":614,"filter":"raw","term_order":"0"}],"familia_tax":false,"quien_tax":false,"donde_tax":false,"year":"","contacto":"<strong>Principales: <\/strong><ul><li>FRANCISCO DEL POZO GUERRERO <blockquote><strong>francisco.delpozo@upm.es<\/strong><\/blockquote><\/li><li>CEFERINO MAESTU UNTURBE <blockquote><strong>ceferino.maestu@upm.es<\/strong><\/blockquote><\/li><\/ul><strong>Otros inventores UPM: <\/strong><ul><li>\u00c1lvaro Cort\u00e9s de Castro<\/li><li>Jos\u00e9 Manuel V\u00e1zquez M\u00e9ndez<\/li><li>Emmanuele Tenenbaum (externo)<\/li><\/ul>","telefono":"","pagina_web":"","email":"","id_ficha_portal":"282","video":"","adjuntos":false,"adjuntos_portal":"https:\/\/www.upm.es\/S2i\/Acuse\/recuperarArchivo.jsp?id=282&id_archivo=154&tipo=patente&extension=fichero ","inf":false,"departamento":"","acf":[],"lang":"es","translation":{"es":8378},"_links":{"self":[{"href":"https:\/\/www.upm.es\/recursosidi\/wp-json\/wp\/v2\/product\/8378"}],"collection":[{"href":"https:\/\/www.upm.es\/recursosidi\/wp-json\/wp\/v2\/product"}],"about":[{"href":"https:\/\/www.upm.es\/recursosidi\/wp-json\/wp\/v2\/types\/product"}],"wp:attachment":[{"href":"https:\/\/www.upm.es\/recursosidi\/wp-json\/wp\/v2\/media?parent=8378"}],"wp:term":[{"taxonomy":"product_cat","embeddable":true,"href":"https:\/\/www.upm.es\/recursosidi\/wp-json\/wp\/v2\/product_cat?post=8378"},{"taxonomy":"product_tag","embeddable":true,"href":"https:\/\/www.upm.es\/recursosidi\/wp-json\/wp\/v2\/product_tag?post=8378"},{"taxonomy":"comunidad_upm","embeddable":true,"href":"https:\/\/www.upm.es\/recursosidi\/wp-json\/wp\/v2\/comunidades-upm?post=8378"},{"taxonomy":"quien","embeddable":true,"href":"https:\/\/www.upm.es\/recursosidi\/wp-json\/wp\/v2\/quien?post=8378"},{"taxonomy":"mapa","embeddable":true,"href":"https:\/\/www.upm.es\/recursosidi\/wp-json\/wp\/v2\/mapa?post=8378"},{"taxonomy":"disponibilidad","embeddable":true,"href":"https:\/\/www.upm.es\/recursosidi\/wp-json\/wp\/v2\/disponibilidad?post=8378"},{"taxonomy":"donde","embeddable":true,"href":"https:\/\/www.upm.es\/recursosidi\/wp-json\/wp\/v2\/donde?post=8378"},{"taxonomy":"infraestructura","embeddable":true,"href":"https:\/\/www.upm.es\/recursosidi\/wp-json\/wp\/v2\/infraestructura?post=8378"},{"taxonomy":"ods","embeddable":true,"href":"https:\/\/www.upm.es\/recursosidi\/wp-json\/wp\/v2\/ods?post=8378"},{"taxonomy":"origen","embeddable":true,"href":"https:\/\/www.upm.es\/recursosidi\/wp-json\/wp\/v2\/origen?post=8378"}],"curies":[{"name":"wp","href":"https:\/\/api.w.org\/{rel}","templated":true}]}}