{"id":8380,"date":"2021-11-25T14:05:14","date_gmt":"2021-11-25T13:05:14","guid":{"rendered":"https:\/\/www.upm.es\/recursosidi\/offers-resources\/sin categor\u00eda\/procedimiento-de-irradiacion-electromagnetica-de-la-hierba-y-sus-usos-para-el-cuidado-y-mantenimiento-de-la-hierba\/"},"modified":"2022-08-10T02:02:32","modified_gmt":"2022-08-10T00:02:32","slug":"procedimiento-de-irradiacion-electromagnetica-de-la-hierba-y-sus-usos-para-el-cuidado-y-mantenimiento-de-la-hierba","status":"publish","type":"product","link":"https:\/\/www.upm.es\/recursosidi\/offers-resources\/patentes\/procedimiento-de-irradiacion-electromagnetica-de-la-hierba-y-sus-usos-para-el-cuidado-y-mantenimiento-de-la-hierba\/","title":{"rendered":"Procedimiento de irradiaci\u00f3n electromagn\u00e9tica de la hierba y sus usos para el cuidado y mantenimiento de la hierba"},"content":{"rendered":"<h5>Descripci\u00f3n de la patente <\/h5>\n<p>Los sistemas de aceleraci\u00f3n del crecimiento de los c\u00e9spedes, gram\u00edneas o hierbas est\u00e1n basados en la utilizaci\u00f3n de abonos cada vez m\u00e1s eficientes o en el uso de nuevas plantas tratadas gen\u00e9ticamente. El autor plantea utilizar como sistema alternativo acelerador del crecimiento del c\u00e9sped la radiaci\u00f3n electromagn\u00e9tica comprendida entre 1-100 GHz. La irradiaci\u00f3n ha de ser de baja potencia para asegurar la inocuidad de la misma a los organismos que son simbiontes con las plantas.<br \/>\nEl autor tambi\u00e9n plantea la utilizaci\u00f3n del propio procedimiento irradiaci\u00f3n del c\u00e9sped como sistema de protecci\u00f3n frente a las heladas.<br \/>\nLas principales aplicaciones de la presente invenci\u00f3n est\u00e1n en todos aquellos lugares con c\u00e9spedes de importante valor econ\u00f3mico o hist\u00f3rico como son los que se  encuentran en entornos urbanos o deportivos.<\/p>\n<h5>Situaci\u00f3n <\/h5>\n<p>Concedida<\/p>\n<h5>N\u00famero de solicitud<\/h5>\n<p>P200202450<\/p>\n<h5>N\u00famero de publicaci\u00f3n<\/h5>\n<p>ES2221540<\/p>\n<h5>Fecha de presentaci\u00f3n <\/h5>\n<p>23\/09\/2002<\/p>\n<h5>Fecha de concesi\u00f3n <\/h5>\n<p>03\/07\/2006<\/p>\n<div class=\"pdfprnt-buttons pdfprnt-buttons-product pdfprnt-bottom-left\"><a href=\"https:\/\/www.upm.es\/recursosidi\/wp-json\/wp\/v2\/product\/8380?print=pdf\" class=\"pdfprnt-button pdfprnt-button-pdf\" target=\"_blank\"><span class=\"pdfprnt-button-title pdfprnt-button-pdf-title\">Descargar ficha<\/span><\/a><\/div>","protected":false},"excerpt":{"rendered":"<p>Descripci\u00f3n de la patente Los sistemas de aceleraci\u00f3n del crecimiento de los c\u00e9spedes, gram\u00edneas o hierbas est\u00e1n basados en la utilizaci\u00f3n de abonos cada vez&hellip;<\/p>\n","protected":false},"featured_media":0,"template":"","meta":{"_acf_changed":false},"product_cat":[3946],"product_tag":[],"comunidades-upm":[],"quien":[],"mapa":[],"disponibilidad":[],"donde":[{"term_id":3973,"name":"DIEMAG: Desarrollo e Investigaci\u00f3n Electromagn\u00e9tica","slug":"diemag-desarrollo-e-investigacion-electromagnetica","term_group":0,"term_taxonomy_id":3973,"taxonomy":"donde","description":"","parent":0,"count":1,"filter":"raw","term_order":"0"}],"infraestructura":[],"ods":[],"origen":[{"term_id":180,"name":"Patente","slug":"patente","term_group":0,"term_taxonomy_id":180,"taxonomy":"origen","description":"","parent":0,"count":614,"filter":"raw","term_order":"0"}],"familia_tax":false,"quien_tax":false,"donde_tax":false,"year":"","contacto":"<strong>Principales: <\/strong><ul><li>VICENTE GONZALEZ POSADAS <blockquote><strong>vicente.gonzalez@upm.es<\/strong><\/blockquote><\/li><\/ul>","telefono":"","pagina_web":"","email":"","id_ficha_portal":"5","video":"","adjuntos":false,"adjuntos_portal":"https:\/\/www.upm.es\/S2i\/Acuse\/recuperarArchivo.jsp?id=5&id_archivo=78&tipo=patente&extension=fichero ","inf":false,"departamento":"","acf":[],"lang":"es","translation":{"es":8380},"_links":{"self":[{"href":"https:\/\/www.upm.es\/recursosidi\/wp-json\/wp\/v2\/product\/8380"}],"collection":[{"href":"https:\/\/www.upm.es\/recursosidi\/wp-json\/wp\/v2\/product"}],"about":[{"href":"https:\/\/www.upm.es\/recursosidi\/wp-json\/wp\/v2\/types\/product"}],"wp:attachment":[{"href":"https:\/\/www.upm.es\/recursosidi\/wp-json\/wp\/v2\/media?parent=8380"}],"wp:term":[{"taxonomy":"product_cat","embeddable":true,"href":"https:\/\/www.upm.es\/recursosidi\/wp-json\/wp\/v2\/product_cat?post=8380"},{"taxonomy":"product_tag","embeddable":true,"href":"https:\/\/www.upm.es\/recursosidi\/wp-json\/wp\/v2\/product_tag?post=8380"},{"taxonomy":"comunidad_upm","embeddable":true,"href":"https:\/\/www.upm.es\/recursosidi\/wp-json\/wp\/v2\/comunidades-upm?post=8380"},{"taxonomy":"quien","embeddable":true,"href":"https:\/\/www.upm.es\/recursosidi\/wp-json\/wp\/v2\/quien?post=8380"},{"taxonomy":"mapa","embeddable":true,"href":"https:\/\/www.upm.es\/recursosidi\/wp-json\/wp\/v2\/mapa?post=8380"},{"taxonomy":"disponibilidad","embeddable":true,"href":"https:\/\/www.upm.es\/recursosidi\/wp-json\/wp\/v2\/disponibilidad?post=8380"},{"taxonomy":"donde","embeddable":true,"href":"https:\/\/www.upm.es\/recursosidi\/wp-json\/wp\/v2\/donde?post=8380"},{"taxonomy":"infraestructura","embeddable":true,"href":"https:\/\/www.upm.es\/recursosidi\/wp-json\/wp\/v2\/infraestructura?post=8380"},{"taxonomy":"ods","embeddable":true,"href":"https:\/\/www.upm.es\/recursosidi\/wp-json\/wp\/v2\/ods?post=8380"},{"taxonomy":"origen","embeddable":true,"href":"https:\/\/www.upm.es\/recursosidi\/wp-json\/wp\/v2\/origen?post=8380"}],"curies":[{"name":"wp","href":"https:\/\/api.w.org\/{rel}","templated":true}]}}