{"id":8383,"date":"2021-11-25T14:05:21","date_gmt":"2021-11-25T13:05:21","guid":{"rendered":"https:\/\/www.upm.es\/recursosidi\/offers-resources\/sin%20categor\u00eda\/material-de-construccion-reforzado-con-fibras\/"},"modified":"2022-08-10T02:02:40","modified_gmt":"2022-08-10T00:02:40","slug":"material-de-construccion-reforzado-con-fibras","status":"publish","type":"product","link":"https:\/\/www.upm.es\/recursosidi\/offers-resources\/patentes\/material-de-construccion-reforzado-con-fibras\/","title":{"rendered":"Material de construcci\u00f3n reforzado con fibras"},"content":{"rendered":"<h5>Descripci\u00f3n de la patente <\/h5>\n<p>La presente invenci\u00f3n consiste en un material con el que se consigue un yeso o una escayola muy resistente para la elaboraci\u00f3n de placas prefabricadas de gran formato para su uso en  la construcci\u00f3n que resuelve en gran medida las limitaciones del yeso o escayola como son su m\u00ednima resistencia mec\u00e1nica, sus r\u00e1pidos tiempos de fraguado as\u00ed como la fisuraci\u00f3n de juntas.<\/p>\n<p>Este material est\u00e1 constituido por cualquier tipo de yeso o escayola como matriz principal, con adiciones binarias de fibras de polipropileno y dispersiones de melamina formaldeh\u00eddo y permite alcanzar valores de rotura a flexotracci\u00f3n del mismo orden de magnitud que los valores de rotura que se obtienen a compresi\u00f3n.<\/p>\n<p>Material constituido por cualquier tipo de yeso o escayola, como matriz principal, preferiblemente escayola E-35 o similar, con relaci\u00f3n agua\/yeso del 0.7, y adiciones binarias del:<br \/>\n&#8211;\t2% de fibras cortadas de polipropileno (longitud 25 mm, di\u00e1metros 6-10 deniers).<br \/>\n&#8211;\t0.5% de dispersi\u00f3n de melamina formaldeh\u00eddo. (Melment F-10 o L-10).<br \/>\nPorcentajes calculados en peso.<\/p>\n<p>Material con el que se consigue un yeso o una escayola muy resistente, para la elaboraci\u00f3n de placas prefabricadas de gran formato para uso en construcci\u00f3n, consiguiendo los siguientes aumentos:<br \/>\nEn probetas prism\u00e1ticas (con respecto a escayolas sin aditivar) del:<br \/>\n&#8211;\t123,3%. (flexotracci\u00f3n).<br \/>\n&#8211;\t900% (impacto).<br \/>\nEn placas (flexotracci\u00f3n) del:<br \/>\n&#8211;\t94.54 % con respecto a placas de escayola con 2% de fibra de vidrio.<br \/>\n&#8211;\t\t\t86.51 % con respecto a placas de cart\u00f3n \u00bf yeso.<\/p>\n<h5>N\u00famero de solicitud<\/h5>\n<p>P200102532<\/p>\n<h5>N\u00famero de publicaci\u00f3n<\/h5>\n<p>ES2187301<\/p>\n<h5>Fecha de presentaci\u00f3n <\/h5>\n<p>15\/11\/2001<\/p>\n<h5>Fecha de concesi\u00f3n <\/h5>\n<p>08\/03\/2004<\/p>\n<div class=\"pdfprnt-buttons pdfprnt-buttons-product pdfprnt-bottom-left\"><a href=\"https:\/\/www.upm.es\/recursosidi\/wp-json\/wp\/v2\/product\/8383?print=pdf\" class=\"pdfprnt-button pdfprnt-button-pdf\" target=\"_blank\"><span class=\"pdfprnt-button-title pdfprnt-button-pdf-title\">Descargar ficha<\/span><\/a><\/div>","protected":false},"excerpt":{"rendered":"<p>Descripci\u00f3n de la patente La presente invenci\u00f3n consiste en un material con el que se consigue un yeso o una escayola muy resistente para la&hellip;<\/p>\n","protected":false},"featured_media":0,"template":"","meta":{"_acf_changed":false},"product_cat":[3946],"product_tag":[],"comunidades-upm":[],"quien":[],"mapa":[],"disponibilidad":[],"donde":[{"term_id":42,"name":"UPM","slug":"upm","term_group":0,"term_taxonomy_id":42,"taxonomy":"donde","description":"Universidad Polit\u00e9cnica de Madrid\r\nHTML \"Lorem ipsum dolor sit amet, consectetur adipiscing elit, sed do eiusmod tempor incididunt ut labore et dolore magna aliqua. Ut enim ad minim veniam, quis nostrud exercitation ullamco laboris nisi ut aliquip ex ea commodo consequat. Duis aute irure dolor in reprehenderit in voluptate velit esse cillum dolore eu fugiat nulla pariatur. Excepteur sint occaecat cupidatat non proident, sunt in culpa qui officia deserunt mollit anim id est laborum.\"","parent":0,"count":146,"filter":"raw","term_order":"0"}],"infraestructura":[],"ods":[],"origen":[{"term_id":180,"name":"Patente","slug":"patente","term_group":0,"term_taxonomy_id":180,"taxonomy":"origen","description":"","parent":0,"count":614,"filter":"raw","term_order":"0"}],"familia_tax":false,"quien_tax":false,"donde_tax":false,"year":"","contacto":"<ul><li><blockquote><strong>otri.investigacion@upm.es<\/strong><\/blockquote><\/li><\/ul>","telefono":"","pagina_web":"","email":"","id_ficha_portal":"27","video":"","adjuntos":false,"adjuntos_portal":"","inf":false,"departamento":"","acf":[],"lang":"es","translation":{"es":8383},"_links":{"self":[{"href":"https:\/\/www.upm.es\/recursosidi\/wp-json\/wp\/v2\/product\/8383"}],"collection":[{"href":"https:\/\/www.upm.es\/recursosidi\/wp-json\/wp\/v2\/product"}],"about":[{"href":"https:\/\/www.upm.es\/recursosidi\/wp-json\/wp\/v2\/types\/product"}],"wp:attachment":[{"href":"https:\/\/www.upm.es\/recursosidi\/wp-json\/wp\/v2\/media?parent=8383"}],"wp:term":[{"taxonomy":"product_cat","embeddable":true,"href":"https:\/\/www.upm.es\/recursosidi\/wp-json\/wp\/v2\/product_cat?post=8383"},{"taxonomy":"product_tag","embeddable":true,"href":"https:\/\/www.upm.es\/recursosidi\/wp-json\/wp\/v2\/product_tag?post=8383"},{"taxonomy":"comunidad_upm","embeddable":true,"href":"https:\/\/www.upm.es\/recursosidi\/wp-json\/wp\/v2\/comunidades-upm?post=8383"},{"taxonomy":"quien","embeddable":true,"href":"https:\/\/www.upm.es\/recursosidi\/wp-json\/wp\/v2\/quien?post=8383"},{"taxonomy":"mapa","embeddable":true,"href":"https:\/\/www.upm.es\/recursosidi\/wp-json\/wp\/v2\/mapa?post=8383"},{"taxonomy":"disponibilidad","embeddable":true,"href":"https:\/\/www.upm.es\/recursosidi\/wp-json\/wp\/v2\/disponibilidad?post=8383"},{"taxonomy":"donde","embeddable":true,"href":"https:\/\/www.upm.es\/recursosidi\/wp-json\/wp\/v2\/donde?post=8383"},{"taxonomy":"infraestructura","embeddable":true,"href":"https:\/\/www.upm.es\/recursosidi\/wp-json\/wp\/v2\/infraestructura?post=8383"},{"taxonomy":"ods","embeddable":true,"href":"https:\/\/www.upm.es\/recursosidi\/wp-json\/wp\/v2\/ods?post=8383"},{"taxonomy":"origen","embeddable":true,"href":"https:\/\/www.upm.es\/recursosidi\/wp-json\/wp\/v2\/origen?post=8383"}],"curies":[{"name":"wp","href":"https:\/\/api.w.org\/{rel}","templated":true}]}}