{"id":8384,"date":"2021-11-25T14:05:24","date_gmt":"2021-11-25T13:05:24","guid":{"rendered":"https:\/\/www.upm.es\/recursosidi\/offers-resources\/sin%20categor\u00eda\/tecnica-y-un-metodo-para-la-medida-continua-simultanea-y-automatica-de-la-velocidad-del-sonido-y-la-densidad-en-liquidos-y-disoluciones\/"},"modified":"2022-08-10T02:02:43","modified_gmt":"2022-08-10T00:02:43","slug":"tecnica-y-un-metodo-para-la-medida-continua-simultanea-y-automatica-de-la-velocidad-del-sonido-y-la-densidad-en-liquidos-y-disoluciones","status":"publish","type":"product","link":"https:\/\/www.upm.es\/recursosidi\/offers-resources\/patentes\/tecnica-y-un-metodo-para-la-medida-continua-simultanea-y-automatica-de-la-velocidad-del-sonido-y-la-densidad-en-liquidos-y-disoluciones\/","title":{"rendered":"T\u00e9cnica  y un m\u00e9todo para la medida continua, simult\u00e1nea y autom\u00e1tica de la velocidad del sonido y la densidad en l\u00edquidos y disoluciones"},"content":{"rendered":"<h5>Descripci\u00f3n de la patente <\/h5>\n<p>La t\u00e9cnica autom\u00e1tica y el  m\u00e9todo para la medida continua de la velocidad del sonido y la densidad en l\u00edquidos y disoluciones consiste en un conjunto de instrumentos que, convenientemente acoplados y comunidados via interfases, permiten la digitalizaci\u00f3n de las se\u00f1ales ultras\u00f3nicas emitidas por un transductor y la computarizaci\u00f3n  de las medidas de velocidad del sonido y de la densidad..<\/p>\n<h5>N\u00famero de solicitud<\/h5>\n<p>P200101592<\/p>\n<h5>N\u00famero de publicaci\u00f3n<\/h5>\n<p>ES2235556<\/p>\n<h5>Fecha de presentaci\u00f3n <\/h5>\n<p>06\/07\/2001<\/p>\n<h5>Fecha de concesi\u00f3n <\/h5>\n<p>17\/05\/2006<\/p>\n<div class=\"pdfprnt-buttons pdfprnt-buttons-product pdfprnt-bottom-left\"><a href=\"https:\/\/www.upm.es\/recursosidi\/wp-json\/wp\/v2\/product\/8384?print=pdf\" class=\"pdfprnt-button pdfprnt-button-pdf\" target=\"_blank\"><span class=\"pdfprnt-button-title pdfprnt-button-pdf-title\">Descargar ficha<\/span><\/a><\/div>","protected":false},"excerpt":{"rendered":"<p>Descripci\u00f3n de la patente La t\u00e9cnica autom\u00e1tica y el m\u00e9todo para la medida continua de la velocidad del sonido y la densidad en l\u00edquidos y&hellip;<\/p>\n","protected":false},"featured_media":0,"template":"","meta":{"_acf_changed":false},"product_cat":[3946],"product_tag":[],"comunidades-upm":[],"quien":[],"mapa":[],"disponibilidad":[],"donde":[{"term_id":380,"name":"Investigaci\u00f3n en Instrumentaci\u00f3n y Ac\u00fastica Aplicada (I2A2)","slug":"investigacion-en-instrumentacion-y-acustica-aplicada-i2a2","term_group":0,"term_taxonomy_id":380,"taxonomy":"donde","description":"Desarrollamos nuestra actividad en <strong>diversos &aacute;mbitos de la Ac&uacute;stica y las TIC<\/strong>, en los que buscamos aportar nuestra experiencia en para contribuir a resolver algunos de los retos que afronta nuestra sociedad. Esta visi&oacute;n nos lleva trabajar <strong>en contacto permanente con empresas y administraciones<\/strong> buscando continuamente la transferencia de los resultados de nuestros trabajos, bien a trav&eacute;s de la transferencia de tecnolog&iacute;a o de conocimiento, u ofreciendo directamente servicios de valor a&ntilde;adido a la industria.&nbsp;&nbsp;\n&nbsp;\nNuestras <strong>l&iacute;neas de investigaci&oacute;n<\/strong> se pueden resumir en:\n\nRuido ambiental.\nAc&uacute;stica en la edificaci&oacute;n.\nControl de ruido y Vibraciones.\nRuido en el puesto del trabajo.\nTerapias Ac&uacute;sticas.\nSistemas de Adquisici&oacute;n de Datos Avanzados.\nEquipos Electr&oacute;nicos y sistemas Embebidos.\nMonitorizaci&oacute;n de Salud Estructural.\n","parent":0,"count":16,"filter":"raw","term_order":"0"}],"infraestructura":[],"ods":[],"origen":[{"term_id":180,"name":"Patente","slug":"patente","term_group":0,"term_taxonomy_id":180,"taxonomy":"origen","description":"","parent":0,"count":614,"filter":"raw","term_order":"0"}],"familia_tax":false,"quien_tax":false,"donde_tax":false,"year":"","contacto":"<strong>Principales: <\/strong><ul><li>SERGIO LOPEZ GREGORIO <blockquote><strong>sergio.lopez@upm.es<\/strong><\/blockquote><\/li><li>MARIANO RUIZ GONZALEZ <blockquote><strong>mariano.ruiz@upm.es<\/strong><\/blockquote><\/li><\/ul><strong>Otros inventores: <\/strong><ul><li>ElenaJunquera Gonzalez Universidad Complutense de Madrid (UCM)<\/li> <li>EmilioAicart Sospedra Universidad Complutense de Madrid (UCM)<\/li> <\/ul>","telefono":"","pagina_web":"","email":"","id_ficha_portal":"28","video":"","adjuntos":false,"adjuntos_portal":"","inf":false,"departamento":"","acf":[],"lang":"es","translation":{"es":8384},"_links":{"self":[{"href":"https:\/\/www.upm.es\/recursosidi\/wp-json\/wp\/v2\/product\/8384"}],"collection":[{"href":"https:\/\/www.upm.es\/recursosidi\/wp-json\/wp\/v2\/product"}],"about":[{"href":"https:\/\/www.upm.es\/recursosidi\/wp-json\/wp\/v2\/types\/product"}],"wp:attachment":[{"href":"https:\/\/www.upm.es\/recursosidi\/wp-json\/wp\/v2\/media?parent=8384"}],"wp:term":[{"taxonomy":"product_cat","embeddable":true,"href":"https:\/\/www.upm.es\/recursosidi\/wp-json\/wp\/v2\/product_cat?post=8384"},{"taxonomy":"product_tag","embeddable":true,"href":"https:\/\/www.upm.es\/recursosidi\/wp-json\/wp\/v2\/product_tag?post=8384"},{"taxonomy":"comunidad_upm","embeddable":true,"href":"https:\/\/www.upm.es\/recursosidi\/wp-json\/wp\/v2\/comunidades-upm?post=8384"},{"taxonomy":"quien","embeddable":true,"href":"https:\/\/www.upm.es\/recursosidi\/wp-json\/wp\/v2\/quien?post=8384"},{"taxonomy":"mapa","embeddable":true,"href":"https:\/\/www.upm.es\/recursosidi\/wp-json\/wp\/v2\/mapa?post=8384"},{"taxonomy":"disponibilidad","embeddable":true,"href":"https:\/\/www.upm.es\/recursosidi\/wp-json\/wp\/v2\/disponibilidad?post=8384"},{"taxonomy":"donde","embeddable":true,"href":"https:\/\/www.upm.es\/recursosidi\/wp-json\/wp\/v2\/donde?post=8384"},{"taxonomy":"infraestructura","embeddable":true,"href":"https:\/\/www.upm.es\/recursosidi\/wp-json\/wp\/v2\/infraestructura?post=8384"},{"taxonomy":"ods","embeddable":true,"href":"https:\/\/www.upm.es\/recursosidi\/wp-json\/wp\/v2\/ods?post=8384"},{"taxonomy":"origen","embeddable":true,"href":"https:\/\/www.upm.es\/recursosidi\/wp-json\/wp\/v2\/origen?post=8384"}],"curies":[{"name":"wp","href":"https:\/\/api.w.org\/{rel}","templated":true}]}}